{"id":63489,"date":"2025-02-17T13:35:33","date_gmt":"2025-02-17T13:35:33","guid":{"rendered":"https:\/\/mexpo.pl?post_type=product&#038;p=63489"},"modified":"2025-02-17T15:05:35","modified_gmt":"2025-02-17T15:05:35","slug":"schwammhygiene-abdeckungen-fur-mikrofon-100-st-2","status":"publish","type":"product","link":"https:\/\/mexpo.eu\/de\/produkt\/schwammhygiene-abdeckungen-fur-mikrofon-100-st-2\/","title":{"rendered":"Schwammhygiene-abdeckungen f\u00fcr mikrofon (100 st.)"},"content":{"rendered":"<p>Aus dickem Schwamm. Erh\u00e4ltlich in schwarz. Sie passen auf ein handels\u00fcbliches Handmikrofon mit einer Kopfgr\u00f6\u00dfe von ca. 4 x 5-6 cm.<\/p>\n","protected":false},"excerpt":{"rendered":"<p>Hygienische Mikrofonabdeckungen aus dickem Schwamm. Geeignet f\u00fcr die Verwendung mit einem Standard-Handmikrofon, Kopfgr\u00f6\u00dfe ca. 4 x 5\u20136 cm.<\/p>\n","protected":false},"featured_media":48764,"template":"","meta":{"_acf_changed":false},"product_brand":[],"product_cat":[5924],"product_tag":[],"class_list":{"0":"post-63489","1":"product","2":"type-product","3":"status-publish","4":"has-post-thumbnail","6":"product_cat-hygiene-de","8":"first","9":"instock","10":"taxable","11":"shipping-taxable","12":"purchasable","13":"product-type-simple"},"acf":[],"_links":{"self":[{"href":"https:\/\/mexpo.eu\/de\/wp-json\/wp\/v2\/product\/63489","targetHints":{"allow":["GET"]}}],"collection":[{"href":"https:\/\/mexpo.eu\/de\/wp-json\/wp\/v2\/product"}],"about":[{"href":"https:\/\/mexpo.eu\/de\/wp-json\/wp\/v2\/types\/product"}],"wp:featuredmedia":[{"embeddable":true,"href":"https:\/\/mexpo.eu\/de\/wp-json\/wp\/v2\/media\/48764"}],"wp:attachment":[{"href":"https:\/\/mexpo.eu\/de\/wp-json\/wp\/v2\/media?parent=63489"}],"wp:term":[{"taxonomy":"product_brand","embeddable":true,"href":"https:\/\/mexpo.eu\/de\/wp-json\/wp\/v2\/product_brand?post=63489"},{"taxonomy":"product_cat","embeddable":true,"href":"https:\/\/mexpo.eu\/de\/wp-json\/wp\/v2\/product_cat?post=63489"},{"taxonomy":"product_tag","embeddable":true,"href":"https:\/\/mexpo.eu\/de\/wp-json\/wp\/v2\/product_tag?post=63489"}],"curies":[{"name":"wp","href":"https:\/\/api.w.org\/{rel}","templated":true}]}}