{"id":63451,"date":"2025-02-17T13:35:13","date_gmt":"2025-02-17T13:35:13","guid":{"rendered":"https:\/\/mexpo.pl?post_type=product&#038;p=63451"},"modified":"2025-02-17T15:05:27","modified_gmt":"2025-02-17T15:05:27","slug":"hygienische-kappen-fur-mikrofon-100-st","status":"publish","type":"product","link":"https:\/\/mexpo.eu\/de\/produkt\/hygienische-kappen-fur-mikrofon-100-st\/","title":{"rendered":"Hygienische kappen f\u00fcr mikrofon (100 st.)"},"content":{"rendered":"<p>Hergestellt aus einem speziellen Vliesmaterial. Erh\u00e4ltlich in schwarz und gelb. Sie passen auf ein Standard-Handmikrofon mit einer Kopfgr\u00f6\u00dfe von ca. 4 x 5-6 cm.<\/p>\n","protected":false},"excerpt":{"rendered":"<p>Einweg-Mikrofonabdeckungen sorgen f\u00fcr maximale Hygiene bei der Verwendung. Aus faserfreiem Vlies.<\/p>\n","protected":false},"featured_media":48595,"template":"","meta":{"_acf_changed":false},"product_brand":[],"product_cat":[5924],"product_tag":[],"class_list":{"0":"post-63451","1":"product","2":"type-product","3":"status-publish","4":"has-post-thumbnail","6":"product_cat-hygiene-de","8":"first","9":"instock","10":"taxable","11":"shipping-taxable","12":"purchasable","13":"product-type-variable"},"acf":[],"_links":{"self":[{"href":"https:\/\/mexpo.eu\/de\/wp-json\/wp\/v2\/product\/63451","targetHints":{"allow":["GET"]}}],"collection":[{"href":"https:\/\/mexpo.eu\/de\/wp-json\/wp\/v2\/product"}],"about":[{"href":"https:\/\/mexpo.eu\/de\/wp-json\/wp\/v2\/types\/product"}],"wp:featuredmedia":[{"embeddable":true,"href":"https:\/\/mexpo.eu\/de\/wp-json\/wp\/v2\/media\/48595"}],"wp:attachment":[{"href":"https:\/\/mexpo.eu\/de\/wp-json\/wp\/v2\/media?parent=63451"}],"wp:term":[{"taxonomy":"product_brand","embeddable":true,"href":"https:\/\/mexpo.eu\/de\/wp-json\/wp\/v2\/product_brand?post=63451"},{"taxonomy":"product_cat","embeddable":true,"href":"https:\/\/mexpo.eu\/de\/wp-json\/wp\/v2\/product_cat?post=63451"},{"taxonomy":"product_tag","embeddable":true,"href":"https:\/\/mexpo.eu\/de\/wp-json\/wp\/v2\/product_tag?post=63451"}],"curies":[{"name":"wp","href":"https:\/\/api.w.org\/{rel}","templated":true}]}}