{"id":63422,"date":"2025-02-17T13:34:53","date_gmt":"2025-02-17T13:34:53","guid":{"rendered":"https:\/\/mexpo.pl?post_type=product&#038;p=63422"},"modified":"2025-02-17T15:05:19","modified_gmt":"2025-02-17T15:05:19","slug":"eqs-4-11-bidirektionales-halbduplex-kommunikationsset-fur-reiter-und-reitlehrer","status":"publish","type":"product","link":"https:\/\/mexpo.eu\/de\/produkt\/eqs-4-11-bidirektionales-halbduplex-kommunikationsset-fur-reiter-und-reitlehrer\/","title":{"rendered":"EQS-4 (1+1) \u2013 bidirektionales Halbduplex-Kommunikationsset f\u00fcr Reiter und Reitlehrer"},"content":{"rendered":"<p>Effiziente Kommunikation ist beim Training immer wichtig, auch beim Reiten. Unser Set, das auf der bidirektionalen Halbduplex-Sprechanlage GST-G2 basiert, erm\u00f6glicht es dem Reitsch\u00fcler, mit seinem Trainer \u00fcber die gr\u00f6\u00dfte Entfernung aller unserer Sets zu sprechen &#8211; sogar bis zu 2 km im Freien. Die PTT-Kommunikation (Push-to-Talk) vereinfacht zus\u00e4tzlich weitere Gespr\u00e4che sowohl des Trainers wie auch des Reitsch\u00fclers; sie werden nicht \u00fcbertragen, wenn die Taste losgelassen wird.<\/p>\n<p>Inhalt des Sets:<br \/>\n&#8211; 2 x Radio GST G2<br \/>\n&#8211; 2 x Headset GST-E007 or GST-FBI<br \/>\n&#8211; 2 x SPORT Universalband<\/p>\n","protected":false},"excerpt":{"rendered":"<p>Set aus zwei Interkom-Einheiten f\u00fcr den Reitunterricht mit Kopfh\u00f6rern und bequemem Band als Softbag.<\/p>\n","protected":false},"featured_media":51551,"template":"","meta":{"_acf_changed":false},"product_brand":[],"product_cat":[5961,5947],"product_tag":[],"class_list":{"0":"post-63422","1":"product","2":"type-product","3":"status-publish","4":"has-post-thumbnail","6":"product_cat-mguide-gst-de","7":"product_cat-sprechanlagen-fuer-reitsportaktivitaeten","9":"first","10":"instock","11":"taxable","12":"shipping-taxable","13":"purchasable","14":"product-type-simple"},"acf":[],"_links":{"self":[{"href":"https:\/\/mexpo.eu\/de\/wp-json\/wp\/v2\/product\/63422","targetHints":{"allow":["GET"]}}],"collection":[{"href":"https:\/\/mexpo.eu\/de\/wp-json\/wp\/v2\/product"}],"about":[{"href":"https:\/\/mexpo.eu\/de\/wp-json\/wp\/v2\/types\/product"}],"wp:featuredmedia":[{"embeddable":true,"href":"https:\/\/mexpo.eu\/de\/wp-json\/wp\/v2\/media\/51551"}],"wp:attachment":[{"href":"https:\/\/mexpo.eu\/de\/wp-json\/wp\/v2\/media?parent=63422"}],"wp:term":[{"taxonomy":"product_brand","embeddable":true,"href":"https:\/\/mexpo.eu\/de\/wp-json\/wp\/v2\/product_brand?post=63422"},{"taxonomy":"product_cat","embeddable":true,"href":"https:\/\/mexpo.eu\/de\/wp-json\/wp\/v2\/product_cat?post=63422"},{"taxonomy":"product_tag","embeddable":true,"href":"https:\/\/mexpo.eu\/de\/wp-json\/wp\/v2\/product_tag?post=63422"}],"curies":[{"name":"wp","href":"https:\/\/api.w.org\/{rel}","templated":true}]}}