{"id":63387,"date":"2025-02-17T13:34:11","date_gmt":"2025-02-17T13:34:11","guid":{"rendered":"https:\/\/mexpo.pl?post_type=product&#038;p=63387"},"modified":"2025-02-17T15:04:58","modified_gmt":"2025-02-17T15:04:58","slug":"okayo-otg-102-set-502","status":"publish","type":"product","link":"https:\/\/mexpo.eu\/de\/produkt\/okayo-otg-102-set-502\/","title":{"rendered":"Okayo OTG-102-Set (50+2)"},"content":{"rendered":"<p>Ein Set bestehend aus OTG-102-Empf\u00e4ngern (50 St\u00fcck) und Sendern (2 St\u00fcck), hergestellt im Jahr 2023 und in der Sommersaison 2023 von einem Kunden verwendet.<\/p>\n<p>Garantie &#8211; 2 Jahre.<\/p>\n<p>Das Set beinhaltet NICHT:<br \/>\n&#8211; Kopfh\u00f6rer<br \/>\n&#8211; Mikrofone<br \/>\n&#8211; Batterien\/Akkus-Ladeger\u00e4te<br \/>\n&#8211; Leine<br \/>\n&#8211; Tasche\/Koffer<\/p>\n<p><strong>Anwendungsbereich:<\/strong><\/p>\n<ul>\n<li>F\u00fchrungen und organisierte Reisegruppen<\/li>\n<li>Kommunikation mit der Gruppe in einer lauten Umgebung<\/li>\n<li>Schulungen<\/li>\n<li>Simultandolmetschen<\/li>\n<li>Konferenzen und Vortr\u00e4ge<\/li>\n<li>Training<\/li>\n<\/ul>\n<p><strong>Eigenschaften des Okayo OTG-102 mGuide\u24c7:<\/strong><\/p>\n<ul>\n<li>4GFSK digitale Modulations\u00fcbertragung mit Rauschunterdr\u00fcckungstechnologie<\/li>\n<li>aktive dynamische Rauschunterdr\u00fcckung und ihre Einstellung durch den Anwender<\/li>\n<li>42 Kan\u00e4le in den Frequenzb\u00e4ndern 823 MHz ~ 832 MHz und 865 MHz ~ 863 MHz sowie US-Frequenzband<\/li>\n<li>Senden von zwei Sendern gleichzeitig auf demselben Kanal<\/li>\n<li>\u00fcber 100 Meter Reichweite<\/li>\n<li>\u00fcber 40 Stunden Empf\u00e4ngerbetrieb mit einer Stromversorgung &#8211; 2x AA Alkaline 1,5V \/ 2x AA Ni-MH 1,2V<\/li>\n<li>Sender und Empf\u00e4nger k\u00f6nnen mit einer AA-Batterie\/Akku betrieben werden<\/li>\n<li>automatische Synchronisierung und Kopplung von Empf\u00e4ngern mit dem Sender und st\u00f6rungsfreie Kanalsuchfunktion<\/li>\n<li>Auswahl ausschlie\u00dflich von Simultankan\u00e4len &#8211; Option f\u00fcr Dolmetscher und mehrere Gruppen in demselben Bereich<\/li>\n<li>3 Gruppenverwaltungsmodi: Alarm, Roll-Call, Out-of-Range Alarm<\/li>\n<li>Option zur schnellen Deaktivierung von Empf\u00e4ngern &#8211; beim Ausschalten des Senders werden die gepaarten Empf\u00e4nger sofort deaktiviert<\/li>\n<li>3,5-mm-Stereo-Aux-In-Anschluss am Sender mit Audio-Priorit\u00e4tsoption<\/li>\n<li>Hilfsmittel f\u00fcr Menschen mit Behinderungen &#8211; OLED-Display bei Sendern und HAC bei Empf\u00e4ngern<\/li>\n<\/ul>\n","protected":false},"excerpt":{"rendered":"<p>OTG-102 Tourguide-Set bestehend aus 2 Sendern und 50 Empf\u00e4ngern. Produziert im Jahr 2023. Nur von 1 Kunden verwendet.<\/p>\n","protected":false},"featured_media":51417,"template":"","meta":{"_acf_changed":false},"product_brand":[],"product_cat":[5930],"product_tag":[],"class_list":{"0":"post-63387","1":"product","2":"type-product","3":"status-publish","4":"has-post-thumbnail","6":"product_cat-outlet-de","8":"first","9":"instock","10":"taxable","11":"shipping-taxable","12":"purchasable","13":"product-type-simple"},"acf":[],"_links":{"self":[{"href":"https:\/\/mexpo.eu\/de\/wp-json\/wp\/v2\/product\/63387","targetHints":{"allow":["GET"]}}],"collection":[{"href":"https:\/\/mexpo.eu\/de\/wp-json\/wp\/v2\/product"}],"about":[{"href":"https:\/\/mexpo.eu\/de\/wp-json\/wp\/v2\/types\/product"}],"wp:featuredmedia":[{"embeddable":true,"href":"https:\/\/mexpo.eu\/de\/wp-json\/wp\/v2\/media\/51417"}],"wp:attachment":[{"href":"https:\/\/mexpo.eu\/de\/wp-json\/wp\/v2\/media?parent=63387"}],"wp:term":[{"taxonomy":"product_brand","embeddable":true,"href":"https:\/\/mexpo.eu\/de\/wp-json\/wp\/v2\/product_brand?post=63387"},{"taxonomy":"product_cat","embeddable":true,"href":"https:\/\/mexpo.eu\/de\/wp-json\/wp\/v2\/product_cat?post=63387"},{"taxonomy":"product_tag","embeddable":true,"href":"https:\/\/mexpo.eu\/de\/wp-json\/wp\/v2\/product_tag?post=63387"}],"curies":[{"name":"wp","href":"https:\/\/api.w.org\/{rel}","templated":true}]}}