{"id":63379,"date":"2025-02-17T13:34:11","date_gmt":"2025-02-17T13:34:11","guid":{"rendered":"https:\/\/mexpo.pl?post_type=product&#038;p=63379"},"modified":"2025-02-17T15:04:56","modified_gmt":"2025-02-17T15:04:56","slug":"velo-1-11-bidirektionales-halbduplex-kommunikationsset-fur-radwanderfuhrer","status":"publish","type":"product","link":"https:\/\/mexpo.eu\/de\/produkt\/velo-1-11-bidirektionales-halbduplex-kommunikationsset-fur-radwanderfuhrer\/","title":{"rendered":"VELO-1 (1+1) &#8211; bidirektionales Halbduplex-Kommunikationsset f\u00fcr Radwanderf\u00fchrer"},"content":{"rendered":"<p>Der Set der Zwei VELO-1 Interkom-Einheiten ist die Trauml\u00f6sung f\u00fcr Radtourunternehmen, wobei der Leiter der Radfahrergruppe mit dem Piloten am Ende der Gruppe im st\u00e4ndigen Kontakt sein muss. Der Set st\u00fctzt sich auf dem Interkom mGuide GST-G3, mit zwei Kilometer Reichweite, wobei den Leitern der Radfahrgruppe endlose Freiheit im Freien gew\u00e4hrleistet wird, und wobei die Koordination sogar einer sehr lang gestreckten Gruppe m\u00f6glich ist. <\/p>\n<p>Das Set enth\u00e4lt:<br \/>\n&#8211; Radio GST G2 &#8211; 2 St\u00fcck<br \/>\n&#8211; Headset (GST-E007 or GST-FBI) &#8211; 2 St\u00fcck<br \/>\n&#8211; SPORT Universalband &#8211; 2 St\u00fcck<\/p>\n","protected":false},"excerpt":{"rendered":"<p>Set aus zwei Interkom-Einheiten f\u00fcr die Kommunikation beim Radfahren, mit Headsets und komfortablen B\u00e4ndern als Softbags.<\/p>\n","protected":false},"featured_media":51411,"template":"","meta":{"_acf_changed":false},"product_brand":[],"product_cat":[5972],"product_tag":[],"class_list":{"0":"post-63379","1":"product","2":"type-product","3":"status-publish","4":"has-post-thumbnail","6":"product_cat-sprechanlagen-fuer-den-radsport","8":"first","9":"instock","10":"taxable","11":"shipping-taxable","12":"purchasable","13":"product-type-simple"},"acf":[],"_links":{"self":[{"href":"https:\/\/mexpo.eu\/de\/wp-json\/wp\/v2\/product\/63379","targetHints":{"allow":["GET"]}}],"collection":[{"href":"https:\/\/mexpo.eu\/de\/wp-json\/wp\/v2\/product"}],"about":[{"href":"https:\/\/mexpo.eu\/de\/wp-json\/wp\/v2\/types\/product"}],"wp:featuredmedia":[{"embeddable":true,"href":"https:\/\/mexpo.eu\/de\/wp-json\/wp\/v2\/media\/51411"}],"wp:attachment":[{"href":"https:\/\/mexpo.eu\/de\/wp-json\/wp\/v2\/media?parent=63379"}],"wp:term":[{"taxonomy":"product_brand","embeddable":true,"href":"https:\/\/mexpo.eu\/de\/wp-json\/wp\/v2\/product_brand?post=63379"},{"taxonomy":"product_cat","embeddable":true,"href":"https:\/\/mexpo.eu\/de\/wp-json\/wp\/v2\/product_cat?post=63379"},{"taxonomy":"product_tag","embeddable":true,"href":"https:\/\/mexpo.eu\/de\/wp-json\/wp\/v2\/product_tag?post=63379"}],"curies":[{"name":"wp","href":"https:\/\/api.w.org\/{rel}","templated":true}]}}