{"id":63338,"date":"2025-02-17T13:33:47","date_gmt":"2025-02-17T13:33:47","guid":{"rendered":"https:\/\/mexpo.pl?post_type=product&#038;p=63338"},"modified":"2025-06-26T11:09:30","modified_gmt":"2025-06-26T11:09:30","slug":"personalisierte-umhangebander","status":"publish","type":"product","link":"https:\/\/mexpo.eu\/de\/produkt\/personalisierte-umhangebander\/","title":{"rendered":"Personalisierte Umh\u00e4ngeb\u00e4nder"},"content":{"rendered":"<p>Neben ihrer Grundfunktion, die Ausr\u00fcstung vor St\u00fcrzen zu sch\u00fctzen, dienen Lanyards auch als tolle Werbung oder einfach als individuelle Kennzeichnung des gekauften Reisef\u00fchrer-Sets.<\/p>\n<p>Das Schl\u00fcsselband besteht aus k\u00fcnstlichem Stoff und ist mit einer abnehmbaren Schnalle mit sogenannten Whiskers (einer Schlaufe zum Befestigen des Ger\u00e4ts) versehen. 3 Leinenbreiten zur Auswahl.<\/p>\n<p>Der Aufdruck auf dem Schl\u00fcsselband kann doppelseitig oder einseitig erfolgen.<\/p>\n","protected":false},"excerpt":{"rendered":"<p>W\u00e4hlen Sie personalisierte Schl\u00fcsselb\u00e4nder, wenn das von Ihnen erworbene Set sowohl als Schaufenster als auch als Werbung f\u00fcr Ihr Unternehmen dienen soll oder Sie Ihre Gruppe einfach aus der Masse hervorheben m\u00f6chten.<\/p>\n<p>Sie k\u00f6nnen das Schl\u00fcsselband mit Ihrem eigenen Aufdruck versehen und dessen Farbe und Breite ausw\u00e4hlen.<\/p>\n[contact-form-7 id=\"3112e65\" title=\"Smycze personalizowane\"]\n","protected":false},"featured_media":51296,"template":"","meta":{"_acf_changed":false},"product_brand":[],"product_cat":[5924,5992],"product_tag":[],"class_list":{"0":"post-63338","1":"product","2":"type-product","3":"status-publish","4":"has-post-thumbnail","6":"product_cat-hygiene-de","7":"product_cat-umhaengebaender","9":"first","10":"onbackorder","11":"taxable","12":"shipping-taxable","13":"product-type-simple"},"acf":[],"_links":{"self":[{"href":"https:\/\/mexpo.eu\/de\/wp-json\/wp\/v2\/product\/63338","targetHints":{"allow":["GET"]}}],"collection":[{"href":"https:\/\/mexpo.eu\/de\/wp-json\/wp\/v2\/product"}],"about":[{"href":"https:\/\/mexpo.eu\/de\/wp-json\/wp\/v2\/types\/product"}],"wp:featuredmedia":[{"embeddable":true,"href":"https:\/\/mexpo.eu\/de\/wp-json\/wp\/v2\/media\/51296"}],"wp:attachment":[{"href":"https:\/\/mexpo.eu\/de\/wp-json\/wp\/v2\/media?parent=63338"}],"wp:term":[{"taxonomy":"product_brand","embeddable":true,"href":"https:\/\/mexpo.eu\/de\/wp-json\/wp\/v2\/product_brand?post=63338"},{"taxonomy":"product_cat","embeddable":true,"href":"https:\/\/mexpo.eu\/de\/wp-json\/wp\/v2\/product_cat?post=63338"},{"taxonomy":"product_tag","embeddable":true,"href":"https:\/\/mexpo.eu\/de\/wp-json\/wp\/v2\/product_tag?post=63338"}],"curies":[{"name":"wp","href":"https:\/\/api.w.org\/{rel}","templated":true}]}}