{"id":63331,"date":"2025-02-17T13:33:46","date_gmt":"2025-02-17T13:33:46","guid":{"rendered":"https:\/\/mexpo.pl?post_type=product&#038;p=63331"},"modified":"2025-02-17T15:04:25","modified_gmt":"2025-02-17T15:04:25","slug":"tragetasche-tb-tk-12","status":"publish","type":"product","link":"https:\/\/mexpo.eu\/de\/produkt\/tragetasche-tb-tk-12\/","title":{"rendered":"Tragetasche TB-TK-12"},"content":{"rendered":"<p>Umh\u00e4ngetasche f\u00fcr das C12 (WaveTalk) -Ladeger\u00e4t.<\/p>\n","protected":false},"excerpt":{"rendered":"<p>Umh\u00e4ngetasche f\u00fcr das C12 (WaveTalk) -Ladeger\u00e4t.<\/p>\n","protected":false},"featured_media":51269,"template":"","meta":{"_acf_changed":false},"product_brand":[],"product_cat":[5999],"product_tag":[],"class_list":{"0":"post-63331","1":"product","2":"type-product","3":"status-publish","4":"has-post-thumbnail","6":"product_cat-taschen-und-transportkoffer-de","8":"first","9":"instock","10":"taxable","11":"shipping-taxable","12":"purchasable","13":"product-type-simple"},"acf":[],"_links":{"self":[{"href":"https:\/\/mexpo.eu\/de\/wp-json\/wp\/v2\/product\/63331","targetHints":{"allow":["GET"]}}],"collection":[{"href":"https:\/\/mexpo.eu\/de\/wp-json\/wp\/v2\/product"}],"about":[{"href":"https:\/\/mexpo.eu\/de\/wp-json\/wp\/v2\/types\/product"}],"wp:featuredmedia":[{"embeddable":true,"href":"https:\/\/mexpo.eu\/de\/wp-json\/wp\/v2\/media\/51269"}],"wp:attachment":[{"href":"https:\/\/mexpo.eu\/de\/wp-json\/wp\/v2\/media?parent=63331"}],"wp:term":[{"taxonomy":"product_brand","embeddable":true,"href":"https:\/\/mexpo.eu\/de\/wp-json\/wp\/v2\/product_brand?post=63331"},{"taxonomy":"product_cat","embeddable":true,"href":"https:\/\/mexpo.eu\/de\/wp-json\/wp\/v2\/product_cat?post=63331"},{"taxonomy":"product_tag","embeddable":true,"href":"https:\/\/mexpo.eu\/de\/wp-json\/wp\/v2\/product_tag?post=63331"}],"curies":[{"name":"wp","href":"https:\/\/api.w.org\/{rel}","templated":true}]}}