{"id":63317,"date":"2025-02-17T13:33:24","date_gmt":"2025-02-17T13:33:24","guid":{"rendered":"https:\/\/mexpo.pl?post_type=product&#038;p=63317"},"modified":"2025-02-17T15:04:17","modified_gmt":"2025-02-17T15:04:17","slug":"tragetasche-tb-me-12","status":"publish","type":"product","link":"https:\/\/mexpo.eu\/de\/produkt\/tragetasche-tb-me-12\/","title":{"rendered":"Tragetasche TB-ME-12"},"content":{"rendered":"<p>Umh\u00e4ngetasche f\u00fcr das C111 (EarMe) -Ladeger\u00e4t.<\/p>\n","protected":false},"excerpt":{"rendered":"<p>Umh\u00e4ngetasche f\u00fcr das C111 (EarMe) -Ladeger\u00e4t.<\/p>\n","protected":false},"featured_media":51245,"template":"","meta":{"_acf_changed":false},"product_brand":[],"product_cat":[5999],"product_tag":[],"class_list":{"0":"post-63317","1":"product","2":"type-product","3":"status-publish","4":"has-post-thumbnail","6":"product_cat-taschen-und-transportkoffer-de","8":"first","9":"instock","10":"taxable","11":"shipping-taxable","12":"purchasable","13":"product-type-simple"},"acf":[],"_links":{"self":[{"href":"https:\/\/mexpo.eu\/de\/wp-json\/wp\/v2\/product\/63317","targetHints":{"allow":["GET"]}}],"collection":[{"href":"https:\/\/mexpo.eu\/de\/wp-json\/wp\/v2\/product"}],"about":[{"href":"https:\/\/mexpo.eu\/de\/wp-json\/wp\/v2\/types\/product"}],"wp:featuredmedia":[{"embeddable":true,"href":"https:\/\/mexpo.eu\/de\/wp-json\/wp\/v2\/media\/51245"}],"wp:attachment":[{"href":"https:\/\/mexpo.eu\/de\/wp-json\/wp\/v2\/media?parent=63317"}],"wp:term":[{"taxonomy":"product_brand","embeddable":true,"href":"https:\/\/mexpo.eu\/de\/wp-json\/wp\/v2\/product_brand?post=63317"},{"taxonomy":"product_cat","embeddable":true,"href":"https:\/\/mexpo.eu\/de\/wp-json\/wp\/v2\/product_cat?post=63317"},{"taxonomy":"product_tag","embeddable":true,"href":"https:\/\/mexpo.eu\/de\/wp-json\/wp\/v2\/product_tag?post=63317"}],"curies":[{"name":"wp","href":"https:\/\/api.w.org\/{rel}","templated":true}]}}