{"id":63256,"date":"2025-02-17T13:32:14","date_gmt":"2025-02-17T13:32:14","guid":{"rendered":"https:\/\/mexpo.pl?post_type=product&#038;p=63256"},"modified":"2025-02-17T15:03:45","modified_gmt":"2025-02-17T15:03:45","slug":"okayo-c111-ladegerat","status":"publish","type":"product","link":"https:\/\/mexpo.eu\/de\/produkt\/okayo-c111-ladegerat\/","title":{"rendered":"Okayo C111 Ladeger\u00e4t"},"content":{"rendered":"<p>Drop-in-Ladeger\u00e4t f\u00fcr 11 EarMe-Empf\u00e4nger und 1 Sender.<\/p>\n","protected":false},"excerpt":{"rendered":"<p>Drop-in-Ladeger\u00e4t f\u00fcr 11 EarMe-Empf\u00e4nger und 1 Sender.<\/p>\n","protected":false},"featured_media":51089,"template":"","meta":{"_acf_changed":false},"product_brand":[],"product_cat":[6000],"product_tag":[],"class_list":{"0":"post-63256","1":"product","2":"type-product","3":"status-publish","4":"has-post-thumbnail","6":"product_cat-ladegeraete","8":"first","9":"instock","10":"taxable","11":"shipping-taxable","12":"purchasable","13":"product-type-simple"},"acf":[],"_links":{"self":[{"href":"https:\/\/mexpo.eu\/de\/wp-json\/wp\/v2\/product\/63256","targetHints":{"allow":["GET"]}}],"collection":[{"href":"https:\/\/mexpo.eu\/de\/wp-json\/wp\/v2\/product"}],"about":[{"href":"https:\/\/mexpo.eu\/de\/wp-json\/wp\/v2\/types\/product"}],"wp:featuredmedia":[{"embeddable":true,"href":"https:\/\/mexpo.eu\/de\/wp-json\/wp\/v2\/media\/51089"}],"wp:attachment":[{"href":"https:\/\/mexpo.eu\/de\/wp-json\/wp\/v2\/media?parent=63256"}],"wp:term":[{"taxonomy":"product_brand","embeddable":true,"href":"https:\/\/mexpo.eu\/de\/wp-json\/wp\/v2\/product_brand?post=63256"},{"taxonomy":"product_cat","embeddable":true,"href":"https:\/\/mexpo.eu\/de\/wp-json\/wp\/v2\/product_cat?post=63256"},{"taxonomy":"product_tag","embeddable":true,"href":"https:\/\/mexpo.eu\/de\/wp-json\/wp\/v2\/product_tag?post=63256"}],"curies":[{"name":"wp","href":"https:\/\/api.w.org\/{rel}","templated":true}]}}