{"id":63215,"date":"2025-02-17T13:32:12","date_gmt":"2025-02-17T13:32:12","guid":{"rendered":"https:\/\/mexpo.pl?post_type=product&#038;p=63215"},"modified":"2025-02-17T15:03:18","modified_gmt":"2025-02-17T15:03:18","slug":"personenfuhrungssystem-okayo-earme-sender","status":"publish","type":"product","link":"https:\/\/mexpo.eu\/de\/produkt\/personenfuhrungssystem-okayo-earme-sender\/","title":{"rendered":"Personenf\u00fchrungssystem &#8211; Okayo EarMe Sender"},"content":{"rendered":"<p>Das Okayo EarMe-System ist eine moderne Touristenf\u00fchrungs-Anlage, die sehr einfach zu handhaben ist. G\u00e4be es bei den Lautsprechern die Lautst\u00e4rkeanpassung nicht, so k\u00f6nnte man sagen, dass das Modell vollst\u00e4ndig ohne Bedienung betrieben wird.<\/p>\n<p>Neben der sehr einfachen Bedienung besteht ein klarer Vorteil des EarMe-Empf\u00e4ngers in der Drahtlosigkeit, und zwar geht es um das Fehlen des drahtverbundenen Kopfh\u00f6rers, der mit einer spezifischen Buchse zu verbinden w\u00e4re. Bei der Bedienung des EarMe-Systems brauchen Sie sich keine Sorgen um den Kauf von Kopfh\u00f6rern f\u00fcr den Empf\u00e4nger machen. Keine Kabelkn\u00e4uel, keine verlorenen Kopfh\u00f6rer und keine Notwendigkeit der Vorbereitung einer entsprechenden Zahl von Einweg-Kopfh\u00f6rern.<\/p>\n<p>Dies ist das erste Modell des Okayo-Touristenf\u00fchrungssystems, bei welchem der Empf\u00e4nger die Form eines H\u00f6rers annimmt. Der H\u00f6rer kann wahlweise auf dem linken oder rechten Ohr getragen werden. Die Anlage ist robust, leicht, widerstandsf\u00e4hig und einfach zu desinfizieren. Der EarMe-Empf\u00e4nger kann zusammen mit der Einweg-Hygieneh\u00fclle NHS-55 eingesetzt werden.<br \/>\nDer Empf\u00e4nger verf\u00fcgt \u00fcber nur zwei Tasten, die sowohl f\u00fcr das Ein- und Ausschalten wie f\u00fcr die Lautst\u00e4rkeanpassung verwendet werden.<\/p>\n<p>Wenn der Sender das erste Mal hochgefahren wird, wird es mit Empf\u00e4ngern gepaart. Weitere Empf\u00e4nge k\u00f6nnen beim Betrieb hinzu gepaart werden. Wenn die Einheiten ausgeschaltet werden, speichert das System die gepaarte Gruppe. Der Sender erm\u00f6glicht fern gesteuerte \u00c4nderung der Kanalwahl bei allen gepaarten Empf\u00e4ngern, wobei diese Operation vom Benutzer v\u00f6llig unabh\u00e4ngig erfolgt. Nachdem der Sender ausgeschaltet wird, schalten sich die Empf\u00e4nger selbstt\u00e4tig innerhalb von wenigen Minuten aus.<\/p>\n<p>Eigenschaften des Modells:<\/p>\n<ul>\n<li>Empf\u00e4nger in der Form eines drahtlosen H\u00f6rers<\/li>\n<li>Reichweite: 80 Meter<\/li>\n<li>Betriebszeit: mind. 10 Stunden<\/li>\n<li>Empf\u00e4nger mit integriertem H\u00f6rer, der alternativ auf dem rechten oder linken Ohr getragen wird<\/li>\n<li>Einfache Desinfektion des Empf\u00e4ngers<\/li>\n<li>Bedienung des Empf\u00e4ngers \u00fcber zwei Tasten<\/li>\n<li>Einfache, automatische Paarung mit dem Sender<\/li>\n<li>Ausschalten verursacht keine Entpaarung<\/li>\n<li>M\u00f6glichkeit der \u00dcberpr\u00fcfung des Batteriezustands beim ausgeschalteten Ger\u00e4t<\/li>\n<li>Leichte Ladeger\u00e4te mit magnetischen Kontakten f\u00fcr die Schnellladung<\/li>\n<li>Leichtestes Empfangsger\u00e4t in der Geschichte \u2013 nur 20 Gramm!<\/li>\n<\/ul>\n<p>Ladeger\u00e4te:<\/p>\n<ul>\n<li>Okayo C111 \u2013 Ladeschale f\u00fcr 11 EarMe-Empf\u00e4nger und ein Sendeger\u00e4t<\/li>\n<li>Okayo C222 \u2013 Ladeschale f\u00fcr 22 EarMe-Empf\u00e4nger und zwei Sendeger\u00e4te<\/li>\n<li>Okayo CHG-111 \u2013 Tasche mit Ladeschale f\u00fcr 11 EarMe-Empf\u00e4nger und einem Sendeger\u00e4t<\/li>\n<li>Okayo CHG-222 \u2013 Tasche mit Ladeschale f\u00fcr 22 EarMe-Empf\u00e4nger und zwei Sendeger\u00e4ten<\/li>\n<\/ul>\n","protected":false},"excerpt":{"rendered":"<p>Okayo EarMe ist ein ultraleichtes Tourguidesystem f\u00fcr den professionellen Einsatz im Tourismus und Gesch\u00e4ftsbereich. Das EarMe zeichnet sich durch den kleinsten im Ohrh\u00f6rer integrierten Empf\u00e4nger aus.<\/p>\n","protected":false},"featured_media":51077,"template":"","meta":{"_acf_changed":false},"product_brand":[],"product_cat":[5990],"product_tag":[],"class_list":{"0":"post-63215","1":"product","2":"type-product","3":"status-publish","4":"has-post-thumbnail","6":"product_cat-sender-und-empfaenger","8":"first","9":"instock","10":"taxable","11":"shipping-taxable","12":"purchasable","13":"product-type-simple"},"acf":[],"_links":{"self":[{"href":"https:\/\/mexpo.eu\/de\/wp-json\/wp\/v2\/product\/63215","targetHints":{"allow":["GET"]}}],"collection":[{"href":"https:\/\/mexpo.eu\/de\/wp-json\/wp\/v2\/product"}],"about":[{"href":"https:\/\/mexpo.eu\/de\/wp-json\/wp\/v2\/types\/product"}],"wp:featuredmedia":[{"embeddable":true,"href":"https:\/\/mexpo.eu\/de\/wp-json\/wp\/v2\/media\/51077"}],"wp:attachment":[{"href":"https:\/\/mexpo.eu\/de\/wp-json\/wp\/v2\/media?parent=63215"}],"wp:term":[{"taxonomy":"product_brand","embeddable":true,"href":"https:\/\/mexpo.eu\/de\/wp-json\/wp\/v2\/product_brand?post=63215"},{"taxonomy":"product_cat","embeddable":true,"href":"https:\/\/mexpo.eu\/de\/wp-json\/wp\/v2\/product_cat?post=63215"},{"taxonomy":"product_tag","embeddable":true,"href":"https:\/\/mexpo.eu\/de\/wp-json\/wp\/v2\/product_tag?post=63215"}],"curies":[{"name":"wp","href":"https:\/\/api.w.org\/{rel}","templated":true}]}}