{"id":63205,"date":"2025-02-17T13:17:06","date_gmt":"2025-02-17T13:17:06","guid":{"rendered":"https:\/\/mexpo.pl?post_type=product&#038;p=63205"},"modified":"2026-02-20T13:12:33","modified_gmt":"2026-02-20T12:12:33","slug":"axiwi-at-350-zehn-einheiten-mit-zusatzausstattung-drahtloses-vollduplex-kommunikationssytem-fur-sport-business-industrie","status":"publish","type":"product","link":"https:\/\/mexpo.eu\/de\/produkt\/axiwi-at-350-zehn-einheiten-mit-zusatzausstattung-drahtloses-vollduplex-kommunikationssytem-fur-sport-business-industrie\/","title":{"rendered":"Axiwi AT-350 \u2013 Zehn Einheiten mit Zusatzausstattung \u2013 drahtloses Vollduplex-Kommunikationssytem f\u00fcr Sport, Business, Industrie"},"content":{"rendered":"<div class=\"wpb-content-wrapper\"><p>[vc_row][vc_column][vc_video link=&#8221;https:\/\/www.youtube.com\/watch?v=0OMtN_QBG-Y&#8221;][vc_column_text css=&#8221;&#8221;]<\/p>\n<p><strong>Die Ausf\u00fchrungszeit der Bestellung betr\u00e4gt sieben bis zehn Arbeitstage.<\/strong><\/p>\n<p>Das Axiwi AT-350-Kommunikationssystem ist ein drahtloses, bidirektionales Vollduplex-Konferenzsystem.<\/p>\n<p><strong>Set-Inhalt:<\/strong><\/p>\n<ul>\n<li>\n<p data-path-to-node=\"6,0,0\"><b data-path-to-node=\"6,0,0\" data-index-in-node=\"0\">Drahtloses Intercom-System AT-350<\/b> \u2013 10 Stk.<\/p>\n<\/li>\n<li>\n<p data-path-to-node=\"6,1,0\"><b data-path-to-node=\"6,1,0\" data-index-in-node=\"0\">Mono-Headset HE-001<\/b> \u2013 1 Stk.<\/p>\n<\/li>\n<li>\n<p data-path-to-node=\"6,2,0\"><b data-path-to-node=\"6,2,0\" data-index-in-node=\"0\">Headset mit Mikrofon HE-003<\/b> \u2013 9 Stk.<\/p>\n<\/li>\n<li>\n<p data-path-to-node=\"6,3,0\"><b data-path-to-node=\"6,3,0\" data-index-in-node=\"0\">Schultergurt AT-350 OSFA (oder SP-1)<\/b> \u2013 10 Stk.<\/p>\n<\/li>\n<li>\n<p data-path-to-node=\"6,4,0\"><b data-path-to-node=\"6,4,0\" data-index-in-node=\"0\">Spezielle Ladestation f\u00fcr 10 Ger\u00e4te<\/b> \u2013 1 Stk.<\/p>\n<\/li>\n<li>\n<p data-path-to-node=\"6,5,0\"><b data-path-to-node=\"6,5,0\" data-index-in-node=\"0\">Transportkoffer f\u00fcr 10 Ger\u00e4te<\/b> \u2013 1 Stk.<\/p>\n<\/li>\n<\/ul>\n<p><strong>Einsatz:<\/strong><br \/>\n\u2013 Kommunikation zwischen Linienrichtern und dem Schiedsrichter und dem VSA bei Fu\u00dfballspielen<br \/>\n\u2013 Schiedsrichter-Kommunikation in anderen Sportarten<br \/>\n\u2013 Kommunikation beim Spielen \u2013 zwischen dem Trainer und den Spielern<br \/>\n\u2013 Kommunikation bei Dreharbeiten \u2013 freier Austausch von Informationen zwischen dem Kameramann, Regisseur, Produzenten beim Drehen<br \/>\n\u2013 Kommunikation zwischen Mitgliedern eines Produktionsteams bei einer Produktionslinie oder in einem Lagerhaus, bei einer Sortieranlage oder in sonstigen Industrieumgebungen<br \/>\n\u2013 Kommunikation bei Einarbeitung oder bei Feldarbeit<br \/>\n\u2013 Kommunikation in einem Restaurant, zwischen dem K\u00fcchenpersonal und dem Servicepersonal<br \/>\n\u2013 Kommunikation bei Veranstaltung von Konzerten, Vorlesungen oder anderen Events<\/p>\n<p><strong>Eigenschaften des drahtlosen Kommunikationssystems Axiwi AT-350:<\/strong><br \/>\n\u2013 Freie Vollduplex-Kommunikation (wie am Telefon, aber mit besserer Tonqualit\u00e4t)<br \/>\n\u2013 Kleine Abmessungen und niedriges Gewicht<br \/>\n\u2013 gro\u00dfartige Reichweite<br \/>\n\u2013 Wasserdichtheit<br \/>\n\u2013 Einfachheit der Bedienung<br \/>\n\u2013 sehr breite Auswahl an Zusatzausstattung<\/p>\n<p><strong>Technische Daten:<\/strong><br \/>\n\u2013 Sechs Personen pro Kanal gleichzeitig in Vollduplex, der Rest der Gruppe der bis zu 250 Benutzern in Bereitschaft und darf zuh\u00f6ren<br \/>\n\u2013 Einfachheit der Umstellung zwischen Vollduplex und Zuh\u00f6ren<br \/>\n\u2013 Frequenzbereich 863-865 MHz (kein Erlaubnis in der EU erforderlich)<br \/>\n\u2013 Digitale GFSK-Modulation<br \/>\n\u2013 Acht Kan\u00e4le (acht Gruppen k\u00f6nnen gleichzeitig und unabh\u00e4ngig ohne St\u00f6rungen im gleichen Bereich arbeiten),<br \/>\n\u2013 Reichweite: 300 m in Blick<br \/>\n\u2013 Abmessungen: 78 x 38 x 19 mm<br \/>\n\u2013 Gewicht: 70 g (mit Batterie)<br \/>\n\u2013 3,5 mm TRRA-Kabelanschluss f. Kopfh\u00f6rer und Mikrophon<br \/>\n\u2013 Arbeitszeit \u2013 10 Stunden, Ladezeit \u2013 3-4 Stunden<br \/>\n\u2013 Klasse IP54<\/p>\n<p>[\/vc_column_text][\/vc_column][\/vc_row]<\/p>\n<\/div>","protected":false},"excerpt":{"rendered":"<p>Drahtloses Set f\u00fcr die Funkkommunikation \u00fcber kurze Entfernungen, bestehend aus 10 St\u00fcck Vollduplex-Gegensprechanlagen Axiwi AT-350. Gro\u00dfe Reichweite, wasserdicht, einfach zu bedienen. Reichweite 300 Meter in Sichtlinie.<\/p>\n","protected":false},"featured_media":49257,"template":"","meta":{"_acf_changed":false},"product_brand":[],"product_cat":[5976,5931],"product_tag":[],"class_list":{"0":"post-63205","1":"product","2":"type-product","3":"status-publish","4":"has-post-thumbnail","6":"product_cat-intercom-sets-de","7":"product_cat-intercom-systeme-de-2","9":"first","10":"instock","11":"taxable","12":"shipping-taxable","13":"purchasable","14":"product-type-simple"},"acf":[],"_links":{"self":[{"href":"https:\/\/mexpo.eu\/de\/wp-json\/wp\/v2\/product\/63205","targetHints":{"allow":["GET"]}}],"collection":[{"href":"https:\/\/mexpo.eu\/de\/wp-json\/wp\/v2\/product"}],"about":[{"href":"https:\/\/mexpo.eu\/de\/wp-json\/wp\/v2\/types\/product"}],"wp:featuredmedia":[{"embeddable":true,"href":"https:\/\/mexpo.eu\/de\/wp-json\/wp\/v2\/media\/49257"}],"wp:attachment":[{"href":"https:\/\/mexpo.eu\/de\/wp-json\/wp\/v2\/media?parent=63205"}],"wp:term":[{"taxonomy":"product_brand","embeddable":true,"href":"https:\/\/mexpo.eu\/de\/wp-json\/wp\/v2\/product_brand?post=63205"},{"taxonomy":"product_cat","embeddable":true,"href":"https:\/\/mexpo.eu\/de\/wp-json\/wp\/v2\/product_cat?post=63205"},{"taxonomy":"product_tag","embeddable":true,"href":"https:\/\/mexpo.eu\/de\/wp-json\/wp\/v2\/product_tag?post=63205"}],"curies":[{"name":"wp","href":"https:\/\/api.w.org\/{rel}","templated":true}]}}