{"id":63187,"date":"2025-02-17T13:17:06","date_gmt":"2025-02-17T13:17:06","guid":{"rendered":"https:\/\/mexpo.pl?post_type=product&#038;p=63187"},"modified":"2026-02-23T11:08:03","modified_gmt":"2026-02-23T10:08:03","slug":"axiwi-at-350-funf-einheiten-mit-zusatzausstattung-drahtloses-vollduplex-kommunikationssytem-fur-sport-business-industrie","status":"publish","type":"product","link":"https:\/\/mexpo.eu\/de\/produkt\/axiwi-at-350-funf-einheiten-mit-zusatzausstattung-drahtloses-vollduplex-kommunikationssytem-fur-sport-business-industrie\/","title":{"rendered":"Axiwi AT-350 \u2013 F\u00fcnf Einheiten mit Zusatzausstattung \u2013 drahtloses Vollduplex-Kommunikationssytem f\u00fcr Sport, Business, Industrie"},"content":{"rendered":"<div class=\"wpb-content-wrapper\"><p>[vc_row][vc_column][vc_video link=&#8221;https:\/\/www.youtube.com\/watch?v=VaWrcxCCj4s&#8221;][vc_column_text css=&#8221;&#8221;]<\/p>\n<p><strong>Die Ausf\u00fchrungszeit der Bestellung betr\u00e4gt sieben bis zehn Arbeitstage.<\/strong><\/p>\n<p>Das Axiwi AT-350-Kommunikationssystem ist ein drahtloses, bidirektionales Vollduplex-Konferenzsystem.<\/p>\n<p><strong>Set-Inhalt:<\/strong><\/p>\n<ul>\n<li data-path-to-node=\"8,0,0\"><b data-path-to-node=\"8,0,0\" data-index-in-node=\"0\">Drahtloses Intercom-System AT-350<\/b> \u2013 5 Stk.<\/li>\n<li data-path-to-node=\"8,0,0\"><b data-path-to-node=\"8,1,0\" data-index-in-node=\"0\">Headset mit Mikrofon HE-009<\/b> \u2013 5 Stk.<\/li>\n<li data-path-to-node=\"8,0,0\"><b data-path-to-node=\"8,2,0\" data-index-in-node=\"0\">Schultergurt AT-350 OSFA (oder SP-1)<\/b> \u2013 5 Stk.<\/li>\n<li data-path-to-node=\"8,0,0\"><b data-path-to-node=\"8,3,0\" data-index-in-node=\"0\">Netzladeger\u00e4t SC-300<\/b> \u2013 1 Stk.<\/li>\n<li data-path-to-node=\"8,0,0\"><b data-path-to-node=\"8,4,0\" data-index-in-node=\"0\">Netzladeger\u00e4t SC-100<\/b> \u2013 2 Stk.<\/li>\n<li data-path-to-node=\"8,0,0\"><b data-path-to-node=\"8,5,0\" data-index-in-node=\"0\">USB-C Kabel<\/b> \u2013 5 Stk.<\/li>\n<li data-path-to-node=\"8,0,0\"><b data-path-to-node=\"8,6,0\" data-index-in-node=\"0\">Transportkoffer f\u00fcr 5x AT-350 Ger\u00e4te<\/b> \u2013 1 Stk.\n<p>Verl\u00e4ngerte Lieferzeiten m\u00f6glich. Bitte fragen Sie nach der Verf\u00fcgbarkeit der einzelnen Set-Komponenten.<\/li>\n<li style=\"list-style-type: none;\">\u00a0<\/li>\n<\/ul>\n<p><strong>Einsatz:<\/strong><br \/>\n&#8211; Kommunikation zwischen Linienrichtern und dem Schiedsrichter und dem VSA bei Fu\u00dfballspielen<br \/>\n&#8211; Schiedsrichter-Kommunikation in anderen Sportarten<br \/>\n&#8211; Kommunikation beim Spielen \u2013 zwischen dem Trainer und den Spielern<br \/>\n&#8211; Kommunikation bei Dreharbeiten \u2013 freier Austausch von Informationen zwischen dem Kameramann, Regisseur, Produzenten beim Drehen<br \/>\n&#8211; Kommunikation zwischen Mitgliedern eines Produktionsteams bei einer Produktionslinie oder in einem Lagerhaus, bei einer Sortieranlage oder in sonstigen Industrieumgebungen<br \/>\n&#8211; Kommunikation bei Einarbeitung oder bei Feldarbeit<br \/>\n&#8211; Kommunikation in einem Restaurant, zwischen dem K\u00fcchenpersonal und dem Servicepersonal<br \/>\n&#8211; Kommunikation bei Veranstaltung von Konzerten, Vorlesungen oder anderen Events<\/p>\n<p><strong>Eigenschaften des drahtlosen Kommunikationssystems Axiwi AT-350:<\/strong><br \/>\n&#8211; Freie Vollduplex-Kommunikation (wie am Telefon, aber mit besserer Tonqualit\u00e4t)<br \/>\n&#8211; Kleine Abmessungen und niedriges Gewicht<br \/>\n&#8211; gro\u00dfartige Reichweite<br \/>\n&#8211; Wasserdichtheit<br \/>\n&#8211; Einfachheit der Bedienung<br \/>\n&#8211; sehr breite Auswahl an Zusatzausstattung<\/p>\n<p><strong>Technische Daten:<\/strong><br \/>\n&#8211; Sechs Personen pro Kanal gleichzeitig in Vollduplex, der Rest der Gruppe der bis zu 250 Benutzern in Bereitschaft und darf zuh\u00f6ren<br \/>\n&#8211; Einfachheit der Umstellung zwischen Vollduplex und Zuh\u00f6ren<br \/>\n&#8211; Frequenzbereich 863-865 MHz (kein Erlaubnis in der EU erforderlich)<br \/>\n&#8211; Digitale GFSK-Modulation<br \/>\n&#8211; Acht Kan\u00e4le (acht Gruppen k\u00f6nnen gleichzeitig und unabh\u00e4ngig ohne St\u00f6rungen im gleichen Bereich arbeiten),<br \/>\n&#8211; Reichweite: 300 m in Blick<br \/>\n&#8211; Abmessungen: 78 x 38 x 19 mm<br \/>\n&#8211; Gewicht: 70 g (mit Batterie)<br \/>\n&#8211; 3,5 mm TRRA-Kabelanschluss f. Kopfh\u00f6rer und Mikrophon<br \/>\n&#8211; Arbeitszeit \u2013 10 Stunden, Ladezeit \u2013 3-4 Stunden<br \/>\n&#8211; Klasse IP54<\/p>\n<p>[\/vc_column_text][vc_video link=&#8221;https:\/\/www.youtube.com\/watch?v=noPTV-e9ddU&amp;t=1s&amp;ab_channel=AXIWI&#8221;][\/vc_column][\/vc_row]<\/p>\n<\/div>","protected":false},"excerpt":{"rendered":"<p>Drahtlose Intercom-Kommunikationssysteme sind ein wesentlicher Bestandteil eines modernen Teamarbeitsplatzes. Ein Set aus 5 ultraleichten Axiwi AT-350-Gegensprechanlagen erleichtert Gespr\u00e4che \u00fcber gro\u00dfe Entfernungen und hilft, soziale Distanz aufrechtzuerhalten.<\/p>\n","protected":false},"featured_media":49245,"template":"","meta":{"_acf_changed":false},"product_brand":[],"product_cat":[5976,5931],"product_tag":[],"class_list":{"0":"post-63187","1":"product","2":"type-product","3":"status-publish","4":"has-post-thumbnail","6":"product_cat-intercom-sets-de","7":"product_cat-intercom-systeme-de-2","9":"first","10":"instock","11":"taxable","12":"shipping-taxable","13":"purchasable","14":"product-type-simple"},"acf":[],"_links":{"self":[{"href":"https:\/\/mexpo.eu\/de\/wp-json\/wp\/v2\/product\/63187","targetHints":{"allow":["GET"]}}],"collection":[{"href":"https:\/\/mexpo.eu\/de\/wp-json\/wp\/v2\/product"}],"about":[{"href":"https:\/\/mexpo.eu\/de\/wp-json\/wp\/v2\/types\/product"}],"wp:featuredmedia":[{"embeddable":true,"href":"https:\/\/mexpo.eu\/de\/wp-json\/wp\/v2\/media\/49245"}],"wp:attachment":[{"href":"https:\/\/mexpo.eu\/de\/wp-json\/wp\/v2\/media?parent=63187"}],"wp:term":[{"taxonomy":"product_brand","embeddable":true,"href":"https:\/\/mexpo.eu\/de\/wp-json\/wp\/v2\/product_brand?post=63187"},{"taxonomy":"product_cat","embeddable":true,"href":"https:\/\/mexpo.eu\/de\/wp-json\/wp\/v2\/product_cat?post=63187"},{"taxonomy":"product_tag","embeddable":true,"href":"https:\/\/mexpo.eu\/de\/wp-json\/wp\/v2\/product_tag?post=63187"}],"curies":[{"name":"wp","href":"https:\/\/api.w.org\/{rel}","templated":true}]}}