{"id":63169,"date":"2025-02-17T13:17:06","date_gmt":"2025-02-17T12:17:06","guid":{"rendered":"https:\/\/mexpo.pl?post_type=product&#038;p=63169"},"modified":"2025-02-17T14:52:45","modified_gmt":"2025-02-17T14:52:45","slug":"axiwi-at-350-drahtloses-vollduplex-kommunikationssytem-fur-sport-business-industrie","status":"publish","type":"product","link":"https:\/\/mexpo.eu\/de\/produkt\/axiwi-at-350-drahtloses-vollduplex-kommunikationssytem-fur-sport-business-industrie\/","title":{"rendered":"Axiwi AT-350 \u2013 drahtloses Vollduplex-Kommunikationssytem f\u00fcr Sport, Business, Industrie"},"content":{"rendered":"<div class=\"wpb-content-wrapper\"><p>[vc_row][vc_column][vc_video link=&#8221;https:\/\/www.youtube.com\/watch?v=noPTV-e9ddU&amp;t=1s&amp;ab_channel=AXIWI&#8221;][vc_column_text css=&#8221;&#8221;]<strong>Die Ausf\u00fchrungszeit der Bestellung betr\u00e4gt sieben bis zehn Arbeitstage.<\/strong><\/p>\n<p>Das Axiwi AT-350-Kommunikationssystem ist ein drahtloses, bidirektionales Vollduplex-Konferenzsystem.<\/p>\n<p>Die Zwei-Wege-Kommunikationssysteme von AXIWI stehen auf der <a href=\"https:\/\/www.fifa.com\/en\/technical\/football-technology\/standards\/video-assistant-referee\/var-iaap-technology\">Liste der weltweiten Fu\u00dfball-Schiedsrichter-Kommunikationssysteme der FIFA (F\u00e9d\u00e9ration Internationale de Football Association)<\/a> AXIWI sind professionelle Systeme f\u00fcr Sportschiedsrichter und werden von Fu\u00dfball- und Schiedsrichterorganisationen <a href=\"https:\/\/www.axiwi.com\/references-axiwi-wireless-communication-system\/\">und anderen Nutzern<\/a>\u00a0auf der ganzen Welt eingesetzt.<\/p>\n<p><strong>Einsatz:<\/strong><br \/>\n&#8211; Kommunikation zwischen Linienrichtern und dem Schiedsrichter und dem VSA bei Fu\u00dfballspielen<br \/>\n&#8211; Schiedsrichter-Kommunikation in anderen Sportarten<br \/>\n&#8211; Kommunikation beim Spielen \u2013 zwischen dem Trainer und den Spielern<br \/>\n&#8211; Kommunikation bei Dreharbeiten \u2013 freier Austausch von Informationen zwischen dem Kameramann, Regisseur, Produzenten beim Drehen<br \/>\n&#8211; Kommunikation zwischen Mitgliedern eines Produktionsteams bei einer Produktionslinie oder in einem Lagerhaus, bei einer Sortieranlage oder in sonstigen Industrieumgebungen<br \/>\n&#8211; Kommunikation bei Einarbeitung oder bei Feldarbeit<br \/>\n&#8211; Kommunikation in einem Restaurant, zwischen dem K\u00fcchenpersonal und dem Servicepersonal<br \/>\n&#8211; Kommunikation bei Veranstaltung von Konzerten, Vorlesungen oder anderen Events<\/p>\n<p><strong>Eigenschaften des drahtlosen Kommunikationssystems Axiwi AT-350:<\/strong><br \/>\n&#8211; Freie Vollduplex-Kommunikation (wie am Telefon, aber mit besserer Tonqualit\u00e4t)<br \/>\n&#8211; Kleine Abmessungen und niedriges Gewicht<br \/>\n&#8211; gro\u00dfartige Reichweite<br \/>\n&#8211; Wasserdichtheit<br \/>\n&#8211; Einfachheit der Bedienung<br \/>\n&#8211; sehr breite Auswahl an Zusatzausstattung<\/p>\n<p><strong>Technische Daten:<\/strong><br \/>\n&#8211; Sechs Personen pro Kanal gleichzeitig in Vollduplex, der Rest der Gruppe der bis zu 250 Benutzern in Bereitschaft und darf zuh\u00f6ren<br \/>\n&#8211; Einfachheit der Umstellung zwischen Vollduplex und Zuh\u00f6ren<br \/>\n&#8211; Frequenzbereich 863-865 MHz (kein Erlaubnis in der EU erforderlich)<br \/>\n&#8211; Digitale GFSK-Modulation<br \/>\n&#8211; Acht Kan\u00e4le (acht Gruppen k\u00f6nnen gleichzeitig und unabh\u00e4ngig ohne St\u00f6rungen im gleichen Bereich arbeiten),<br \/>\n&#8211; Reichweite: 300 m in Blick<br \/>\n&#8211; Abmessungen: 78 x 38 x 19 mm<br \/>\n&#8211; Gewicht: 70 g (mit Batterie)<br \/>\n&#8211; 3,5 mm TRRA-Kabelanschluss f. Kopfh\u00f6rer und Mikrophon<br \/>\n&#8211; Arbeitszeit \u2013 10 Stunden, Ladezeit \u2013 3-4 Stunden<br \/>\n&#8211; Klasse IP54[\/vc_column_text][vc_video link=&#8221;https:\/\/www.youtube.com\/watch?v=VaWrcxCCj4s&#8221;][\/vc_column][\/vc_row]<\/p>\n<\/div>","protected":false},"excerpt":{"rendered":"<p>Axiwi AT-350 to ultralekki, miniaturowy interkom bezprzewodowy wykorzystywany przez s\u0119dzi\u00f3w sportowych i profesjonalne zespo\u0142y w komunikacji na dystans.<\/p>\n","protected":false},"featured_media":49179,"template":"","meta":{"_acf_changed":false},"product_brand":[],"product_cat":[5938,5931],"product_tag":[],"class_list":{"0":"post-63169","1":"product","2":"type-product","3":"status-publish","4":"has-post-thumbnail","6":"product_cat-drahtlose-sprechanlage-de","7":"product_cat-intercom-systeme-de-2","9":"first","10":"instock","11":"taxable","12":"shipping-taxable","13":"purchasable","14":"product-type-simple"},"acf":[],"_links":{"self":[{"href":"https:\/\/mexpo.eu\/de\/wp-json\/wp\/v2\/product\/63169","targetHints":{"allow":["GET"]}}],"collection":[{"href":"https:\/\/mexpo.eu\/de\/wp-json\/wp\/v2\/product"}],"about":[{"href":"https:\/\/mexpo.eu\/de\/wp-json\/wp\/v2\/types\/product"}],"wp:featuredmedia":[{"embeddable":true,"href":"https:\/\/mexpo.eu\/de\/wp-json\/wp\/v2\/media\/49179"}],"wp:attachment":[{"href":"https:\/\/mexpo.eu\/de\/wp-json\/wp\/v2\/media?parent=63169"}],"wp:term":[{"taxonomy":"product_brand","embeddable":true,"href":"https:\/\/mexpo.eu\/de\/wp-json\/wp\/v2\/product_brand?post=63169"},{"taxonomy":"product_cat","embeddable":true,"href":"https:\/\/mexpo.eu\/de\/wp-json\/wp\/v2\/product_cat?post=63169"},{"taxonomy":"product_tag","embeddable":true,"href":"https:\/\/mexpo.eu\/de\/wp-json\/wp\/v2\/product_tag?post=63169"}],"curies":[{"name":"wp","href":"https:\/\/api.w.org\/{rel}","templated":true}]}}