{"id":63163,"date":"2025-02-17T13:22:43","date_gmt":"2025-02-17T13:22:43","guid":{"rendered":"https:\/\/mexpo.pl?post_type=product&#038;p=63163"},"modified":"2026-02-23T10:01:42","modified_gmt":"2026-02-23T09:01:42","slug":"eqs-3-bidirektionales-jockey-trainer-kommunikationssystem-plus-zusatzausstattung-2-stk","status":"publish","type":"product","link":"https:\/\/mexpo.eu\/de\/produkt\/eqs-3-bidirektionales-jockey-trainer-kommunikationssystem-plus-zusatzausstattung-2-stk\/","title":{"rendered":"EQS-3 Bidirektionales Jockey-Trainer-Kommunikationssystem plus Zusatzausstattung \u2013 2 Stk."},"content":{"rendered":"<p>Die Ausf\u00fchrungszeit der Bestellung betr\u00e4gt sieben bis zehn Arbeitstage.<br \/>\nDer Garantiezeitraum betr\u00e4gt zwei Jahre.<br \/>\nWir bieten umfassenden technischen Support, Updates und Systemwartung auch nach Ablauf der Garantiezeit.<br \/>\nHinweis! Dieses Produkt ist kein komplettes Kommunikationsset, sondern nur eine zus\u00e4tzliche Sprechanlage!<\/p>\n<p>Das Axiwi AT-320 ist die kompakteste Schiedsrichter-Sprechanlage auf dem Markt!<br \/>\nDas Ger\u00e4t misst 32 x 65 x 22 mm und wiegt mit Akku nur 39 g.<br \/>\nWie arbeitet man effizient mit einem Jockey? Sie k\u00f6nnen sofort durchstarten, mit dem Axiwi-Trainersatz f\u00fcr Pferdesport. Immer weitere Trainer verwenden drahtlose Kommunikationssysteme beim Reiten, damit sie den Jockeys Anleitungen und Hinweise geben k\u00f6nnen. Das drahtlose Kommunikationssystem von Axiwi ist die Einheit erster Wahl f\u00fcr Trainer in ganz Europa.<br \/>\nWas ist das Kommunikationssystem von Axiwi? Es ist eine drahtlose Freisprechanlage, ein Kommunikationssystem (Jockey-Kommunikationseinheit), dank welche der Trainer und der Jockey miteinander frei sprechen k\u00f6nnen, genau wie bei einem Telefongespr\u00e4ch. Bis zu sechs Personen k\u00f6nnen gleichzeitig sprechen und zuh\u00f6ren.<\/p>\n<p>Videorezension von Axiwi von Edward Chitty \u2013 Drahtlose Headsets f\u00fcr den Reitunterricht:<\/p>\n<blockquote>\n<p>\u201eEin gro\u00dfartiges Produkt f\u00fcr den Reitunterricht, ich empfehle es durchaus, hervorragende Tonqualit\u00e4t, sehr leicht, dadurch umfassend einsatzf\u00e4hig.\u201c<\/p>\n<\/blockquote>\n<p style=\"text-align: center;\"><iframe loading=\"lazy\" title=\"YouTube video player\" src=\"https:\/\/www.youtube.com\/embed\/hi0PTAdMuag\" width=\"560\" height=\"315\" frameborder=\"0\" allowfullscreen=\"allowfullscreen\"><\/iframe><\/p>\n<blockquote>\n<p>\u201eDie Gr\u00fcnde, warum ich das Kommunikationssystem von Axiwi so gut mag, sind erstmals dass es so klein und leicht ist; kein Schreien mehr, und die Worte werden nicht mehr im Wind verloren. Wir verwenden dieses Kommunikationssystem f\u00fcr unsere Arbeit in der Halle sowie bei Reiten im Freien. Dadurch wird das Reiten ruhiger und macht einfach mehr Spa\u00df.&#8221;<\/p>\n<\/blockquote>\n<p style=\"text-align: right;\">Claire Aitchison \u2013 Zertifizierte Pferdetrainerin aus dem Vereinigten K\u00f6nigreich.<\/p>\n<p>AT-320-Satz \u2013 Bestandteile:<\/p>\n<ul>\n<li>\n<p data-path-to-node=\"5,0,0\"><b data-path-to-node=\"5,0,0\" data-index-in-node=\"0\">Drahtloses Intercom-System AT-320<\/b> \u2013 2 Stk.<\/p>\n<\/li>\n<li>\n<p data-path-to-node=\"5,1,0\"><b data-path-to-node=\"5,1,0\" data-index-in-node=\"0\">Lanyard und G\u00fcrtelclip f\u00fcr das Intercom<\/b> \u2013 2 Stk.<\/p>\n<\/li>\n<li>\n<p data-path-to-node=\"5,2,0\"><b data-path-to-node=\"5,2,0\" data-index-in-node=\"0\">Headset mit Mikrofon HE-009<\/b> \u2013 2 Stk.<\/p>\n<\/li>\n<li>\n<p data-path-to-node=\"5,3,0\"><b data-path-to-node=\"5,3,0\" data-index-in-node=\"0\">Schultergurt AT-320 OSFA (oder SP-1)<\/b> \u2013 2 Stk.<\/p>\n<\/li>\n<li>\n<p data-path-to-node=\"5,4,0\"><b data-path-to-node=\"5,4,0\" data-index-in-node=\"0\">Netzladeger\u00e4t SC-100<\/b> \u2013 2 Stk.<\/p>\n<\/li>\n<li>\n<p data-path-to-node=\"5,5,0\"><b data-path-to-node=\"5,5,0\" data-index-in-node=\"0\">USB-C Kabel<\/b> \u2013 2 Stk.<\/p>\n<\/li>\n<li>\n<p data-path-to-node=\"5,6,0\"><b data-path-to-node=\"5,6,0\" data-index-in-node=\"0\">Tragetasche\/Etui f\u00fcr 3 Ger\u00e4te<\/b> \u2013 1 Stk.<\/p>\n<\/li>\n<\/ul>\n<p>Merkmale des AXIWI AT-320<br \/>\n\u2013 vollst\u00e4ndig drahtloses System ohne Basisstation oder Installation<br \/>\n\u2013 Vollduplex-Zwei-Wege-Kommunikation mit bis zu sechs Personen<br \/>\n\u2013 hochwertiger Echtzeit-Audioempfang ohne Latenz (Latenz &lt;1ms)<br \/>\n\u2013 bis zu 250 Ger\u00e4te pro Kanal k\u00f6nnen an einer Telefonkonferenz teilnehmen<br \/>\n\u2013 universelles, weltweites Funkfrequenzband \u2014 2, 4 GHz<br \/>\n\u2013 Reichweite von mehr als 200 Metern in Sichtlinie<br \/>\n\u2013 4 gleichzeitige Funkkan\u00e4le<br \/>\n\u2013 kompakt \u2013 32 x 65 x 22 mm \/ 39 g<br \/>\n\u2013 einzeln aufladbar \u00fcber Micro-USB oder gemeinsam in einem speziellen Tischladeger\u00e4t<br \/>\n\u2013 Betriebszeit &#8211; 6 Stunden, Aufladezeit &#8211; +\/- 2 Stunden<br \/>\n\u2013 Kopfh\u00f6rer-\/Mikrofonanschluss 3,5 mm TRRS<\/p>\n","protected":false},"excerpt":{"rendered":"<p>Ein Set f\u00fcr die bidirektionale Kommunikation zwischen einem Reitlehrer und einem Reitsch\u00fcler. Das Set erm\u00f6glicht eine freie Kommunikation zwischen Trainer und Sch\u00fcler in einer Entfernung von bis zu 250 Metern. Das ultraleichte Design und die geringe Gr\u00f6\u00dfe schr\u00e4nken die Bewegungsfreiheit beim Reiten nicht ein. F\u00fcr das Training in gr\u00f6\u00dferen Gruppen k\u00f6nnen Sie zus\u00e4tzliche Funkger\u00e4te erwerben.<\/p>\n","protected":false},"featured_media":49971,"template":"","meta":{"_acf_changed":false},"product_brand":[],"product_cat":[5954,5947],"product_tag":[],"class_list":{"0":"post-63163","1":"product","2":"type-product","3":"status-publish","4":"has-post-thumbnail","6":"product_cat-axiwi-at-320-de","7":"product_cat-sprechanlagen-fuer-reitsportaktivitaeten","9":"first","10":"instock","11":"taxable","12":"shipping-taxable","13":"purchasable","14":"product-type-simple"},"acf":[],"_links":{"self":[{"href":"https:\/\/mexpo.eu\/de\/wp-json\/wp\/v2\/product\/63163","targetHints":{"allow":["GET"]}}],"collection":[{"href":"https:\/\/mexpo.eu\/de\/wp-json\/wp\/v2\/product"}],"about":[{"href":"https:\/\/mexpo.eu\/de\/wp-json\/wp\/v2\/types\/product"}],"wp:featuredmedia":[{"embeddable":true,"href":"https:\/\/mexpo.eu\/de\/wp-json\/wp\/v2\/media\/49971"}],"wp:attachment":[{"href":"https:\/\/mexpo.eu\/de\/wp-json\/wp\/v2\/media?parent=63163"}],"wp:term":[{"taxonomy":"product_brand","embeddable":true,"href":"https:\/\/mexpo.eu\/de\/wp-json\/wp\/v2\/product_brand?post=63163"},{"taxonomy":"product_cat","embeddable":true,"href":"https:\/\/mexpo.eu\/de\/wp-json\/wp\/v2\/product_cat?post=63163"},{"taxonomy":"product_tag","embeddable":true,"href":"https:\/\/mexpo.eu\/de\/wp-json\/wp\/v2\/product_tag?post=63163"}],"curies":[{"name":"wp","href":"https:\/\/api.w.org\/{rel}","templated":true}]}}