{"id":63156,"date":"2025-02-17T13:22:27","date_gmt":"2025-02-17T12:22:27","guid":{"rendered":"https:\/\/mexpo.pl?post_type=product&#038;p=63156"},"modified":"2025-02-17T14:57:24","modified_gmt":"2025-02-17T14:57:24","slug":"eqs-3-bidirektionales-jockey-trainer-kommunikationssystem-plus-zusatzausstattung","status":"publish","type":"product","link":"https:\/\/mexpo.eu\/de\/produkt\/eqs-3-bidirektionales-jockey-trainer-kommunikationssystem-plus-zusatzausstattung\/","title":{"rendered":"EQS-3 Bidirektionales Jockey-Trainer-Kommunikationssystem plus Zusatzausstattung"},"content":{"rendered":"<p>Die Ausf\u00fchrungszeit der Bestellung betr\u00e4gt sieben bis zehn Arbeitstage.<br \/>\nDer Garantiezeitraum betr\u00e4gt zwei Jahre.<br \/>\nWir bieten umfassenden technischen Support, Updates und Systemwartung auch nach Ablauf der Garantiezeit.<br \/>\nHinweis! Dieses Produkt ist kein komplettes Kommunikationsset, sondern nur eine zus\u00e4tzliche Sprechanlage!<\/p>\n<p>Das Axiwi AT-320 ist die kompakteste Schiedsrichter-Sprechanlage auf dem Markt!<br \/>\nDas Ger\u00e4t misst 32 x 65 x 22 mm und wiegt mit Akku nur 39 g.<br \/>\nWie arbeitet man effizient mit einem Jockey? Sie k\u00f6nnen sofort durchstarten, mit dem Axiwi-Trainersatz f\u00fcr Pferdesport. Immer weitere Trainer verwenden drahtlose Kommunikationssysteme beim Reiten, damit sie den Jockeys Anleitungen und Hinweise geben k\u00f6nnen. Das drahtlose Kommunikationssystem von Axiwi ist die Einheit erster Wahl f\u00fcr Trainer in ganz Europa.<br \/>\nWas ist das Kommunikationssystem von Axiwi? Es ist eine drahtlose Freisprechanlage, ein Kommunikationssystem (Jockey-Kommunikationseinheit), dank welche der Trainer und der Jockey miteinander frei sprechen k\u00f6nnen, genau wie bei einem Telefongespr\u00e4ch. Bis zu sechs Personen k\u00f6nnen gleichzeitig sprechen und zuh\u00f6ren.<\/p>\n<p>Videorezension von Axiwi von Edward Chitty \u2013 Drahtlose Headsets f\u00fcr den Reitunterricht:<\/p>\n<blockquote><p>\u201eEin gro\u00dfartiges Produkt f\u00fcr den Reitunterricht, ich empfehle es durchaus, hervorragende Tonqualit\u00e4t, sehr leicht, dadurch umfassend einsatzf\u00e4hig.\u201c<\/p><\/blockquote>\n<p style=\"text-align: center;\"><iframe loading=\"lazy\" title=\"YouTube video player\" src=\"https:\/\/www.youtube.com\/embed\/hi0PTAdMuag\" width=\"560\" height=\"315\" frameborder=\"0\" allowfullscreen=\"allowfullscreen\"><\/iframe><\/p>\n<blockquote><p>\u201eDie Gr\u00fcnde, warum ich das Kommunikationssystem von Axiwi so gut mag, sind erstmals dass es so klein und leicht ist; kein Schreien mehr, und die Worte werden nicht mehr im Wind verloren. Wir verwenden dieses Kommunikationssystem f\u00fcr unsere Arbeit in der Halle sowie bei Reiten im Freien. Dadurch wird das Reiten ruhiger und macht einfach mehr Spa\u00df.&#8221;<\/p><\/blockquote>\n<p style=\"text-align: right;\">Claire Aitchison \u2013 Zertifizierte Pferdetrainerin aus dem Vereinigten K\u00f6nigreich.<\/p>\n<p>AT-320-Satz \u2013 Bestandteile:<br \/>\n&#8211; AT-320 \u2013 drahtlose Kommunikationseinheit \u2013 1 Stk.<br \/>\n&#8211; Schl\u00fcsselband und Gurtklammer f\u00fcr die Einheit \u2013 1 Stk.<br \/>\n&#8211; HE-009-Kopfh\u00f6rer- und Mikrofonsatz \u2013 1 Stk.<br \/>\n&#8211; OT-008-Armband \u2013 1 Stk.<br \/>\n&#8211; USB CR-009-Netzwerk-Ladeger\u00e4t \u2013 1 Stk.<br \/>\n&#8211; CA-001 \u2013 Mikro-USB-Kabel \u2013 1 Stk.<\/p>\n<p>Merkmale des AXIWI AT-320<br \/>\n\u2013 vollst\u00e4ndig drahtloses System ohne Basisstation oder Installation<br \/>\n\u2013 Vollduplex-Zwei-Wege-Kommunikation mit bis zu sechs Personen<br \/>\n\u2013 hochwertiger Echtzeit-Audioempfang ohne Latenz (Latenz &lt;1ms)<br \/>\n\u2013 bis zu 250 Ger\u00e4te pro Kanal k\u00f6nnen an einer Telefonkonferenz teilnehmen<br \/>\n\u2013 universelles, weltweites Funkfrequenzband \u2014 2, 4 GHz<br \/>\n\u2013 Reichweite von mehr als 200 Metern in Sichtlinie<br \/>\n\u2013 4 gleichzeitige Funkkan\u00e4le<br \/>\n\u2013 kompakt \u2013 32 x 65 x 22 mm \/ 39 g<br \/>\n\u2013 einzeln aufladbar \u00fcber Micro-USB oder gemeinsam in einem speziellen Tischladeger\u00e4t<br \/>\n\u2013 Betriebszeit &#8211; 6 Stunden, Aufladezeit &#8211; +\/- 2 Stunden<br \/>\n\u2013 Kopfh\u00f6rer-\/Mikrofonanschluss 3,5 mm TRRS<\/p>\n","protected":false},"excerpt":{"rendered":"<p>Zus\u00e4tzliche Funk-Gegensprechanlage f\u00fcr Reittraining.<\/p>\n","protected":false},"featured_media":49917,"template":"","meta":{"_acf_changed":false},"product_brand":[],"product_cat":[5954,5947],"product_tag":[],"class_list":{"0":"post-63156","1":"product","2":"type-product","3":"status-publish","4":"has-post-thumbnail","6":"product_cat-axiwi-at-320-de","7":"product_cat-sprechanlagen-fuer-reitsportaktivitaeten","9":"first","10":"instock","11":"taxable","12":"shipping-taxable","13":"purchasable","14":"product-type-simple"},"acf":[],"_links":{"self":[{"href":"https:\/\/mexpo.eu\/de\/wp-json\/wp\/v2\/product\/63156","targetHints":{"allow":["GET"]}}],"collection":[{"href":"https:\/\/mexpo.eu\/de\/wp-json\/wp\/v2\/product"}],"about":[{"href":"https:\/\/mexpo.eu\/de\/wp-json\/wp\/v2\/types\/product"}],"wp:featuredmedia":[{"embeddable":true,"href":"https:\/\/mexpo.eu\/de\/wp-json\/wp\/v2\/media\/49917"}],"wp:attachment":[{"href":"https:\/\/mexpo.eu\/de\/wp-json\/wp\/v2\/media?parent=63156"}],"wp:term":[{"taxonomy":"product_brand","embeddable":true,"href":"https:\/\/mexpo.eu\/de\/wp-json\/wp\/v2\/product_brand?post=63156"},{"taxonomy":"product_cat","embeddable":true,"href":"https:\/\/mexpo.eu\/de\/wp-json\/wp\/v2\/product_cat?post=63156"},{"taxonomy":"product_tag","embeddable":true,"href":"https:\/\/mexpo.eu\/de\/wp-json\/wp\/v2\/product_tag?post=63156"}],"curies":[{"name":"wp","href":"https:\/\/api.w.org\/{rel}","templated":true}]}}