{"id":63129,"date":"2025-02-17T13:31:03","date_gmt":"2025-02-17T13:31:03","guid":{"rendered":"https:\/\/mexpo.pl?post_type=product&#038;p=63129"},"modified":"2025-02-17T15:03:02","modified_gmt":"2025-02-17T15:03:02","slug":"b-50qsc-headset-mikrofon-headset","status":"publish","type":"product","link":"https:\/\/mexpo.eu\/de\/produkt\/b-50qsc-headset-mikrofon-headset\/","title":{"rendered":"B-50QSC Headset (Mikrofon-Headset)"},"content":{"rendered":"<p>Headset mit Nackenb\u00fcgel (erm\u00f6glicht die gleichzeitige Verwendung eines Schutzhelms und eines schweren Headsets). Es verf\u00fcgt \u00fcber ein integriertes B\u00fcgelmikrofon, das die Verwendung einer Freisprecheinrichtung in Umgebungen mit hohem L\u00e4rmpegel erm\u00f6glicht.<\/p>\n","protected":false},"excerpt":{"rendered":"<p>Headset mit Nackenb\u00fcgel (erm\u00f6glicht die gleichzeitige Verwendung eines Schutzhelms und eines schweren Headsets). Es verf\u00fcgt \u00fcber ein integriertes B\u00fcgelmikrofon, das die Verwendung einer Freisprecheinrichtung in Umgebungen mit hohem L\u00e4rmpegel erm\u00f6glicht.<\/p>\n","protected":false},"featured_media":51029,"template":"","meta":{"_acf_changed":false},"product_brand":[],"product_cat":[5197],"product_tag":[],"class_list":{"0":"post-63129","1":"product","2":"type-product","3":"status-publish","4":"has-post-thumbnail","6":"product_cat-headsets-intercom-systeme","8":"first","9":"instock","10":"taxable","11":"shipping-taxable","12":"purchasable","13":"product-type-simple"},"acf":[],"_links":{"self":[{"href":"https:\/\/mexpo.eu\/de\/wp-json\/wp\/v2\/product\/63129","targetHints":{"allow":["GET"]}}],"collection":[{"href":"https:\/\/mexpo.eu\/de\/wp-json\/wp\/v2\/product"}],"about":[{"href":"https:\/\/mexpo.eu\/de\/wp-json\/wp\/v2\/types\/product"}],"wp:featuredmedia":[{"embeddable":true,"href":"https:\/\/mexpo.eu\/de\/wp-json\/wp\/v2\/media\/51029"}],"wp:attachment":[{"href":"https:\/\/mexpo.eu\/de\/wp-json\/wp\/v2\/media?parent=63129"}],"wp:term":[{"taxonomy":"product_brand","embeddable":true,"href":"https:\/\/mexpo.eu\/de\/wp-json\/wp\/v2\/product_brand?post=63129"},{"taxonomy":"product_cat","embeddable":true,"href":"https:\/\/mexpo.eu\/de\/wp-json\/wp\/v2\/product_cat?post=63129"},{"taxonomy":"product_tag","embeddable":true,"href":"https:\/\/mexpo.eu\/de\/wp-json\/wp\/v2\/product_tag?post=63129"}],"curies":[{"name":"wp","href":"https:\/\/api.w.org\/{rel}","templated":true}]}}