{"id":63087,"date":"2025-02-17T13:26:56","date_gmt":"2025-02-17T13:26:56","guid":{"rendered":"https:\/\/mexpo.pl?post_type=product&#038;p=63087"},"modified":"2026-02-23T09:09:11","modified_gmt":"2026-02-23T08:09:11","slug":"headset-fur-die-zwei-wege-kommunikation-drahtlose-sprechanlage-fur-das-gesundheitswesen-set-hc-2-350","status":"publish","type":"product","link":"https:\/\/mexpo.eu\/de\/produkt\/headset-fur-die-zwei-wege-kommunikation-drahtlose-sprechanlage-fur-das-gesundheitswesen-set-hc-2-350\/","title":{"rendered":"Headset f\u00fcr die Zwei-Wege-Kommunikation\/drahtlose Sprechanlage f\u00fcr das Gesundheitswesen &#8211; Set HC-2-350"},"content":{"rendered":"<p>Die Ausf\u00fchrungszeit der Bestellung betr\u00e4gt sieben bis zehn Arbeitstage.<\/p>\n<p><strong>Wie kann die Zwei-Wege-Funkkommunikation dem Gesundheitswesen n\u00fctzen?<\/strong><br \/>\nW\u00e4hrend der Krise sind Zwei-Wege-Headsets zu einem noch wertvolleren Instrument f\u00fcr Kommunikation, Koordination, Sicherheit und Schutz geworden.<br \/>\nMit einer breiten Palette an lizenzfreien digitalen Sprechanlagen und Headsets haben wir eine L\u00f6sung, die Ihre Anforderungen erf\u00fcllt und die Produktivit\u00e4t steigert.<br \/>\nDar\u00fcber hinaus sind wir in der Lage, Kommunikationssysteme mit Repeatern und standort\u00fcbergreifender Konnektivit\u00e4t anzubieten, um die Reichweite und Signalst\u00e4rke zu erh\u00f6hen.<\/p>\n<p>F\u00fcr Krankenh\u00e4user, Operationss\u00e4le, Isolationsstationen und Pflegeteams haben wir ein speziell auf Ihre Bed\u00fcrfnisse zugeschnittenes \u201eSet\u201c:<\/p>\n<ul>\n<li>\n<p data-path-to-node=\"5,0,0\"><b data-path-to-node=\"5,0,0\" data-index-in-node=\"0\">Drahtloses Intercom-System AXIWI AT-350<\/b> \u2013 2 Stk.<\/p>\n<\/li>\n<li>\n<p data-path-to-node=\"5,1,0\"><b data-path-to-node=\"5,1,0\" data-index-in-node=\"0\">Kopfh\u00f6rer-Headset mit Mikrofon HE-001<\/b> \u2013 2 Stk.<\/p>\n<\/li>\n<li>\n<p data-path-to-node=\"5,2,0\"><b data-path-to-node=\"5,2,0\" data-index-in-node=\"0\">Tragetasche\/Etui f\u00fcr 3 Ger\u00e4te<\/b> \u2013 1 Stk.<\/p>\n<\/li>\n<li>\n<p data-path-to-node=\"5,3,0\"><b data-path-to-node=\"5,3,0\" data-index-in-node=\"0\">Netzladeger\u00e4t SC-100<\/b> \u2013 2 Stk.<\/p>\n<\/li>\n<li>\n<p data-path-to-node=\"5,4,0\"><b data-path-to-node=\"5,4,0\" data-index-in-node=\"0\">USB-C Kabel<\/b> \u2013 2 Stk.<\/p>\n<\/li>\n<\/ul>\n<p>Hygienezubeh\u00f6r finden Sie in der Rubrik \u201e<a href=\"https:\/\/mguide.eu\/de\/produktkategorie\/hygiene-de\/\">Hygiene\u201c<\/a>.<\/p>\n<p>Jeder Arzt wei\u00df, wie wichtig es ist, im Operationssaal oder bei einem Notfall aufmerksam und konzentriert zu sein und schnell zu reagieren.<br \/>\nDie genaue und eindeutige Weitergabe und Entgegennahme von Schl\u00fcsselinformationen zwischen den Mitarbeitern des Einsatzteams ist bei jedem Verfahren unerl\u00e4sslich.<br \/>\nWenn jedes Teammitglied mit einem drahtlosen AT-350-Headset ausgestattet ist, wird seine Effizienz erheblich gesteigert.<\/p>\n<p><iframe loading=\"lazy\" title=\"AXIWI AT-350 communication system - user manual\" width=\"1170\" height=\"658\" src=\"https:\/\/www.youtube.com\/embed\/_GHQNDcNrvQ?feature=oembed\" frameborder=\"0\" allow=\"accelerometer; autoplay; clipboard-write; encrypted-media; gyroscope; picture-in-picture; web-share\" referrerpolicy=\"strict-origin-when-cross-origin\" allowfullscreen><\/iframe><\/p>\n","protected":false},"excerpt":{"rendered":"<p>Ein Zwei-Wege-Funk-Headset f\u00fcr Vollduplex-Teamkommunikation f\u00fcr medizinisches Personal. Mini-Sprechanlage f\u00fcr Gesundheitsdienste, medizinische Einrichtungen und Teams, Krankenh\u00e4user, Sanit\u00e4ter, \u00c4rzte, Krankenschwestern und Pfleger.<\/p>\n","protected":false},"featured_media":50396,"template":"","meta":{"_acf_changed":false},"product_brand":[],"product_cat":[5971],"product_tag":[],"class_list":{"0":"post-63087","1":"product","2":"type-product","3":"status-publish","4":"has-post-thumbnail","6":"product_cat-sprechanlagen-fuer-das-gesundheitswesen","8":"first","9":"instock","10":"taxable","11":"shipping-taxable","12":"purchasable","13":"product-type-simple"},"acf":[],"_links":{"self":[{"href":"https:\/\/mexpo.eu\/de\/wp-json\/wp\/v2\/product\/63087","targetHints":{"allow":["GET"]}}],"collection":[{"href":"https:\/\/mexpo.eu\/de\/wp-json\/wp\/v2\/product"}],"about":[{"href":"https:\/\/mexpo.eu\/de\/wp-json\/wp\/v2\/types\/product"}],"wp:featuredmedia":[{"embeddable":true,"href":"https:\/\/mexpo.eu\/de\/wp-json\/wp\/v2\/media\/50396"}],"wp:attachment":[{"href":"https:\/\/mexpo.eu\/de\/wp-json\/wp\/v2\/media?parent=63087"}],"wp:term":[{"taxonomy":"product_brand","embeddable":true,"href":"https:\/\/mexpo.eu\/de\/wp-json\/wp\/v2\/product_brand?post=63087"},{"taxonomy":"product_cat","embeddable":true,"href":"https:\/\/mexpo.eu\/de\/wp-json\/wp\/v2\/product_cat?post=63087"},{"taxonomy":"product_tag","embeddable":true,"href":"https:\/\/mexpo.eu\/de\/wp-json\/wp\/v2\/product_tag?post=63087"}],"curies":[{"name":"wp","href":"https:\/\/api.w.org\/{rel}","templated":true}]}}