{"id":63085,"date":"2025-02-17T13:26:56","date_gmt":"2025-02-17T12:26:56","guid":{"rendered":"https:\/\/mexpo.pl?post_type=product&#038;p=63085"},"modified":"2025-02-17T15:01:15","modified_gmt":"2025-02-17T15:01:15","slug":"drahtlose-sprechanlage-fur-das-gesundheitswesen-hc-1-350-plus-zubehor","status":"publish","type":"product","link":"https:\/\/mexpo.eu\/de\/produkt\/drahtlose-sprechanlage-fur-das-gesundheitswesen-hc-1-350-plus-zubehor\/","title":{"rendered":"Drahtlose Sprechanlage f\u00fcr das Gesundheitswesen HC-1-350 plus Zubeh\u00f6r"},"content":{"rendered":"<p><span lang=\"DE\">Die Ausf\u00fchrungszeit der Bestellung betr\u00e4gt sieben bis zehn Arbeitstage.<\/span><\/p>\n<p>Das AXIWI AT-350 erm\u00f6glicht eine hochwertige drahtlose Vernetzung von Krankenh\u00e4usern, medizinischen Einrichtungen und \u00c4rzteteams durch nahtlose Echtzeit-Sprachkommunikation \u00fcber gro\u00dfe Entfernungen.<\/p>\n<p>F\u00fcr Krankenh\u00e4user, Kliniken, Isolationsstationen und Pflegeteams haben wir ein speziell entwickeltes Zusatzpaket*:<br \/>\n&#8211; AXIWI AT-350 drahtlose Sprechanlage \u2014 1 St\u00fcck<br \/>\n&#8211; Kopfb\u00fcgelmikrofon HE-001 \u2014 1 St\u00fcck<\/p>\n<p>Hygienezubeh\u00f6r finden Sie in der Rubrik \u201e<a href=\"https:\/\/mguide.eu\/de\/produktkategorie\/hygiene-de\/\">Hygiene\u201c<\/a>.<\/p>\n<p><strong>Hinweis! Dieses Produkt ist kein komplettes Kommunikationsset, sondern nur eine zus\u00e4tzliche Sprechanlage mit H\u00f6rer!\u00a0<\/strong><\/p>\n<p>In einem Notfall sind Wachsamkeit, Konzentration und schnelle Reaktion wichtig. Die genaue und klare Weitergabe und Entgegennahme von wichtigen Informationen, z.\u00a0B. zwischen den Mitarbeitern eines Ambulanz- oder Krankenhausteams, ist von entscheidender Bedeutung und kann in vielen F\u00e4llen \u00fcber das Leben und die Gesundheit eines Patienten entscheiden. Das drahtlose Headset Axiwi AT-350 kann einen wesentlichen Beitrag zur Effizienz und Klarheit der Kommunikation leisten.<\/p>\n<p><iframe loading=\"lazy\" title=\"AXIWI AT-350 communication system - user manual\" width=\"1170\" height=\"658\" src=\"https:\/\/www.youtube.com\/embed\/_GHQNDcNrvQ?feature=oembed\" frameborder=\"0\" allow=\"accelerometer; autoplay; clipboard-write; encrypted-media; gyroscope; picture-in-picture; web-share\" referrerpolicy=\"strict-origin-when-cross-origin\" allowfullscreen><\/iframe><\/p>\n","protected":false},"excerpt":{"rendered":"<p>Ein Zwei-Wege-Funk-Headset f\u00fcr Vollduplex-Teamkommunikation f\u00fcr medizinisches Personal. Mini-Sprechanlage f\u00fcr Gesundheitsdienste, medizinische Einrichtungen und Teams, Krankenh\u00e4user, Sanit\u00e4ter, \u00c4rzte, Krankenschwestern und Pfleger.<\/p>\n","protected":false},"featured_media":50354,"template":"","meta":{"_acf_changed":false},"product_brand":[],"product_cat":[5971],"product_tag":[],"class_list":{"0":"post-63085","1":"product","2":"type-product","3":"status-publish","4":"has-post-thumbnail","6":"product_cat-sprechanlagen-fuer-das-gesundheitswesen","8":"first","9":"instock","10":"taxable","11":"shipping-taxable","12":"purchasable","13":"product-type-simple"},"acf":[],"_links":{"self":[{"href":"https:\/\/mexpo.eu\/de\/wp-json\/wp\/v2\/product\/63085","targetHints":{"allow":["GET"]}}],"collection":[{"href":"https:\/\/mexpo.eu\/de\/wp-json\/wp\/v2\/product"}],"about":[{"href":"https:\/\/mexpo.eu\/de\/wp-json\/wp\/v2\/types\/product"}],"wp:featuredmedia":[{"embeddable":true,"href":"https:\/\/mexpo.eu\/de\/wp-json\/wp\/v2\/media\/50354"}],"wp:attachment":[{"href":"https:\/\/mexpo.eu\/de\/wp-json\/wp\/v2\/media?parent=63085"}],"wp:term":[{"taxonomy":"product_brand","embeddable":true,"href":"https:\/\/mexpo.eu\/de\/wp-json\/wp\/v2\/product_brand?post=63085"},{"taxonomy":"product_cat","embeddable":true,"href":"https:\/\/mexpo.eu\/de\/wp-json\/wp\/v2\/product_cat?post=63085"},{"taxonomy":"product_tag","embeddable":true,"href":"https:\/\/mexpo.eu\/de\/wp-json\/wp\/v2\/product_tag?post=63085"}],"curies":[{"name":"wp","href":"https:\/\/api.w.org\/{rel}","templated":true}]}}