{"id":62997,"date":"2025-02-17T13:26:31","date_gmt":"2025-02-17T13:26:31","guid":{"rendered":"https:\/\/mexpo.pl?post_type=product&#038;p=62997"},"modified":"2025-02-17T15:00:18","modified_gmt":"2025-02-17T15:00:18","slug":"sprechanlagenset-zur-drahtlosen-kommunikation-am-set-eines-films-konzerts-at-350-2av","status":"publish","type":"product","link":"https:\/\/mexpo.eu\/de\/produkt\/sprechanlagenset-zur-drahtlosen-kommunikation-am-set-eines-films-konzerts-at-350-2av\/","title":{"rendered":"Sprechanlagenset zur drahtlosen Kommunikation am Set eines Films, Konzerts &#8211; AT-350-2AV"},"content":{"rendered":"<p><strong>Im Set enthalten:<\/strong><br \/>\n&#8211; AXIWI AT-350 drahtlose Sprechanlage \u2014 2 St\u00fcck<br \/>\n&#8211; Kopfb\u00fcgelmikrofon HE-001 \u2014 2 St\u00fcck<br \/>\n&#8211; Transportkoffer TR-007 \u2014 1 St\u00fcck<br \/>\n&#8211; USB-Ladeger\u00e4t CR-009 \u2014 1 St\u00fcck<br \/>\n&#8211; USB-Kabel auf 2x Micro USB CA-006 \u2014 1 St\u00fcck<\/p>\n<p><strong>Die Garantiezeit betr\u00e4gt zwei Jahre.<\/strong><br \/>\nWir bieten umfassenden technischen Support, Updates und Systemwartung auch nach Ablauf der Garantiezeit.<\/p>\n<p>Das AT-350 ist das kompakteste Gegensprechsystem f\u00fcr Vollduplex-Zwei-Wege-Kommunikation auf dem Markt!<\/p>\n<p><strong>Was ist die AXIWI-Gegensprechanlage?<\/strong><br \/>\nAXIWI ist ein drahtloses Intercom-System, das f\u00fcr audiovisuelle Produktionen und Live-Events entwickelt wurde.<br \/>\nDas System stellt ein sofort einsetzbares und professionelles Kommunikationssystem f\u00fcr Produktionsteams, Techniker und A\/V-Produktionen dar.<br \/>\nDas AT-350 erm\u00f6glicht eine Vollduplex-Freisprechverbindung f\u00fcr bis zu sechs Personen.<br \/>\nEs arbeitet lizenzfrei auf der Funkfrequenz 863 MHz ~ 865 MHz in digitaler GFSK-Modulation, was es unempfindlich gegen St\u00f6rungen durch andere Funksysteme in der Umgebung macht, z. B. Wi-Fi, Drahtlosmikrofone und Mikroanschl\u00fcsse.<br \/>\nDas AXIWI AT-350 verf\u00fcgt \u00fcber acht unabh\u00e4ngige Kommunikationskan\u00e4le (die alle gleichzeitig im selben Bereich arbeiten k\u00f6nnen), auf welchen bis zu 250 Personen pro Kanal zuh\u00f6ren und sich unterhalten k\u00f6nnen.<\/p>\n<p><iframe loading=\"lazy\" title=\"AXIWI AT-350 communication system - user manual\" width=\"1170\" height=\"658\" src=\"https:\/\/www.youtube.com\/embed\/_GHQNDcNrvQ?feature=oembed\" frameborder=\"0\" allow=\"accelerometer; autoplay; clipboard-write; encrypted-media; gyroscope; picture-in-picture; web-share\" referrerpolicy=\"strict-origin-when-cross-origin\" allowfullscreen><\/iframe><\/p>\n<p><strong>Modernes drahtloses Gegensprechsystem zur Audio\u00fcbertragung und Kommunikation<\/strong><\/p>\n<p><strong>\u201eFreih\u00e4ndig\u201c<\/strong><br \/>\nDas AT-350 erm\u00f6glicht eine freih\u00e4ndige Zwei-Wege-Kommunikation. Der Benutzer tr\u00e4gt ein kleines Funkger\u00e4t am G\u00fcrtel und kann jederzeit \u00fcber ein Mikrofon-Headset etwas zu den anderen Teammitgliedern sagen oder wichtige Befehle h\u00f6ren. Freih\u00e4ndiges Arbeiten steigert die Produktivit\u00e4t, verbessert die Sicherheit am Arbeitsplatz und verringert Desorganisation und Ablenkung.<\/p>\n<p><strong>Eine drahtlose und eigenst\u00e4ndige L\u00f6sung f\u00fcr die Teamkommunikation<\/strong><br \/>\nAXIWI ist ein Kommunikationssystem, das weder Basisstation noch Verkabelung erfordert. Es handelt sich um eine vollst\u00e4ndig drahtlose L\u00f6sung, bei der nur eine Gegensprechanlage in der Gruppe im \u201eMaster\u201c-Modus eingeschaltet werden muss, um ein Telekommunikationsnetz aufzubauen.<\/p>\n<p><strong>Sichere und klare Audio\u00fcbertragung<\/strong><br \/>\nDas AT-350 sendet und empf\u00e4ngt Audiosignale im Frequenzband 863 MHz \u2013 865 MHz in digitaler GFSK-Modulation, die von g\u00e4ngigen Funksystemen und Wi-Fi nicht verwendet wird. Das Ergebnis ist ein sicheres, st\u00f6rungsfreies Kommunikationssystem ohne verk\u00fcrzte \u00dcbertragungsreichweite, die bei herk\u00f6mmlichen UHF-Funksystemen \u00fcblich ist.Ein fortschrittliches System in kompaktem.<\/p>\n<p><strong>Geh\u00e4use<\/strong><br \/>\nDas AXIWI AT-350 bietet eine Reichweite von bis zu 300 Metern in Sichtlinie und kann nach vollst\u00e4ndiger Aufladung bis zu 10 Stunden betrieben werden. Die kleine Gegensprechanlage wiegt weniger als 70 g und bietet daher den ganzen Tag \u00fcber hohen Komfort.<br \/>\nUniverseller Kopfh\u00f6rer-\/Mikrofonanschluss<br \/>\nDa der Hersteller einen 3,5-mm-TRRS-Miniklinkenanschluss verwendet, kann das AXIWI mit den meisten auf dem Markt erh\u00e4ltlichen Headsets betrieben werden. Zur Bedienung kann auch das Mikrofon-Headset des eigenen Handys genutzt werden.<br \/>\nKurzum,bietet das AXIWI AT-350 garantiert eine hochwertige drahtlose und freih\u00e4ndige Koordination f\u00fcr Teams von Audio-\/Videoproduktionen, Medienproduktion, Filmproduktion, Streamingdiensten oder f\u00fcr sonstige Teams, die eine nahtlose Echtzeit-Sprachkommunikation \u00fcber gro\u00dfe Entfernungen w\u00fcnschen.<\/p>\n<p><strong>Merkmale des AXIWI AT-350:<\/strong><br \/>\n\u2013 Zwei-Wege-Kommunikation f\u00fcr bis zu 6 Personen gleichzeitig<br \/>\n\u2013 3 Kommunikationsmodi \u2013 Master, Sub-Master, Follower<br \/>\n\u2013 Maximale Nutzeranzahl pro Kanal \u2013 bis zu 250 Personen<br \/>\n\u2013 Frequenzbereich 863 MHz ~ 865 MHz<br \/>\n\u2013 Reichweite bis zu 300 Meter in Sichtlinie<br \/>\n\u2013 8 Kommunikationskan\u00e4le<br \/>\n\u2013 Abmessungen 78 x 38 x 19 mm<br \/>\n\u2013 Gewicht: 70 Gramm (mit Batterie)<br \/>\n\u2013Kopfh\u00f6rer-\/Mikrofonanschluss 3,5 mm TRRS<br \/>\n\u2013 Betriebszeit: 10 Stunden, Ladezeit: 3~4 Stunden<br \/>\n\u2013 Schutzart IP54<\/p>\n<p>Axitour Communication Solutions ist ein bew\u00e4hrter und erfahrener Anbieter von drahtlosen Echtzeit-Kommunikationsl\u00f6sungen. Die Systeme umfassen drahtlose Vollduplex-Kommunikation f\u00fcr Sport und Sportschiedsrichter, Industrie, Audio-\/Videoproduktion, Simultandolmetschen sowie Notfall- und Zivildienste. Das niederl\u00e4ndische Unternehmen Axitour ist offizieller FIFA-Partner f\u00fcr drahtlose Zwei-Wege-Kommunikationsl\u00f6sungen.<\/p>\n","protected":false},"excerpt":{"rendered":"<p>Set von zwei Sprechanlagen f\u00fcr die Vollduplex-Sprachkommunikation zwischen Mitgliedern eines Filmteams, z. B. zwischen Regisseur und Kameramann.<\/p>\n","protected":false},"featured_media":50396,"template":"","meta":{"_acf_changed":false},"product_brand":[],"product_cat":[5974],"product_tag":[],"class_list":{"0":"post-62997","1":"product","2":"type-product","3":"status-publish","4":"has-post-thumbnail","6":"product_cat-audio-videoproduktion-de","8":"first","9":"instock","10":"taxable","11":"shipping-taxable","12":"purchasable","13":"product-type-simple"},"acf":[],"_links":{"self":[{"href":"https:\/\/mexpo.eu\/de\/wp-json\/wp\/v2\/product\/62997","targetHints":{"allow":["GET"]}}],"collection":[{"href":"https:\/\/mexpo.eu\/de\/wp-json\/wp\/v2\/product"}],"about":[{"href":"https:\/\/mexpo.eu\/de\/wp-json\/wp\/v2\/types\/product"}],"wp:featuredmedia":[{"embeddable":true,"href":"https:\/\/mexpo.eu\/de\/wp-json\/wp\/v2\/media\/50396"}],"wp:attachment":[{"href":"https:\/\/mexpo.eu\/de\/wp-json\/wp\/v2\/media?parent=62997"}],"wp:term":[{"taxonomy":"product_brand","embeddable":true,"href":"https:\/\/mexpo.eu\/de\/wp-json\/wp\/v2\/product_brand?post=62997"},{"taxonomy":"product_cat","embeddable":true,"href":"https:\/\/mexpo.eu\/de\/wp-json\/wp\/v2\/product_cat?post=62997"},{"taxonomy":"product_tag","embeddable":true,"href":"https:\/\/mexpo.eu\/de\/wp-json\/wp\/v2\/product_tag?post=62997"}],"curies":[{"name":"wp","href":"https:\/\/api.w.org\/{rel}","templated":true}]}}