{"id":62961,"date":"2025-02-17T13:28:25","date_gmt":"2025-02-17T13:28:25","guid":{"rendered":"https:\/\/mexpo.pl?post_type=product&#038;p=62961"},"modified":"2025-02-17T15:02:35","modified_gmt":"2025-02-17T15:02:35","slug":"gst-fbi-diskretes-headset-fur-gst-g2","status":"publish","type":"product","link":"https:\/\/mexpo.eu\/de\/produkt\/gst-fbi-diskretes-headset-fur-gst-g2\/","title":{"rendered":"GST-FBI &#8211; Diskretes Headset f\u00fcr GST G2"},"content":{"rendered":"<p>Kopfb\u00fcgelmikrofon f\u00fcr Mitarbeiter in der Gastronomie, im Sicherheitsbereich oder f\u00fcr alle, die ohne auff\u00e4lligen Ohrh\u00f6rer kommunizieren m\u00f6chten. Die einzigartige Schlauchtechnik des Headsets macht die Verwendung sehr diskret. Das Headset ist mit einer PTT-Taste und einem Clip ausgestattet, mit dem der H\u00f6rer diskret z. B. an einem Hemd befestigt werden kann.<\/p>\n","protected":false},"excerpt":{"rendered":"<p>Diskretes Kopfb\u00fcgelmikrofon f\u00fcr das Funkger\u00e4t mGuide GST G2.<\/p>\n","protected":false},"featured_media":50969,"template":"","meta":{"_acf_changed":false},"product_brand":[],"product_cat":[5197,5972,5944],"product_tag":[],"class_list":{"0":"post-62961","1":"product","2":"type-product","3":"status-publish","4":"has-post-thumbnail","6":"product_cat-headsets-intercom-systeme","7":"product_cat-sprechanlagen-fuer-den-radsport","8":"product_cat-sprechanlagen-fuer-die-gastronomie-horeca","10":"first","11":"instock","12":"taxable","13":"shipping-taxable","14":"purchasable","15":"product-type-simple"},"acf":[],"_links":{"self":[{"href":"https:\/\/mexpo.eu\/de\/wp-json\/wp\/v2\/product\/62961","targetHints":{"allow":["GET"]}}],"collection":[{"href":"https:\/\/mexpo.eu\/de\/wp-json\/wp\/v2\/product"}],"about":[{"href":"https:\/\/mexpo.eu\/de\/wp-json\/wp\/v2\/types\/product"}],"wp:featuredmedia":[{"embeddable":true,"href":"https:\/\/mexpo.eu\/de\/wp-json\/wp\/v2\/media\/50969"}],"wp:attachment":[{"href":"https:\/\/mexpo.eu\/de\/wp-json\/wp\/v2\/media?parent=62961"}],"wp:term":[{"taxonomy":"product_brand","embeddable":true,"href":"https:\/\/mexpo.eu\/de\/wp-json\/wp\/v2\/product_brand?post=62961"},{"taxonomy":"product_cat","embeddable":true,"href":"https:\/\/mexpo.eu\/de\/wp-json\/wp\/v2\/product_cat?post=62961"},{"taxonomy":"product_tag","embeddable":true,"href":"https:\/\/mexpo.eu\/de\/wp-json\/wp\/v2\/product_tag?post=62961"}],"curies":[{"name":"wp","href":"https:\/\/api.w.org\/{rel}","templated":true}]}}