{"id":62957,"date":"2025-02-17T13:28:24","date_gmt":"2025-02-17T13:28:24","guid":{"rendered":"https:\/\/mexpo.pl?post_type=product&#038;p=62957"},"modified":"2025-02-17T15:02:29","modified_gmt":"2025-02-17T15:02:29","slug":"gst-e007-headset-fur-gst-g2","status":"publish","type":"product","link":"https:\/\/mexpo.eu\/de\/produkt\/gst-e007-headset-fur-gst-g2\/","title":{"rendered":"GST-E007 &#8211; Headset f\u00fcr GST G2"},"content":{"rendered":"<p>Das Headset f\u00fcr ein Ohr erm\u00f6glicht es dem Benutzer, zu sprechen und andere Mitglieder der Kommunikationsgruppe zu h\u00f6ren. Das ergonomische Design aus weichem Gummi, der verstellbare Mikrofonkopfb\u00fcgel und der Kleidungsclip am Kabel erm\u00f6glichen es dem Benutzer, den H\u00f6rer (an jedem Ohr) w\u00e4hrend langer Besprechungen ohne Erm\u00fcdung zu tragen.<\/p>\n","protected":false},"excerpt":{"rendered":"<p>Headset mit B\u00fcgelmikrofon f\u00fcr das GST G2 Funkger\u00e4t.<\/p>\n","protected":false},"featured_media":50939,"template":"","meta":{"_acf_changed":false},"product_brand":[],"product_cat":[5197,5972,5944],"product_tag":[],"class_list":{"0":"post-62957","1":"product","2":"type-product","3":"status-publish","4":"has-post-thumbnail","6":"product_cat-headsets-intercom-systeme","7":"product_cat-sprechanlagen-fuer-den-radsport","8":"product_cat-sprechanlagen-fuer-die-gastronomie-horeca","10":"first","11":"instock","12":"taxable","13":"shipping-taxable","14":"purchasable","15":"product-type-simple"},"acf":[],"_links":{"self":[{"href":"https:\/\/mexpo.eu\/de\/wp-json\/wp\/v2\/product\/62957","targetHints":{"allow":["GET"]}}],"collection":[{"href":"https:\/\/mexpo.eu\/de\/wp-json\/wp\/v2\/product"}],"about":[{"href":"https:\/\/mexpo.eu\/de\/wp-json\/wp\/v2\/types\/product"}],"wp:featuredmedia":[{"embeddable":true,"href":"https:\/\/mexpo.eu\/de\/wp-json\/wp\/v2\/media\/50939"}],"wp:attachment":[{"href":"https:\/\/mexpo.eu\/de\/wp-json\/wp\/v2\/media?parent=62957"}],"wp:term":[{"taxonomy":"product_brand","embeddable":true,"href":"https:\/\/mexpo.eu\/de\/wp-json\/wp\/v2\/product_brand?post=62957"},{"taxonomy":"product_cat","embeddable":true,"href":"https:\/\/mexpo.eu\/de\/wp-json\/wp\/v2\/product_cat?post=62957"},{"taxonomy":"product_tag","embeddable":true,"href":"https:\/\/mexpo.eu\/de\/wp-json\/wp\/v2\/product_tag?post=62957"}],"curies":[{"name":"wp","href":"https:\/\/api.w.org\/{rel}","templated":true}]}}