{"id":62951,"date":"2025-02-17T13:28:24","date_gmt":"2025-02-17T13:28:24","guid":{"rendered":"https:\/\/mexpo.pl?post_type=product&#038;p=62951"},"modified":"2025-04-07T13:48:42","modified_gmt":"2025-04-07T13:48:42","slug":"mguide-gst-g2-sprechanlage-fur-horeca-zusatzliches-radio-fur-eqs-4-ski-1-velo-1-sets","status":"publish","type":"product","link":"https:\/\/mexpo.eu\/de\/produkt\/mguide-gst-g2-sprechanlage-fur-horeca-zusatzliches-radio-fur-eqs-4-ski-1-velo-1-sets\/","title":{"rendered":"mGuide GST G2 &#8211; Sprechanlage | zus\u00e4tzliches Radio f\u00fcr EQS-4, SKI-1, VELO-1 Sets"},"content":{"rendered":"<p class=\"\" data-start=\"2188\" data-end=\"2353\">Der mGuide GST G2 ist ein vielseitiges Ger\u00e4t f\u00fcr die bidirektionale Kommunikation mit integriertem Mikrofon \u2013 perfekt f\u00fcr den privaten sowie professionellen Einsatz.<\/p>\n<p class=\"\" data-start=\"2355\" data-end=\"2369\"><strong>Hauptmerkmale:<\/strong><\/p>\n<ul data-start=\"2371\" data-end=\"3108\">\n<li class=\"\" data-start=\"2371\" data-end=\"2419\">\n<p class=\"\" data-start=\"2373\" data-end=\"2419\"><strong>Gro\u00dfe Reichweite:<\/strong>\u00a0Bis zu 1 km Sichtverbindung.<\/p>\n<\/li>\n<li class=\"\" data-start=\"2420\" data-end=\"2500\">\n<p class=\"\" data-start=\"2422\" data-end=\"2500\"><strong>Kompaktes und leichtes Design:<\/strong>\u00a0Ma\u00dfe 97,5 x 55 x 20,5 mm, Gewicht nur 91 Gramm.<\/p>\n<\/li>\n<li class=\"\" data-start=\"2501\" data-end=\"2629\">\n<p class=\"\" data-start=\"2503\" data-end=\"2629\"><strong>Robustes Geh\u00e4use:<\/strong>\u00a0Aus solidem, sto\u00dffestem Kunststoff \u2013 ideal f\u00fcr den t\u00e4glichen Gebrauch und anspruchsvolle Arbeitsbedingungen.<\/p>\n<\/li>\n<li class=\"\" data-start=\"2630\" data-end=\"2696\">\n<p class=\"\" data-start=\"2632\" data-end=\"2696\"><strong>Benutzerfreundliche Bedienung:<\/strong>\u00a0Mit gro\u00dfen, gut tastbaren Tasten.<\/p>\n<\/li>\n<li class=\"\" data-start=\"2697\" data-end=\"2794\">\n<p class=\"\" data-start=\"2699\" data-end=\"2794\"><strong>PTT-Taste (Push-to-Talk):<\/strong>\u00a0Gro\u00dfe beleuchtete Sprech-Taste sowie zus\u00e4tzliche seitliche PTT-Taste.<\/p>\n<\/li>\n<li class=\"\" data-start=\"2795\" data-end=\"2818\">\n<p class=\"\" data-start=\"2797\" data-end=\"2818\"><strong>Tasten zur Kanalwahl.<\/strong><\/p>\n<\/li>\n<li class=\"\" data-start=\"2819\" data-end=\"2859\">\n<p class=\"\" data-start=\"2821\" data-end=\"2859\"><strong>Farblich abgesetzter Ein-\/Ausschalter.<\/strong><\/p>\n<\/li>\n<li class=\"\" data-start=\"2860\" data-end=\"2959\">\n<p class=\"\" data-start=\"2862\" data-end=\"2959\"><strong>Anschlussbuchse f\u00fcr externes Mikrofon oder Headset<\/strong>\u00a0\u2013 f\u00fcr mehr Komfort und diskrete Kommunikation.<\/p>\n<\/li>\n<li class=\"\" data-start=\"2960\" data-end=\"3041\">\n<p class=\"\" data-start=\"2962\" data-end=\"3041\"><strong>Bequemes Aufladen:<\/strong>\u00a0\u00dcber Micro-USB \u2013 zu Hause, im Auto oder mit einer Powerbank.<\/p>\n<\/li>\n<li class=\"\" data-start=\"3042\" data-end=\"3108\">\n<p class=\"\" data-start=\"3044\" data-end=\"3108\"><strong>Lange Betriebsdauer:<\/strong>\u00a06\u20138 Stunden mit vollst\u00e4ndig geladenem Akku.<\/p>\n<\/li>\n<\/ul>\n<p class=\"\" data-start=\"3110\" data-end=\"3122\"><strong>Anwendungen:<\/strong><\/p>\n<ul data-start=\"3124\" data-end=\"3761\">\n<li class=\"\" data-start=\"3124\" data-end=\"3460\">\n<p class=\"\" data-start=\"3126\" data-end=\"3460\"><strong>Im professionellen Einsatz:<\/strong>\u00a0Hervorragend geeignet f\u00fcr Teams im Au\u00dfeneinsatz \u2013 z.\u202fB. Bau-, Service- oder Eventteams. Optimiert die Kommunikation und Organisation in der HoReCa-Branche, etwa zwischen K\u00fcche und Service, Service und Lager, Rezeption und Reinigungspersonal oder Sicherheitsdienst \u2013 ebenso bei Catering und Veranstaltungen.<\/p>\n<\/li>\n<li class=\"\" data-start=\"3461\" data-end=\"3761\">\n<p class=\"\" data-start=\"3463\" data-end=\"3761\"><strong>Zuhause und in der Freizeit:<\/strong>\u00a0Sorgen Sie f\u00fcr st\u00e4ndige Verbindung mit Ihren Kindern beim Spielen im Garten, auf dem Spielplatz oder bei Familienausfl\u00fcgen in die Berge, ans Meer oder beim Campen. Dank der einfachen Benutzeroberfl\u00e4che und dem leichten Design auch f\u00fcr die Kleinsten einfach zu bedienen.<\/p>\n<\/li>\n<\/ul>\n<p class=\"\" data-start=\"3763\" data-end=\"3787\"><strong>Zubeh\u00f6r im Lieferumfang:<\/strong><\/p>\n<ul data-start=\"3789\" data-end=\"4121\">\n<li class=\"\" data-start=\"3789\" data-end=\"3825\">\n<p class=\"\" data-start=\"3791\" data-end=\"3825\"><strong>Netzteil und Micro-USB-Kabel.<\/strong><\/p>\n<\/li>\n<li class=\"\" data-start=\"3826\" data-end=\"3884\">\n<p class=\"\" data-start=\"3828\" data-end=\"3884\"><strong>Kurzes Handgelenkband zur Vermeidung von Herunterfallen.<\/strong><\/p>\n<\/li>\n<li class=\"\" data-start=\"3885\" data-end=\"4121\">\n<p class=\"\" data-start=\"3887\" data-end=\"4121\"><strong>Clip an der Geh\u00e4user\u00fcckseite zur einfachen Befestigung am G\u00fcrtel, in der Tasche oder am Rucksack<\/strong>. Eine praktische L\u00f6sung f\u00fcr aktive Familien und Au\u00dfendienstmitarbeiter, die freie H\u00e4nde und schnellen Zugriff auf das Interkom ben\u00f6tigen.<\/p>\n<\/li>\n<\/ul>\n","protected":false},"excerpt":{"rendered":"<p>Taschen-Interkom mGuide GST G2 f\u00fcr drahtlose bidirektionale Kommunikation. Ideal f\u00fcr den professionellen und privaten Gebrauch.<\/p>\n","protected":false},"featured_media":50888,"template":"","meta":{"_acf_changed":false},"product_brand":[],"product_cat":[5961,5972,5944,6185,5947,5967],"product_tag":[],"class_list":{"0":"post-62951","1":"product","2":"type-product","3":"status-publish","4":"has-post-thumbnail","6":"product_cat-mguide-gst-de","7":"product_cat-sprechanlagen-fuer-den-radsport","8":"product_cat-sprechanlagen-fuer-die-gastronomie-horeca","9":"product_cat-sprechanlagen-fuer-kleine-unternehmen","10":"product_cat-sprechanlagen-fuer-reitsportaktivitaeten","11":"product_cat-sprechanlagen-fuer-skifahren","13":"first","14":"instock","15":"sale","16":"taxable","17":"shipping-taxable","18":"purchasable","19":"product-type-simple"},"acf":[],"_links":{"self":[{"href":"https:\/\/mexpo.eu\/de\/wp-json\/wp\/v2\/product\/62951","targetHints":{"allow":["GET"]}}],"collection":[{"href":"https:\/\/mexpo.eu\/de\/wp-json\/wp\/v2\/product"}],"about":[{"href":"https:\/\/mexpo.eu\/de\/wp-json\/wp\/v2\/types\/product"}],"wp:featuredmedia":[{"embeddable":true,"href":"https:\/\/mexpo.eu\/de\/wp-json\/wp\/v2\/media\/50888"}],"wp:attachment":[{"href":"https:\/\/mexpo.eu\/de\/wp-json\/wp\/v2\/media?parent=62951"}],"wp:term":[{"taxonomy":"product_brand","embeddable":true,"href":"https:\/\/mexpo.eu\/de\/wp-json\/wp\/v2\/product_brand?post=62951"},{"taxonomy":"product_cat","embeddable":true,"href":"https:\/\/mexpo.eu\/de\/wp-json\/wp\/v2\/product_cat?post=62951"},{"taxonomy":"product_tag","embeddable":true,"href":"https:\/\/mexpo.eu\/de\/wp-json\/wp\/v2\/product_tag?post=62951"}],"curies":[{"name":"wp","href":"https:\/\/api.w.org\/{rel}","templated":true}]}}