{"id":62947,"date":"2025-02-17T13:28:24","date_gmt":"2025-02-17T13:28:24","guid":{"rendered":"https:\/\/mexpo.pl?post_type=product&#038;p=62947"},"modified":"2025-02-17T15:02:24","modified_gmt":"2025-02-17T15:02:24","slug":"sm-01-mikrofon-fur-gst-g1","status":"publish","type":"product","link":"https:\/\/mexpo.eu\/de\/produkt\/sm-01-mikrofon-fur-gst-g1\/","title":{"rendered":"SM-01 &#8211; Mikrofon f\u00fcr GST G1"},"content":{"rendered":"<p>Traditionelles Tischmikrofon, das als Ersatz f\u00fcr das Lautsprechermikrofon des mGuide GST 01 Funkger\u00e4tes verwendet werden kann.<\/p>\n","protected":false},"excerpt":{"rendered":"<p>Ein \u201eSchwanenhalsmikrofon\u201c f\u00fcr die GST-G1-Station.<\/p>\n","protected":false},"featured_media":50924,"template":"","meta":{"_acf_changed":false},"product_brand":[],"product_cat":[5944,5932],"product_tag":[],"class_list":{"0":"post-62947","1":"product","2":"type-product","3":"status-publish","4":"has-post-thumbnail","6":"product_cat-sprechanlagen-fuer-die-gastronomie-horeca","7":"product_cat-zubehoer-fuer-intercom-systeme","9":"first","10":"instock","11":"taxable","12":"shipping-taxable","13":"purchasable","14":"product-type-simple"},"acf":[],"_links":{"self":[{"href":"https:\/\/mexpo.eu\/de\/wp-json\/wp\/v2\/product\/62947","targetHints":{"allow":["GET"]}}],"collection":[{"href":"https:\/\/mexpo.eu\/de\/wp-json\/wp\/v2\/product"}],"about":[{"href":"https:\/\/mexpo.eu\/de\/wp-json\/wp\/v2\/types\/product"}],"wp:featuredmedia":[{"embeddable":true,"href":"https:\/\/mexpo.eu\/de\/wp-json\/wp\/v2\/media\/50924"}],"wp:attachment":[{"href":"https:\/\/mexpo.eu\/de\/wp-json\/wp\/v2\/media?parent=62947"}],"wp:term":[{"taxonomy":"product_brand","embeddable":true,"href":"https:\/\/mexpo.eu\/de\/wp-json\/wp\/v2\/product_brand?post=62947"},{"taxonomy":"product_cat","embeddable":true,"href":"https:\/\/mexpo.eu\/de\/wp-json\/wp\/v2\/product_cat?post=62947"},{"taxonomy":"product_tag","embeddable":true,"href":"https:\/\/mexpo.eu\/de\/wp-json\/wp\/v2\/product_tag?post=62947"}],"curies":[{"name":"wp","href":"https:\/\/api.w.org\/{rel}","templated":true}]}}