{"id":62946,"date":"2025-02-17T13:28:24","date_gmt":"2025-02-17T13:28:24","guid":{"rendered":"https:\/\/mexpo.pl?post_type=product&#038;p=62946"},"modified":"2025-02-17T15:02:27","modified_gmt":"2025-02-17T15:02:27","slug":"fs-01-ptt-fustaste-fur-sm-01","status":"publish","type":"product","link":"https:\/\/mexpo.eu\/de\/produkt\/fs-01-ptt-fustaste-fur-sm-01\/","title":{"rendered":"FS-01 &#8211; PTT-Fu\u00dftaste f\u00fcr SM-01"},"content":{"rendered":"<p>Push-To-Talk-Fu\u00dftaste f\u00fcr den ber\u00fchrungslosen Betrieb des SM01-Tischmikrofons.<\/p>\n","protected":false},"excerpt":{"rendered":"<p>PTT-Fu\u00dftaste (Push-To-Talk) f\u00fcr SM-01-Mikrofon \/ GST-G1-Station.<\/p>\n","protected":false},"featured_media":50933,"template":"","meta":{"_acf_changed":false},"product_brand":[],"product_cat":[5944,5932],"product_tag":[],"class_list":{"0":"post-62946","1":"product","2":"type-product","3":"status-publish","4":"has-post-thumbnail","6":"product_cat-sprechanlagen-fuer-die-gastronomie-horeca","7":"product_cat-zubehoer-fuer-intercom-systeme","9":"first","10":"instock","11":"taxable","12":"shipping-taxable","13":"purchasable","14":"product-type-simple"},"acf":[],"_links":{"self":[{"href":"https:\/\/mexpo.eu\/de\/wp-json\/wp\/v2\/product\/62946","targetHints":{"allow":["GET"]}}],"collection":[{"href":"https:\/\/mexpo.eu\/de\/wp-json\/wp\/v2\/product"}],"about":[{"href":"https:\/\/mexpo.eu\/de\/wp-json\/wp\/v2\/types\/product"}],"wp:featuredmedia":[{"embeddable":true,"href":"https:\/\/mexpo.eu\/de\/wp-json\/wp\/v2\/media\/50933"}],"wp:attachment":[{"href":"https:\/\/mexpo.eu\/de\/wp-json\/wp\/v2\/media?parent=62946"}],"wp:term":[{"taxonomy":"product_brand","embeddable":true,"href":"https:\/\/mexpo.eu\/de\/wp-json\/wp\/v2\/product_brand?post=62946"},{"taxonomy":"product_cat","embeddable":true,"href":"https:\/\/mexpo.eu\/de\/wp-json\/wp\/v2\/product_cat?post=62946"},{"taxonomy":"product_tag","embeddable":true,"href":"https:\/\/mexpo.eu\/de\/wp-json\/wp\/v2\/product_tag?post=62946"}],"curies":[{"name":"wp","href":"https:\/\/api.w.org\/{rel}","templated":true}]}}