{"id":62880,"date":"2025-02-17T13:27:39","date_gmt":"2025-02-17T13:27:39","guid":{"rendered":"https:\/\/mexpo.pl?post_type=product&#038;p=62880"},"modified":"2025-02-17T15:01:54","modified_gmt":"2025-02-17T15:01:54","slug":"horerset-fur-zwei-wege-kommunikation-drahtlose-sprechanlage-fur-das-gesundheitswesen-set-hc-5-fc","status":"publish","type":"product","link":"https:\/\/mexpo.eu\/de\/produkt\/horerset-fur-zwei-wege-kommunikation-drahtlose-sprechanlage-fur-das-gesundheitswesen-set-hc-5-fc\/","title":{"rendered":"H\u00f6rerset f\u00fcr Zwei-Wege-Kommunikation \/ drahtlose Sprechanlage f\u00fcr das Gesundheitswesen &#8211; Set HC-5-FC"},"content":{"rendered":"<p><strong>Wie kann die Zwei-Wege-Funkkommunikation dem Gesundheitswesen n\u00fctzen?<\/strong><br \/>\nW\u00e4hrend der Krise sind Zwei-Wege-H\u00f6rersets zu einem noch wertvolleren Instrument f\u00fcr Kommunikation, Koordination, Sicherheit und Schutz geworden.<br \/>\nMit einer breiten Palette an lizenzfreien digitalen Sprechanlagen und H\u00f6rersets haben wir eine L\u00f6sung, die Ihre Anforderungen erf\u00fcllt und die Produktivit\u00e4t steigert.<br \/>\nDar\u00fcber hinaus sind wir in der Lage, Kommunikationssysteme mit Repeatern und standort\u00fcbergreifender Konnektivit\u00e4t anzubieten, um Reichweite und Signalst\u00e4rke zu erh\u00f6hen.<\/p>\n<p>F\u00fcr Krankenh\u00e4user, Operationss\u00e4le, Isolierstationen und Pflegeteams haben wir ein speziell auf Ihre Bed\u00fcrfnisse zugeschnittenes Set:<br \/>\n&#8211; Okayo FreeCom drahtlose Sprechanlage &#8211; 5 St\u00fcck<br \/>\n&#8211; Headset HEM-21 &#8211; 5 St\u00fcck<br \/>\n&#8211; Tischladeger\u00e4t mit Transportkoffer Okayo CHG-5 &#8211; 1 St\u00fcck<br \/>\n&#8211; Wiederaufladbare Ni-MH AA everActive Silver Line 2000 Batterie &#8211; 10 St\u00fcck<\/p>\n<p>Hygienezubeh\u00f6r finden Sie im Bereich &#8220;<a href=\"https:\/\/mguide.eu\/de\/produktkategorie\/hygiene-de\/\">hygiene<\/a>&#8220;.<\/p>\n<p>Jeder Arzt wei\u00df, wie wichtig es ist, im Operationssaal oder bei einem Notfall aufmerksam und konzentriert zu sein und schnell zu reagieren.<br \/>\nDie genaue und eindeutige Weitergabe und Entgegennahme wichtiger Informationen zwischen den Mitgliedern des Operationsteams ist bei jedem Eingriff von entscheidender Bedeutung.<br \/>\nWenn jedes Teammitglied mit einem drahtlosen Okayo FreeCom-H\u00f6rerset ausgestattet ist, wird seine Effizienz erheblich gesteigert.<\/p>\n<p>Okayo FreeCom ist ein hochmodernes Sprechanlagensystem f\u00fcr die Vollduplex-Kommunikation in beide Richtungen. Ein System f\u00fcr Krankenh\u00e4user, Kliniken, medizinische Einrichtungen, Labors und medizinische Notfallteams. Es erm\u00f6glicht die Schaffung eines sofortigen und professionellen Kommunikationssystems f\u00fcr medizinisches und Krankenhauspersonal.<br \/>\nErm\u00f6glicht gleichzeitige Telefonkonferenzen f\u00fcr bis zu sechs Personen von einer unbegrenzten Anzahl von Benutzern auf demselben Funkkanal. Das System arbeitet ohne Lizenz (mit Zugangsverschl\u00fcsselung) auf der Funkfrequenz 863 MHz ~ 865 MHz in digitaler 4GFSK-Modulation, was es unempfindlich gegen\u00fcber St\u00f6rungen durch andere Funksysteme in der Umgebung macht, z. B. Wi-Fi, drahtlose Mikrofone und Mikroports. FreeCom verf\u00fcgt \u00fcber 7 unabh\u00e4ngige Kommunikationskan\u00e4le (die alle gleichzeitig im selben Bereich arbeiten k\u00f6nnen), auf denen eine unbegrenzte Anzahl von Benutzern zuh\u00f6ren und sich an den Gespr\u00e4chen beteiligen kann.<\/p>\n<p>Das Okayo FreeCom-System kann als Zwei-Wege-Audiosystem f\u00fcr Schulungen und Podiumsdiskussionen sowohl f\u00fcr station\u00e4re als auch f\u00fcr Remote-Teilnehmer eingesetzt werden. Es bietet volle Konnektivit\u00e4t zu externen Audioplattformen und Kommunikatoren wie Zoom, Teams, die Klinikern eine klare Zwei-Wege-Echtzeitkommunikation mit entfernten Seminaren, zwischen H\u00f6rs\u00e4len und \u00e4hnlichen Orten erm\u00f6glichen.<\/p>\n<p>Sehen Sie sich ein Video \u00fcber das Okayo FreeCom-System an, aufgenommen von Dr. Eng. Marcin Zastawnik (Akustikspezialist, ProperSound) &#8211; Okayo FreeCom drahtlose Sprechanlagen:<br \/>\n\u201eAuf der anderen Seite, wenn jemand kaufen will, w\u00fcrde ich auf jeden Fall empfehlen, dieses FreeCom zu kaufen, weil es einfach eine coole L\u00f6sung ist, die funktioniert. Es ist klein im Vergleich zu anderen L\u00f6sungench.\u201c<\/p>\n<p><iframe loading=\"lazy\" title=\"Interkomy bezprzewodowe Okayo FreeCom\" width=\"1170\" height=\"658\" src=\"https:\/\/www.youtube.com\/embed\/AnLdZNaQENM?feature=oembed\" frameborder=\"0\" allow=\"accelerometer; autoplay; clipboard-write; encrypted-media; gyroscope; picture-in-picture; web-share\" referrerpolicy=\"strict-origin-when-cross-origin\" allowfullscreen><\/iframe><\/p>\n<p><strong>FreeCom ist ein digitales Zwei-Wege-System mit einem breiten Anwendungsspektrum, das auf vier Hauptprinzipien beruht:<\/strong><br \/>\n<strong>Flexibilit\u00e4t<\/strong> &#8211;\u00a0jede Sprechanlage kann als Master-Einheit, als Sub-Master-Einheit oder nur f\u00fcr Gruppenh\u00f6ren (Listen) eingerichtet werden.<br \/>\n<strong>Steuerung<\/strong> &#8211; die Master-Einheit hat Vorrang vor den anderen, um Ordnung in die Gruppe zu bringen.<br \/>\n<strong>Sicherheit<\/strong> &#8211; digitale Verschl\u00fcsselung f\u00fcr den Kanalzugang. Bei privaten \u00dcbertragungen kann die geschlossene Gruppe verschl\u00fcsselt werden, um zu verhindern, dass unerw\u00fcnschte Personen die Gespr\u00e4che mith\u00f6ren.<br \/>\n<strong>Drahtlos<\/strong> &#8211; keine Basisstation, Installation oder Ger\u00e4teregistrierung. Das System kann sowohl im Innen- als auch im Au\u00dfenbereich eingesetzt werden.<\/p>\n<p><strong>Vorteile von Zwei-Wege-Vollduplex gegen\u00fcber Halbduplex-Systemen<\/strong><br \/>\nZu den Vorteilen der drahtlosen Sprechanlagen geh\u00f6ren schnellere, klarere und nat\u00fcrlichere Gespr\u00e4che, Freisprechbetrieb und erh\u00f6hte Produktivit\u00e4t. Dar\u00fcber hinaus bieten Sprechanlagen mit digitaler Technologie oft eine bessere Klangqualit\u00e4t als Funkger\u00e4te. Die verwendeten Technologien sind nicht anf\u00e4llig f\u00fcr Rauschen oder andere St\u00f6rungen. Eine hohe Klangqualit\u00e4t und geringe Latenz bedeutet, dass die Mitarbeiter einander besser verstehen , und Missverst\u00e4ndnisse vermeiden.<\/p>\n<p><strong>Merkmale von Okayo FreeCom:<\/strong><br \/>\n\u2013 4GFSK digitales Modulationsverfahren mit Ger\u00e4uschunterdr\u00fcckung<br \/>\n\u2013 Einseitige oder bidirektionale Vollduplex-Kommunikation<br \/>\n\u2013 Wahlm\u00f6glichkeit der Kanalverschl\u00fcsselung f\u00fcr private und sichere Gespr\u00e4che<br \/>\n\u2013 Jedes Ger\u00e4t kann als Master, Sub-Master oder Listen konfiguriert werden<br \/>\n\u2013 Drahtlose Ger\u00e4tesynchronisation<br \/>\n\u2013 7 Kan\u00e4le f\u00fcr das Frequenzband 863 ~ 865 MHz<br \/>\n\u2013 Keine Beschr\u00e4nkung der Gruppengr\u00f6\u00dfe<br \/>\n\u2013 Beleuchtete, kontrastreiche OLED-Anzeige<br \/>\n\u2013 Vollst\u00e4ndig drahtloses System ohne Basisstation oder Installation<br \/>\n\u2013 Reichweite \u00fcber 100 m in der Sichtlinie<br \/>\n\u2013 Ganzt\u00e4giger Betrieb mit einem Satz Batterien<br \/>\n\u2013 Drei Sprechtastenfunktionen\u2013 PTB, PTT, PTM<br \/>\n\u2013 Einstellbare Mikrofonempfindlichkeit und HF-Leistung<br \/>\n\u2013 H\u00f6rger\u00e4te-kompatible Kopfh\u00f6rerbuchse (HAC)<br \/>\n\u2013 Zus\u00e4tzliche Aux-In-Buchse am Ger\u00e4t<br \/>\n\u2013 Gro\u00dfes Angebot an Zubeh\u00f6r<\/p>\n<p><strong>Die Garantiezeit betr\u00e4gt 3 Jahre.<\/strong><br \/>\nWir bieten vollen technischen Support, Updates und Systemwartung auch nach Ablauf der Garantiezeit.<\/p>\n<p><strong>Okayo Electronics Co.<\/strong>, Ltd, ein Hersteller mit Sitz in Taiwan, wurde 1996 von einer Gruppe von Ingenieuren gegr\u00fcndet, die eine gro\u00dfe Leidenschaft f\u00fcr drahtlose Kommunikation hatten.<br \/>\nOkayo stellt zuverl\u00e4ssige, langlebige und erschwingliche Produkte her, die Menschen helfen, auf komfortable Weise miteinander zu kommunizieren. Sie basieren auf verschiedenen drahtlosen Technologien und L\u00f6sungen &#8211; Infrarot, VHF, UHF, 2,4 GHz, digitales UHF und andere. Durch kontinuierliche Bem\u00fchungen in den Bereichen Marktforschung, Technologieforschung und Qualit\u00e4tsverbesserung wird Okayo zu einem f\u00fchrenden Anbieter von drahtlosen Tourguidesystemen, Audioguidesystemen, drahtlosen Sound- und Mikrofonsystemen.<\/p>\n","protected":false},"excerpt":{"rendered":"<p>Bidirektionales H\u00f6rerset zur Teamkommunikation f\u00fcr Klinikpersonal. Mini-Funkger\u00e4t, Vollduplex-Sprechanlage f\u00fcr das Gesundheitswesen, medizinische Einrichtungen, Krankenh\u00e4user, Sanit\u00e4ter.<\/p>\n","protected":false},"featured_media":50501,"template":"","meta":{"_acf_changed":false},"product_brand":[],"product_cat":[5971],"product_tag":[],"class_list":{"0":"post-62880","1":"product","2":"type-product","3":"status-publish","4":"has-post-thumbnail","6":"product_cat-sprechanlagen-fuer-das-gesundheitswesen","8":"first","9":"instock","10":"taxable","11":"shipping-taxable","12":"purchasable","13":"product-type-simple"},"acf":[],"_links":{"self":[{"href":"https:\/\/mexpo.eu\/de\/wp-json\/wp\/v2\/product\/62880","targetHints":{"allow":["GET"]}}],"collection":[{"href":"https:\/\/mexpo.eu\/de\/wp-json\/wp\/v2\/product"}],"about":[{"href":"https:\/\/mexpo.eu\/de\/wp-json\/wp\/v2\/types\/product"}],"wp:featuredmedia":[{"embeddable":true,"href":"https:\/\/mexpo.eu\/de\/wp-json\/wp\/v2\/media\/50501"}],"wp:attachment":[{"href":"https:\/\/mexpo.eu\/de\/wp-json\/wp\/v2\/media?parent=62880"}],"wp:term":[{"taxonomy":"product_brand","embeddable":true,"href":"https:\/\/mexpo.eu\/de\/wp-json\/wp\/v2\/product_brand?post=62880"},{"taxonomy":"product_cat","embeddable":true,"href":"https:\/\/mexpo.eu\/de\/wp-json\/wp\/v2\/product_cat?post=62880"},{"taxonomy":"product_tag","embeddable":true,"href":"https:\/\/mexpo.eu\/de\/wp-json\/wp\/v2\/product_tag?post=62880"}],"curies":[{"name":"wp","href":"https:\/\/api.w.org\/{rel}","templated":true}]}}