{"id":62834,"date":"2025-02-17T13:14:38","date_gmt":"2025-02-17T13:14:38","guid":{"rendered":"https:\/\/mexpo.pl?post_type=product&#038;p=62834"},"modified":"2025-02-17T14:51:34","modified_gmt":"2025-02-17T14:51:34","slug":"ladegerat-everactive-nc-1600-ni-mh-fur-16-wiederaufladbare-batterien","status":"publish","type":"product","link":"https:\/\/mexpo.eu\/de\/produkt\/ladegerat-everactive-nc-1600-ni-mh-fur-16-wiederaufladbare-batterien\/","title":{"rendered":"Ladeger\u00e4t everactive NC-1600 Ni-MH f\u00fcr 16 wiederaufladbare Batterien"},"content":{"rendered":"<p>Das Ladeger\u00e4t everActive NC-1600 hat bis zu 16 unabh\u00e4ngige Ladekan\u00e4le f\u00fcr Ni-MH-Akkus der Gr\u00f6\u00dfen R6\/AA oder R03\/AAA, jede Zelle wird einzeln geladen.<\/p>\n<p>Erm\u00f6glicht das Aufladen von 16 wiederaufladbaren R6\/AA- oder R03\/AAA-Batterien in beliebiger Konfiguration\/Kombination, mit beliebiger Kapazit\u00e4t und von beliebigen Herstellern.<\/p>\n<p>Die wichtigsten Eigenschaften des Ladeger\u00e4ts NC-1600:<br \/>\n&#8211; schnelles Laden einer gro\u00dfen Anzahl von Batterien gleichzeitig &#8211; optimal f\u00fcr industrielle und professionelle Anwendungen,<br \/>\n&#8211; beleuchtete LCD-Anzeige mit Batterieladeanzeige separat f\u00fcr jeden Ladeschacht &#8211; zeigt w\u00e4hrend des Ladevorgangs einfach und \u00fcbersichtlich den aktuellen Ladezustand (entsprechend 25\/50\/75\/100 %) in einem Balkendiagramm an,<br \/>\n&#8211; beinhaltet einen 100-240V AC Netzadapter und einen 12V Autoadapter,<br \/>\n&#8211; hat eine Funktion zum Auffrischen (Entladen) der wiederaufladbaren Batterien bei Bedarf, so dass Sie l\u00e4nger Freude an der Leistungsf\u00e4higkeit der Zellen haben,<br \/>\n&#8211; das Ladeger\u00e4t ist gegen Kurzschluss, falsch eingelegte Batterien und \u00dcberhitzung gesch\u00fctzt,<br \/>\n&#8211; der Ladevorgang ist mikroprozessorgesteuert mit -dV-Erkennung &#8211; dies garantiert eine volle Ladung f\u00fcr jede einzelne Zelle.<\/p>\n<p>Das Set enth\u00e4lt:<br \/>\n&#8211; Ladeger\u00e4t,<br \/>\n&#8211; Netzadapter,<br \/>\n&#8211; 12V-Autoadapter,<br \/>\n&#8211; Anleitungen in Polnisch, Englisch und Deutsch.<\/p>\n","protected":false},"excerpt":{"rendered":"<p>Das Ladeger\u00e4t everActive NC-1600 hat bis zu 16 unabh\u00e4ngige Ladekan\u00e4le f\u00fcr Ni-MH-Akkus der Gr\u00f6\u00dfen R6\/AA oder R03\/AAA, jede Zelle wird einzeln geladen.<\/p>\n","protected":false},"featured_media":48929,"template":"","meta":{"_acf_changed":false},"product_brand":[],"product_cat":[6000,5977],"product_tag":[],"class_list":{"0":"post-62834","1":"product","2":"type-product","3":"status-publish","4":"has-post-thumbnail","6":"product_cat-ladegeraete","7":"product_cat-ladegeraete-fuer-gegensprechanlagen","9":"first","10":"instock","11":"taxable","12":"shipping-taxable","13":"purchasable","14":"product-type-simple"},"acf":[],"_links":{"self":[{"href":"https:\/\/mexpo.eu\/de\/wp-json\/wp\/v2\/product\/62834","targetHints":{"allow":["GET"]}}],"collection":[{"href":"https:\/\/mexpo.eu\/de\/wp-json\/wp\/v2\/product"}],"about":[{"href":"https:\/\/mexpo.eu\/de\/wp-json\/wp\/v2\/types\/product"}],"wp:featuredmedia":[{"embeddable":true,"href":"https:\/\/mexpo.eu\/de\/wp-json\/wp\/v2\/media\/48929"}],"wp:attachment":[{"href":"https:\/\/mexpo.eu\/de\/wp-json\/wp\/v2\/media?parent=62834"}],"wp:term":[{"taxonomy":"product_brand","embeddable":true,"href":"https:\/\/mexpo.eu\/de\/wp-json\/wp\/v2\/product_brand?post=62834"},{"taxonomy":"product_cat","embeddable":true,"href":"https:\/\/mexpo.eu\/de\/wp-json\/wp\/v2\/product_cat?post=62834"},{"taxonomy":"product_tag","embeddable":true,"href":"https:\/\/mexpo.eu\/de\/wp-json\/wp\/v2\/product_tag?post=62834"}],"curies":[{"name":"wp","href":"https:\/\/api.w.org\/{rel}","templated":true}]}}