{"id":62743,"date":"2025-02-17T13:26:10","date_gmt":"2025-02-17T13:26:10","guid":{"rendered":"https:\/\/mexpo.pl?post_type=product&#038;p=62743"},"modified":"2025-02-17T14:59:54","modified_gmt":"2025-02-17T14:59:54","slug":"transportkoffer-tr-004","status":"publish","type":"product","link":"https:\/\/mexpo.eu\/de\/produkt\/transportkoffer-tr-004\/","title":{"rendered":"Transportkoffer TR-004"},"content":{"rendered":"<p>Benutzerfreundliche, gro\u00dfe Transportbox f\u00fcr 10 Sprechstellen, Bulk-Ladeger\u00e4t und Zubeh\u00f6r. TR-004 besteht aus Aluminium und ist ein sehr solider und langlebiger Schutz f\u00fcr alle Elemente des Systems.<\/p>\n","protected":false},"excerpt":{"rendered":"<p>Benutzerfreundliche, gro\u00dfe Transportbox f\u00fcr 10 Sprechstellen, Bulk-Ladeger\u00e4t und Zubeh\u00f6r. <\/p>\n","protected":false},"featured_media":50302,"template":"","meta":{"_acf_changed":false},"product_brand":[],"product_cat":[5975],"product_tag":[],"class_list":{"0":"post-62743","1":"product","2":"type-product","3":"status-publish","4":"has-post-thumbnail","6":"product_cat-koffer-und-transportkisten-fuer-gegensprechanlagen","8":"first","9":"instock","10":"taxable","11":"shipping-taxable","12":"purchasable","13":"product-type-simple"},"acf":[],"_links":{"self":[{"href":"https:\/\/mexpo.eu\/de\/wp-json\/wp\/v2\/product\/62743","targetHints":{"allow":["GET"]}}],"collection":[{"href":"https:\/\/mexpo.eu\/de\/wp-json\/wp\/v2\/product"}],"about":[{"href":"https:\/\/mexpo.eu\/de\/wp-json\/wp\/v2\/types\/product"}],"wp:featuredmedia":[{"embeddable":true,"href":"https:\/\/mexpo.eu\/de\/wp-json\/wp\/v2\/media\/50302"}],"wp:attachment":[{"href":"https:\/\/mexpo.eu\/de\/wp-json\/wp\/v2\/media?parent=62743"}],"wp:term":[{"taxonomy":"product_brand","embeddable":true,"href":"https:\/\/mexpo.eu\/de\/wp-json\/wp\/v2\/product_brand?post=62743"},{"taxonomy":"product_cat","embeddable":true,"href":"https:\/\/mexpo.eu\/de\/wp-json\/wp\/v2\/product_cat?post=62743"},{"taxonomy":"product_tag","embeddable":true,"href":"https:\/\/mexpo.eu\/de\/wp-json\/wp\/v2\/product_tag?post=62743"}],"curies":[{"name":"wp","href":"https:\/\/api.w.org\/{rel}","templated":true}]}}