{"id":62736,"date":"2025-02-17T13:26:09","date_gmt":"2025-02-17T13:26:09","guid":{"rendered":"https:\/\/mexpo.pl?post_type=product&#038;p=62736"},"modified":"2025-02-17T14:59:50","modified_gmt":"2025-02-17T14:59:50","slug":"transportkoffer-tr-003","status":"publish","type":"product","link":"https:\/\/mexpo.eu\/de\/produkt\/transportkoffer-tr-003\/","title":{"rendered":"Transportkoffer TR-003"},"content":{"rendered":"<p>TR-003 Comfort ist ein leichtes (Kunststoff) und sehr kompaktes Geh\u00e4use, das Platz f\u00fcr 3 Ger\u00e4te bietet. Dieser Koffer ist ideal f\u00fcr den Transport eines Intercom-Kommunikationssystems.<\/p>\n","protected":false},"excerpt":{"rendered":"<p>TR-003 Comfort ist ein leichtes (Kunststoff) und sehr kompaktes Geh\u00e4use, das Platz f\u00fcr 3 Ger\u00e4te bietet.<\/p>\n","protected":false},"featured_media":50296,"template":"","meta":{"_acf_changed":false},"product_brand":[],"product_cat":[5975],"product_tag":[],"class_list":{"0":"post-62736","1":"product","2":"type-product","3":"status-publish","4":"has-post-thumbnail","6":"product_cat-koffer-und-transportkisten-fuer-gegensprechanlagen","8":"first","9":"instock","10":"taxable","11":"shipping-taxable","12":"purchasable","13":"product-type-simple"},"acf":[],"_links":{"self":[{"href":"https:\/\/mexpo.eu\/de\/wp-json\/wp\/v2\/product\/62736","targetHints":{"allow":["GET"]}}],"collection":[{"href":"https:\/\/mexpo.eu\/de\/wp-json\/wp\/v2\/product"}],"about":[{"href":"https:\/\/mexpo.eu\/de\/wp-json\/wp\/v2\/types\/product"}],"wp:featuredmedia":[{"embeddable":true,"href":"https:\/\/mexpo.eu\/de\/wp-json\/wp\/v2\/media\/50296"}],"wp:attachment":[{"href":"https:\/\/mexpo.eu\/de\/wp-json\/wp\/v2\/media?parent=62736"}],"wp:term":[{"taxonomy":"product_brand","embeddable":true,"href":"https:\/\/mexpo.eu\/de\/wp-json\/wp\/v2\/product_brand?post=62736"},{"taxonomy":"product_cat","embeddable":true,"href":"https:\/\/mexpo.eu\/de\/wp-json\/wp\/v2\/product_cat?post=62736"},{"taxonomy":"product_tag","embeddable":true,"href":"https:\/\/mexpo.eu\/de\/wp-json\/wp\/v2\/product_tag?post=62736"}],"curies":[{"name":"wp","href":"https:\/\/api.w.org\/{rel}","templated":true}]}}