{"id":62729,"date":"2025-02-17T13:25:52","date_gmt":"2025-02-17T13:25:52","guid":{"rendered":"https:\/\/mexpo.pl?post_type=product&#038;p=62729"},"modified":"2025-02-17T14:59:46","modified_gmt":"2025-02-17T14:59:46","slug":"transportkoffer-cb-10gm","status":"publish","type":"product","link":"https:\/\/mexpo.eu\/de\/produkt\/transportkoffer-cb-10gm\/","title":{"rendered":"Transportkoffer CB-10GM"},"content":{"rendered":"<p>Solides und langlebiges Geh\u00e4use f\u00fcr 10 Ger\u00e4te.<\/p>\n","protected":false},"excerpt":{"rendered":"<p>Solides und langlebiges Geh\u00e4use f\u00fcr 10 Ger\u00e4te.<\/p>\n","protected":false},"featured_media":50278,"template":"","meta":{"_acf_changed":false},"product_brand":[],"product_cat":[5975],"product_tag":[],"class_list":{"0":"post-62729","1":"product","2":"type-product","3":"status-publish","4":"has-post-thumbnail","6":"product_cat-koffer-und-transportkisten-fuer-gegensprechanlagen","8":"first","9":"instock","10":"taxable","11":"shipping-taxable","12":"purchasable","13":"product-type-simple"},"acf":[],"_links":{"self":[{"href":"https:\/\/mexpo.eu\/de\/wp-json\/wp\/v2\/product\/62729","targetHints":{"allow":["GET"]}}],"collection":[{"href":"https:\/\/mexpo.eu\/de\/wp-json\/wp\/v2\/product"}],"about":[{"href":"https:\/\/mexpo.eu\/de\/wp-json\/wp\/v2\/types\/product"}],"wp:featuredmedia":[{"embeddable":true,"href":"https:\/\/mexpo.eu\/de\/wp-json\/wp\/v2\/media\/50278"}],"wp:attachment":[{"href":"https:\/\/mexpo.eu\/de\/wp-json\/wp\/v2\/media?parent=62729"}],"wp:term":[{"taxonomy":"product_brand","embeddable":true,"href":"https:\/\/mexpo.eu\/de\/wp-json\/wp\/v2\/product_brand?post=62729"},{"taxonomy":"product_cat","embeddable":true,"href":"https:\/\/mexpo.eu\/de\/wp-json\/wp\/v2\/product_cat?post=62729"},{"taxonomy":"product_tag","embeddable":true,"href":"https:\/\/mexpo.eu\/de\/wp-json\/wp\/v2\/product_tag?post=62729"}],"curies":[{"name":"wp","href":"https:\/\/api.w.org\/{rel}","templated":true}]}}