{"id":62694,"date":"2025-02-17T13:25:30","date_gmt":"2025-02-17T13:25:30","guid":{"rendered":"https:\/\/mexpo.pl?post_type=product&#038;p=62694"},"modified":"2025-02-17T14:59:27","modified_gmt":"2025-02-17T14:59:27","slug":"audiokabel-ca-007","status":"publish","type":"product","link":"https:\/\/mexpo.eu\/de\/produkt\/audiokabel-ca-007\/","title":{"rendered":"Audiokabel CA-007"},"content":{"rendered":"<p>Das Audiokabel CA-007 f\u00fcr Videokonferenzen wurde speziell entwickelt, um \u00fcber Zoom oder Teams einen &#8220;Remote&#8221;-Rundgang durch Ihr Unternehmen zu erm\u00f6glichen. Auf diese Weise k\u00f6nnen Sie Teilnehmer, die nicht physisch anwesend sind, interaktiv in die Tour einbeziehen. 3,5-mm-TRRS-Klinkenstecker.<\/p>\n","protected":false},"excerpt":{"rendered":"<p>Das Audiokabel CA-007 f\u00fcr Videokonferenzen wurde speziell entwickelt, um \u00fcber Zoom oder Teams einen &#8220;Remote&#8221;-Rundgang durch Ihr Unternehmen zu erm\u00f6glichen.<\/p>\n","protected":false},"featured_media":50224,"template":"","meta":{"_acf_changed":false},"product_brand":[],"product_cat":[5932],"product_tag":[],"class_list":{"0":"post-62694","1":"product","2":"type-product","3":"status-publish","4":"has-post-thumbnail","6":"product_cat-zubehoer-fuer-intercom-systeme","8":"first","9":"instock","10":"taxable","11":"shipping-taxable","12":"purchasable","13":"product-type-simple"},"acf":[],"_links":{"self":[{"href":"https:\/\/mexpo.eu\/de\/wp-json\/wp\/v2\/product\/62694","targetHints":{"allow":["GET"]}}],"collection":[{"href":"https:\/\/mexpo.eu\/de\/wp-json\/wp\/v2\/product"}],"about":[{"href":"https:\/\/mexpo.eu\/de\/wp-json\/wp\/v2\/types\/product"}],"wp:featuredmedia":[{"embeddable":true,"href":"https:\/\/mexpo.eu\/de\/wp-json\/wp\/v2\/media\/50224"}],"wp:attachment":[{"href":"https:\/\/mexpo.eu\/de\/wp-json\/wp\/v2\/media?parent=62694"}],"wp:term":[{"taxonomy":"product_brand","embeddable":true,"href":"https:\/\/mexpo.eu\/de\/wp-json\/wp\/v2\/product_brand?post=62694"},{"taxonomy":"product_cat","embeddable":true,"href":"https:\/\/mexpo.eu\/de\/wp-json\/wp\/v2\/product_cat?post=62694"},{"taxonomy":"product_tag","embeddable":true,"href":"https:\/\/mexpo.eu\/de\/wp-json\/wp\/v2\/product_tag?post=62694"}],"curies":[{"name":"wp","href":"https:\/\/api.w.org\/{rel}","templated":true}]}}