{"id":62680,"date":"2025-02-17T13:25:28","date_gmt":"2025-02-17T13:25:28","guid":{"rendered":"https:\/\/mexpo.pl?post_type=product&#038;p=62680"},"modified":"2025-02-17T14:59:19","modified_gmt":"2025-02-17T14:59:19","slug":"abdeckung-cc-01gm","status":"publish","type":"product","link":"https:\/\/mexpo.eu\/de\/produkt\/abdeckung-cc-01gm\/","title":{"rendered":"Abdeckung CC-01GM"},"content":{"rendered":"<p>Abdeckung der Gegensprechanlage. Das Etui verf\u00fcgt \u00fcber einen Clip, mit dem es beispielsweise an einem G\u00fcrtel befestigt werden kann.<\/p>\n","protected":false},"excerpt":{"rendered":"<p>Abdeckung der Gegensprechanlage. Das Etui verf\u00fcgt \u00fcber einen Clip, mit dem es beispielsweise an einem G\u00fcrtel befestigt werden kann.<\/p>\n","protected":false},"featured_media":50212,"template":"","meta":{"_acf_changed":false},"product_brand":[],"product_cat":[5932],"product_tag":[],"class_list":{"0":"post-62680","1":"product","2":"type-product","3":"status-publish","4":"has-post-thumbnail","6":"product_cat-zubehoer-fuer-intercom-systeme","8":"first","9":"instock","10":"taxable","11":"shipping-taxable","12":"purchasable","13":"product-type-simple"},"acf":[],"_links":{"self":[{"href":"https:\/\/mexpo.eu\/de\/wp-json\/wp\/v2\/product\/62680","targetHints":{"allow":["GET"]}}],"collection":[{"href":"https:\/\/mexpo.eu\/de\/wp-json\/wp\/v2\/product"}],"about":[{"href":"https:\/\/mexpo.eu\/de\/wp-json\/wp\/v2\/types\/product"}],"wp:featuredmedia":[{"embeddable":true,"href":"https:\/\/mexpo.eu\/de\/wp-json\/wp\/v2\/media\/50212"}],"wp:attachment":[{"href":"https:\/\/mexpo.eu\/de\/wp-json\/wp\/v2\/media?parent=62680"}],"wp:term":[{"taxonomy":"product_brand","embeddable":true,"href":"https:\/\/mexpo.eu\/de\/wp-json\/wp\/v2\/product_brand?post=62680"},{"taxonomy":"product_cat","embeddable":true,"href":"https:\/\/mexpo.eu\/de\/wp-json\/wp\/v2\/product_cat?post=62680"},{"taxonomy":"product_tag","embeddable":true,"href":"https:\/\/mexpo.eu\/de\/wp-json\/wp\/v2\/product_tag?post=62680"}],"curies":[{"name":"wp","href":"https:\/\/api.w.org\/{rel}","templated":true}]}}