{"id":62638,"date":"2025-02-17T13:24:50","date_gmt":"2025-02-17T13:24:50","guid":{"rendered":"https:\/\/mexpo.pl?post_type=product&#038;p=62638"},"modified":"2025-02-17T14:58:51","modified_gmt":"2025-02-17T14:58:51","slug":"encorepro-hw540-qd-headset-mikrofon-headset","status":"publish","type":"product","link":"https:\/\/mexpo.eu\/de\/produkt\/encorepro-hw540-qd-headset-mikrofon-headset\/","title":{"rendered":"EncorePro HW540 QD Headset (Mikrofon-Headset)"},"content":{"rendered":"<p>Ein professioneller Kopfh\u00f6rer mit einem Mikrofon f\u00fcr ein Ohr mit austauschbaren Ohrmuscheln im Set und einem Adapter f\u00fcr den TRRS-Anschluss. Leder\u00e4hnliche, weiche Ohrmuscheln und superleichte Materialien, aus denen das Mobilteil gefertigt ist, sorgen f\u00fcr ganzt\u00e4gigen Tragekomfort. Breiter Tonfrequenzgang. Das Mikrofon verf\u00fcgt \u00fcber eine Technologie zur Reduzierung von Umgebungsger\u00e4uschen.<\/p>\n","protected":false},"excerpt":{"rendered":"<p>Ein professioneller Kopfh\u00f6rer mit einem Mikrofon f\u00fcr ein Ohr mit austauschbaren Ohrmuscheln im Set und einem Adapter f\u00fcr den TRRS-Anschluss.<\/p>\n","protected":false},"featured_media":50182,"template":"","meta":{"_acf_changed":false},"product_brand":[],"product_cat":[5197],"product_tag":[],"class_list":{"0":"post-62638","1":"product","2":"type-product","3":"status-publish","4":"has-post-thumbnail","6":"product_cat-headsets-intercom-systeme","8":"first","9":"instock","10":"taxable","11":"shipping-taxable","12":"purchasable","13":"product-type-simple"},"acf":[],"_links":{"self":[{"href":"https:\/\/mexpo.eu\/de\/wp-json\/wp\/v2\/product\/62638","targetHints":{"allow":["GET"]}}],"collection":[{"href":"https:\/\/mexpo.eu\/de\/wp-json\/wp\/v2\/product"}],"about":[{"href":"https:\/\/mexpo.eu\/de\/wp-json\/wp\/v2\/types\/product"}],"wp:featuredmedia":[{"embeddable":true,"href":"https:\/\/mexpo.eu\/de\/wp-json\/wp\/v2\/media\/50182"}],"wp:attachment":[{"href":"https:\/\/mexpo.eu\/de\/wp-json\/wp\/v2\/media?parent=62638"}],"wp:term":[{"taxonomy":"product_brand","embeddable":true,"href":"https:\/\/mexpo.eu\/de\/wp-json\/wp\/v2\/product_brand?post=62638"},{"taxonomy":"product_cat","embeddable":true,"href":"https:\/\/mexpo.eu\/de\/wp-json\/wp\/v2\/product_cat?post=62638"},{"taxonomy":"product_tag","embeddable":true,"href":"https:\/\/mexpo.eu\/de\/wp-json\/wp\/v2\/product_tag?post=62638"}],"curies":[{"name":"wp","href":"https:\/\/api.w.org\/{rel}","templated":true}]}}