{"id":62624,"date":"2025-02-17T13:24:48","date_gmt":"2025-02-17T13:24:48","guid":{"rendered":"https:\/\/mexpo.pl?post_type=product&#038;p=62624"},"modified":"2025-02-17T14:58:43","modified_gmt":"2025-02-17T14:58:43","slug":"einohr-headset-emc-307","status":"publish","type":"product","link":"https:\/\/mexpo.eu\/de\/produkt\/einohr-headset-emc-307\/","title":{"rendered":"Einohr-Headset EMC-307"},"content":{"rendered":"<p>Ein Headset f\u00fcr Menschen, die im Sicherheitsdienst, in der Gastronomie arbeiten oder ohne auff\u00e4llige Ohrh\u00f6rer kommunizieren m\u00f6chten. Die einzigartige Technologie des H\u00f6rerschlauchs bedeutet, dass das Kabel nur auf die entsprechende L\u00e4nge gedehnt wird. Das Set ist mit einem Push-To-Talk (PTT) Mikrofon ausgestattet.<\/p>\n","protected":false},"excerpt":{"rendered":"<p>Ein Headset f\u00fcr Menschen, die im Sicherheitsdienst, in der Gastronomie arbeiten oder ohne auff\u00e4llige Ohrh\u00f6rer kommunizieren m\u00f6chten. Die einzigartige Technologie des H\u00f6rerschlauchs bedeutet, dass das Kabel nur auf die entsprechende L\u00e4nge gedehnt wird. Das Set ist mit einem Push-To-Talk (PTT) Mikrofon ausgestattet.<\/p>\n","protected":false},"featured_media":50145,"template":"","meta":{"_acf_changed":false},"product_brand":[],"product_cat":[5197],"product_tag":[],"class_list":{"0":"post-62624","1":"product","2":"type-product","3":"status-publish","4":"has-post-thumbnail","6":"product_cat-headsets-intercom-systeme","8":"first","9":"instock","10":"taxable","11":"shipping-taxable","12":"purchasable","13":"product-type-simple"},"acf":[],"_links":{"self":[{"href":"https:\/\/mexpo.eu\/de\/wp-json\/wp\/v2\/product\/62624","targetHints":{"allow":["GET"]}}],"collection":[{"href":"https:\/\/mexpo.eu\/de\/wp-json\/wp\/v2\/product"}],"about":[{"href":"https:\/\/mexpo.eu\/de\/wp-json\/wp\/v2\/types\/product"}],"wp:featuredmedia":[{"embeddable":true,"href":"https:\/\/mexpo.eu\/de\/wp-json\/wp\/v2\/media\/50145"}],"wp:attachment":[{"href":"https:\/\/mexpo.eu\/de\/wp-json\/wp\/v2\/media?parent=62624"}],"wp:term":[{"taxonomy":"product_brand","embeddable":true,"href":"https:\/\/mexpo.eu\/de\/wp-json\/wp\/v2\/product_brand?post=62624"},{"taxonomy":"product_cat","embeddable":true,"href":"https:\/\/mexpo.eu\/de\/wp-json\/wp\/v2\/product_cat?post=62624"},{"taxonomy":"product_tag","embeddable":true,"href":"https:\/\/mexpo.eu\/de\/wp-json\/wp\/v2\/product_tag?post=62624"}],"curies":[{"name":"wp","href":"https:\/\/api.w.org\/{rel}","templated":true}]}}