{"id":62617,"date":"2025-02-17T13:24:47","date_gmt":"2025-02-17T13:24:47","guid":{"rendered":"https:\/\/mexpo.pl?post_type=product&#038;p=62617"},"modified":"2025-02-17T14:58:39","modified_gmt":"2025-02-17T14:58:39","slug":"einohr-headset-emc-301","status":"publish","type":"product","link":"https:\/\/mexpo.eu\/de\/produkt\/einohr-headset-emc-301\/","title":{"rendered":"Einohr-Headset EMC-301"},"content":{"rendered":"<p>Headset f\u00fcr ein Ohr mit Gummiband. Dank eines weichen Ohrb\u00fcgels erm\u00f6glicht es eine bequeme Nutzung \u00fcber viele Stunden. Es hat einen verstellbaren Mikrofonkopfb\u00fcgel und einen Kleiderclip am Kabel.<\/p>\n","protected":false},"excerpt":{"rendered":"<p>Headset f\u00fcr ein Ohr mit Gummiband. Dank eines weichen Ohrb\u00fcgels erm\u00f6glicht es eine bequeme Nutzung \u00fcber viele Stunden. Es hat einen verstellbaren Mikrofonkopfb\u00fcgel und einen Kleiderclip am Kabel.<\/p>\n","protected":false},"featured_media":50142,"template":"","meta":{"_acf_changed":false},"product_brand":[],"product_cat":[5197],"product_tag":[],"class_list":{"0":"post-62617","1":"product","2":"type-product","3":"status-publish","4":"has-post-thumbnail","6":"product_cat-headsets-intercom-systeme","8":"first","9":"outofstock","10":"taxable","11":"shipping-taxable","12":"purchasable","13":"product-type-simple"},"acf":[],"_links":{"self":[{"href":"https:\/\/mexpo.eu\/de\/wp-json\/wp\/v2\/product\/62617","targetHints":{"allow":["GET"]}}],"collection":[{"href":"https:\/\/mexpo.eu\/de\/wp-json\/wp\/v2\/product"}],"about":[{"href":"https:\/\/mexpo.eu\/de\/wp-json\/wp\/v2\/types\/product"}],"wp:featuredmedia":[{"embeddable":true,"href":"https:\/\/mexpo.eu\/de\/wp-json\/wp\/v2\/media\/50142"}],"wp:attachment":[{"href":"https:\/\/mexpo.eu\/de\/wp-json\/wp\/v2\/media?parent=62617"}],"wp:term":[{"taxonomy":"product_brand","embeddable":true,"href":"https:\/\/mexpo.eu\/de\/wp-json\/wp\/v2\/product_brand?post=62617"},{"taxonomy":"product_cat","embeddable":true,"href":"https:\/\/mexpo.eu\/de\/wp-json\/wp\/v2\/product_cat?post=62617"},{"taxonomy":"product_tag","embeddable":true,"href":"https:\/\/mexpo.eu\/de\/wp-json\/wp\/v2\/product_tag?post=62617"}],"curies":[{"name":"wp","href":"https:\/\/api.w.org\/{rel}","templated":true}]}}