{"id":62610,"date":"2025-02-17T13:24:29","date_gmt":"2025-02-17T13:24:29","guid":{"rendered":"https:\/\/mexpo.pl?post_type=product&#038;p=62610"},"modified":"2025-02-17T14:58:35","modified_gmt":"2025-02-17T14:58:35","slug":"lmr-181140-headset-mikrofon-headset","status":"publish","type":"product","link":"https:\/\/mexpo.eu\/de\/produkt\/lmr-181140-headset-mikrofon-headset\/","title":{"rendered":"LMR-181140 Headset (Mikrofon-Headset)"},"content":{"rendered":"<p>Headset mit der M\u00f6glichkeit, beliebige Ohrh\u00f6rer an das Mikrofon anzuschlie\u00dfen. Hochwertiges omnidirektionales Ansteckmikrofon und 3,5-mm-Stereo-Kopfh\u00f6rerbuchse (erm\u00f6glicht den Anschluss beliebiger Kopfh\u00f6rer oder Halsschleife). Es hat einen Lautst\u00e4rkeregler und eine Stummschaltung. Das Set enth\u00e4lt den Ohrh\u00f6rer EM-101.<\/p>\n","protected":false},"excerpt":{"rendered":"<p>Headset mit der M\u00f6glichkeit, beliebige Ohrh\u00f6rer an das Mikrofon anzuschlie\u00dfen. Hochwertiges omnidirektionales Ansteckmikrofon und 3,5-mm-Stereo-Kopfh\u00f6rerbuchse (erm\u00f6glicht den Anschluss beliebiger Kopfh\u00f6rer oder Halsschleife). Es hat einen Lautst\u00e4rkeregler und eine Stummschaltung. Das Set enth\u00e4lt den Ohrh\u00f6rer EM-101.<\/p>\n","protected":false},"featured_media":50133,"template":"","meta":{"_acf_changed":false},"product_brand":[],"product_cat":[5197],"product_tag":[],"class_list":{"0":"post-62610","1":"product","2":"type-product","3":"status-publish","4":"has-post-thumbnail","6":"product_cat-headsets-intercom-systeme","8":"first","9":"instock","10":"taxable","11":"shipping-taxable","12":"purchasable","13":"product-type-simple"},"acf":[],"_links":{"self":[{"href":"https:\/\/mexpo.eu\/de\/wp-json\/wp\/v2\/product\/62610","targetHints":{"allow":["GET"]}}],"collection":[{"href":"https:\/\/mexpo.eu\/de\/wp-json\/wp\/v2\/product"}],"about":[{"href":"https:\/\/mexpo.eu\/de\/wp-json\/wp\/v2\/types\/product"}],"wp:featuredmedia":[{"embeddable":true,"href":"https:\/\/mexpo.eu\/de\/wp-json\/wp\/v2\/media\/50133"}],"wp:attachment":[{"href":"https:\/\/mexpo.eu\/de\/wp-json\/wp\/v2\/media?parent=62610"}],"wp:term":[{"taxonomy":"product_brand","embeddable":true,"href":"https:\/\/mexpo.eu\/de\/wp-json\/wp\/v2\/product_brand?post=62610"},{"taxonomy":"product_cat","embeddable":true,"href":"https:\/\/mexpo.eu\/de\/wp-json\/wp\/v2\/product_cat?post=62610"},{"taxonomy":"product_tag","embeddable":true,"href":"https:\/\/mexpo.eu\/de\/wp-json\/wp\/v2\/product_tag?post=62610"}],"curies":[{"name":"wp","href":"https:\/\/api.w.org\/{rel}","templated":true}]}}