{"id":62596,"date":"2025-02-17T13:24:27","date_gmt":"2025-02-17T13:24:27","guid":{"rendered":"https:\/\/mexpo.pl?post_type=product&#038;p=62596"},"modified":"2025-04-04T10:40:32","modified_gmt":"2025-04-04T10:40:32","slug":"kopfhorer-em-202-10-st","status":"publish","type":"product","link":"https:\/\/mexpo.eu\/de\/produkt\/kopfhorer-em-202-10-st\/","title":{"rendered":"Kopfh\u00f6rer EM-202 (Packung mit 10 St\u00fcck)"},"content":{"rendered":"<p>Stereofonische Over-Ear-Kopfh\u00f6rer mit austauchbaren Hygienekappen.<\/p>\n","protected":false},"excerpt":{"rendered":"<p>Stereofonische Over-Ear-Kopfh\u00f6rer mit austauchbaren Hygienekappen. Die Kopfh\u00f6rer sind neu und unbenutzt.<\/p>\n","protected":false},"featured_media":50124,"template":"","meta":{"_acf_changed":false},"product_brand":[],"product_cat":[5930],"product_tag":[],"class_list":{"0":"post-62596","1":"product","2":"type-product","3":"status-publish","4":"has-post-thumbnail","6":"product_cat-outlet-de","8":"first","9":"instock","10":"taxable","11":"shipping-taxable","12":"purchasable","13":"product-type-simple"},"acf":[],"_links":{"self":[{"href":"https:\/\/mexpo.eu\/de\/wp-json\/wp\/v2\/product\/62596","targetHints":{"allow":["GET"]}}],"collection":[{"href":"https:\/\/mexpo.eu\/de\/wp-json\/wp\/v2\/product"}],"about":[{"href":"https:\/\/mexpo.eu\/de\/wp-json\/wp\/v2\/types\/product"}],"wp:featuredmedia":[{"embeddable":true,"href":"https:\/\/mexpo.eu\/de\/wp-json\/wp\/v2\/media\/50124"}],"wp:attachment":[{"href":"https:\/\/mexpo.eu\/de\/wp-json\/wp\/v2\/media?parent=62596"}],"wp:term":[{"taxonomy":"product_brand","embeddable":true,"href":"https:\/\/mexpo.eu\/de\/wp-json\/wp\/v2\/product_brand?post=62596"},{"taxonomy":"product_cat","embeddable":true,"href":"https:\/\/mexpo.eu\/de\/wp-json\/wp\/v2\/product_cat?post=62596"},{"taxonomy":"product_tag","embeddable":true,"href":"https:\/\/mexpo.eu\/de\/wp-json\/wp\/v2\/product_tag?post=62596"}],"curies":[{"name":"wp","href":"https:\/\/api.w.org\/{rel}","templated":true}]}}