{"id":62554,"date":"2025-02-17T13:23:50","date_gmt":"2025-02-17T13:23:50","guid":{"rendered":"https:\/\/mexpo.pl?post_type=product&#038;p=62554"},"modified":"2025-02-17T14:58:03","modified_gmt":"2025-02-17T14:58:03","slug":"mikrofon-lm-15","status":"publish","type":"product","link":"https:\/\/mexpo.eu\/de\/produkt\/mikrofon-lm-15\/","title":{"rendered":"Mikrofon LM-15"},"content":{"rendered":"<p>Ansteckmikrofon mit 3,5 mm AUX IN-Eingang mit der M\u00f6glichkeit zum Anschluss einer externen Audioquelle. Das Mikrofon verf\u00fcgt \u00fcber eine zweistufige Lautst\u00e4rkeregelung und eine Stummschaltung.<\/p>\n","protected":false},"excerpt":{"rendered":"<p>Ansteckmikrofon mit 3,5 mm AUX IN-Eingang mit der M\u00f6glichkeit zum Anschluss einer externen Audioquelle. Das Mikrofon verf\u00fcgt \u00fcber eine zweistufige Lautst\u00e4rkeregelung und eine Stummschaltung.<\/p>\n","protected":false},"featured_media":50079,"template":"","meta":{"_acf_changed":false},"product_brand":[],"product_cat":[5988],"product_tag":[],"class_list":{"0":"post-62554","1":"product","2":"type-product","3":"status-publish","4":"has-post-thumbnail","6":"product_cat-mikrofone-de","8":"first","9":"instock","10":"taxable","11":"shipping-taxable","12":"purchasable","13":"product-type-simple"},"acf":[],"_links":{"self":[{"href":"https:\/\/mexpo.eu\/de\/wp-json\/wp\/v2\/product\/62554","targetHints":{"allow":["GET"]}}],"collection":[{"href":"https:\/\/mexpo.eu\/de\/wp-json\/wp\/v2\/product"}],"about":[{"href":"https:\/\/mexpo.eu\/de\/wp-json\/wp\/v2\/types\/product"}],"wp:featuredmedia":[{"embeddable":true,"href":"https:\/\/mexpo.eu\/de\/wp-json\/wp\/v2\/media\/50079"}],"wp:attachment":[{"href":"https:\/\/mexpo.eu\/de\/wp-json\/wp\/v2\/media?parent=62554"}],"wp:term":[{"taxonomy":"product_brand","embeddable":true,"href":"https:\/\/mexpo.eu\/de\/wp-json\/wp\/v2\/product_brand?post=62554"},{"taxonomy":"product_cat","embeddable":true,"href":"https:\/\/mexpo.eu\/de\/wp-json\/wp\/v2\/product_cat?post=62554"},{"taxonomy":"product_tag","embeddable":true,"href":"https:\/\/mexpo.eu\/de\/wp-json\/wp\/v2\/product_tag?post=62554"}],"curies":[{"name":"wp","href":"https:\/\/api.w.org\/{rel}","templated":true}]}}