{"id":62449,"date":"2025-02-17T13:22:43","date_gmt":"2025-02-17T13:22:43","guid":{"rendered":"https:\/\/mexpo.pl?post_type=product&#038;p=62449"},"modified":"2025-02-17T14:57:34","modified_gmt":"2025-02-17T14:57:34","slug":"okayo-dl-8h-drahtloses-handmikrofon-sender","status":"publish","type":"product","link":"https:\/\/mexpo.eu\/de\/produkt\/okayo-dl-8h-drahtloses-handmikrofon-sender\/","title":{"rendered":"Okayo DL-8H drahtloses Handmikrofon\/Sender"},"content":{"rendered":"<p>Die Garantiezeit betr\u00e4gt 3 Jahre.<br \/>\nWir bieten vollen technischen Support, Updates und Systemwartung auch nach Ablauf der Garantiezeit.<\/p>\n<p>Bitte beachten Sie, dass es sich bei diesem Produkt nicht um ein komplettes Audioset handelt, sondern nur um einen zus\u00e4tzlichen Sender!<\/p>\n<p>Drahtloser Handsender mit Kondensatormikrofon. Das Okayo DL-8H bietet professionelle Qualit\u00e4t, stabilen Funkbetrieb im 800-MHz-Band, ist einfach zu bedienen und erschwinglich. Es verf\u00fcgt \u00fcber eine gut ablesbare LCD-Anzeige, automatische Synchronisation mit dem Empf\u00e4nger und ein leichtes Kunststoffgeh\u00e4use.<br \/>\nDank der Nierenkapsel und der unidirektionalen Charakteristik isoliert es effektiv unerw\u00fcnschte Umgebungsger\u00e4usche, insbesondere den so genannten Hintergrundl\u00e4rm (z. B. Stra\u00dfenl\u00e4rm oder L\u00e4rm eines \u00fcberf\u00fcllten Platzes). Es ist optimal f\u00fcr Interviews, Live-Auftritte, Pr\u00e4sentationen und viele andere Situationen.<br \/>\nDas DL-8H Mikrofon ist mit dem Okayo SRX-800 Empf\u00e4nger kompatibel (2 Sender k\u00f6nnen an 1 Empf\u00e4nger angeschlossen werden).<br \/>\nDas Okayo DL-8H System ist ein gro\u00dfartiger Einstieg in die Welt der drahtlosen Ton\u00fcbertragung.<br \/>\nWas spricht f\u00fcr dieses System?<br \/>\nDas DL-8H sendet in den digitalen B\u00e4ndern 823 MHz ~ 832 MHz und 863 MHz ~ 865 MHz, die weit von den B\u00e4ndern entfernt sind, die von g\u00e4ngigen Funk- und Wi-Fi-Systemen verwendet werden. Dadurch erhalten Sie ein sicheres Mikrofonsystem, das frei von Interferenzen und Knackger\u00e4uschen ist, die bei herk\u00f6mmlichen drahtlosen UHF-Systemen auftreten.<\/p>\n<p>Das Set enth\u00e4lt:<br \/>\n&#8211; drahtloses Mikrofon DL-8H<br \/>\n&#8211; Satz Alkalibatterien<\/p>\n<p>Merkmale des drahtlosen Mikrofons DL-8H:<br \/>\n&#8211; 42 Funkkan\u00e4le in einer kombinierten Bandbreite von 823 MHz ~ 832 MHz + 863 MHz ~ 865 MHz<br \/>\n&#8211; eingebaute Kondensatorkapsel mit Schutzgitter<br \/>\n&#8211; beleuchtete LCD-Anzeige<br \/>\n&#8211; automatische Synchronisation mit dem Empf\u00e4nger<br \/>\n&#8211; Betrieb mit AA-Alkalibatterien oder AA-Ni-MH-Akkus (spezielles Tischladeger\u00e4t HDC-502 erh\u00e4ltlich)<br \/>\n&#8211; 2 Mikrofonmodi verf\u00fcgbar (Push-To-Bolt und Push-To-Talk)<br \/>\n&#8211; extrem leicht und bequem<br \/>\n&#8211; professionelles Design<\/p>\n<p>Technische Daten Okayo DL-8H:<br \/>\nMikrofontyp: Kondensator<br \/>\nKapsel: Nierencharakteristik<br \/>\nDirektionalit\u00e4t: unidirektional<br \/>\nFrequenzband: 823 ~ 832 MHz und 863~ 865 MHz<br \/>\nAnzahl der Kan\u00e4le: 42<br \/>\nModulationsart: 4 GFSK<br \/>\nT.H.D. bei 1 kHz (Verh\u00e4ltnis der Oberwellenanteile): &lt;1,5 % Signal-Rausch-Verh\u00e4ltnis: &gt;75 dB<br \/>\nFrequenzbereich: 130 ~ 7000 Hz<br \/>\nSignal-Sendeleistung: 10 mW \/ 20 mW<br \/>\nStromversorgung: 2 x AA<br \/>\nBetriebszeit: mehr als 13 Stunden<br \/>\n\u00dcbertragungsbereich: Hi: 70+ Meter \/ Lo: 50+ Meter<br \/>\nBetriebstemperaturbereich: -10 \u00b0C ~ 60 \u00b0C<br \/>\nAbmessungen (T x H): 37 x 200 mm<br \/>\nGewicht (ohne Batterien): 90\u00b15 g<\/p>\n","protected":false},"excerpt":{"rendered":"<p>Drahtloses Handmikrofon f\u00fcr Okayo SRX-800-Sets. Dieses Produkt ist ein Zusatzmikrofon und erfordert zum Betrieb einen SRX-800 Tischempf\u00e4nger.<\/p>\n","protected":false},"featured_media":49986,"template":"","meta":{"_acf_changed":false},"product_brand":[],"product_cat":[6007],"product_tag":[],"class_list":{"0":"post-62449","1":"product","2":"type-product","3":"status-publish","4":"has-post-thumbnail","6":"product_cat-drahtlose-mikrofonsets-de","8":"first","9":"instock","10":"taxable","11":"shipping-taxable","12":"purchasable","13":"product-type-simple"},"acf":[],"_links":{"self":[{"href":"https:\/\/mexpo.eu\/de\/wp-json\/wp\/v2\/product\/62449","targetHints":{"allow":["GET"]}}],"collection":[{"href":"https:\/\/mexpo.eu\/de\/wp-json\/wp\/v2\/product"}],"about":[{"href":"https:\/\/mexpo.eu\/de\/wp-json\/wp\/v2\/types\/product"}],"wp:featuredmedia":[{"embeddable":true,"href":"https:\/\/mexpo.eu\/de\/wp-json\/wp\/v2\/media\/49986"}],"wp:attachment":[{"href":"https:\/\/mexpo.eu\/de\/wp-json\/wp\/v2\/media?parent=62449"}],"wp:term":[{"taxonomy":"product_brand","embeddable":true,"href":"https:\/\/mexpo.eu\/de\/wp-json\/wp\/v2\/product_brand?post=62449"},{"taxonomy":"product_cat","embeddable":true,"href":"https:\/\/mexpo.eu\/de\/wp-json\/wp\/v2\/product_cat?post=62449"},{"taxonomy":"product_tag","embeddable":true,"href":"https:\/\/mexpo.eu\/de\/wp-json\/wp\/v2\/product_tag?post=62449"}],"curies":[{"name":"wp","href":"https:\/\/api.w.org\/{rel}","templated":true}]}}