{"id":62409,"date":"2025-02-17T13:22:08","date_gmt":"2025-02-17T13:22:08","guid":{"rendered":"https:\/\/mexpo.pl?post_type=product&#038;p=62409"},"modified":"2025-02-17T14:57:13","modified_gmt":"2025-02-17T14:57:13","slug":"ersatzuberzuge-aus-gummi-universelle-fur-in-ear-kanalkopfhorer-ugm","status":"publish","type":"product","link":"https:\/\/mexpo.eu\/de\/produkt\/ersatzuberzuge-aus-gummi-universelle-fur-in-ear-kanalkopfhorer-ugm\/","title":{"rendered":"Ersatz\u00fcberz\u00fcge aus gummi universelle f\u00fcr in-ear-kanalkopfh\u00f6rer UGM"},"content":{"rendered":"<p>Aus weichem Gummi. Sie reizen das Ohr nicht. F\u00fcr die Kopfh\u00f6rer EM-100 und Headset-Mikrofon EMC-100, HEM-30 bestimmt. <\/p>\n","protected":false},"excerpt":{"rendered":"<p>Aus weichem Gummi. Sie reizen das Ohr nicht. F\u00fcr die Kopfh\u00f6rer EM-100 und Headset-Mikrofon EMC-100, HEM-30 bestimmt. <\/p>\n","protected":false},"featured_media":49821,"template":"","meta":{"_acf_changed":false},"product_brand":[],"product_cat":[5924],"product_tag":[],"class_list":{"0":"post-62409","1":"product","2":"type-product","3":"status-publish","4":"has-post-thumbnail","6":"product_cat-hygiene-de","8":"first","9":"instock","10":"taxable","11":"shipping-taxable","12":"purchasable","13":"product-type-variable"},"acf":[],"_links":{"self":[{"href":"https:\/\/mexpo.eu\/de\/wp-json\/wp\/v2\/product\/62409","targetHints":{"allow":["GET"]}}],"collection":[{"href":"https:\/\/mexpo.eu\/de\/wp-json\/wp\/v2\/product"}],"about":[{"href":"https:\/\/mexpo.eu\/de\/wp-json\/wp\/v2\/types\/product"}],"wp:featuredmedia":[{"embeddable":true,"href":"https:\/\/mexpo.eu\/de\/wp-json\/wp\/v2\/media\/49821"}],"wp:attachment":[{"href":"https:\/\/mexpo.eu\/de\/wp-json\/wp\/v2\/media?parent=62409"}],"wp:term":[{"taxonomy":"product_brand","embeddable":true,"href":"https:\/\/mexpo.eu\/de\/wp-json\/wp\/v2\/product_brand?post=62409"},{"taxonomy":"product_cat","embeddable":true,"href":"https:\/\/mexpo.eu\/de\/wp-json\/wp\/v2\/product_cat?post=62409"},{"taxonomy":"product_tag","embeddable":true,"href":"https:\/\/mexpo.eu\/de\/wp-json\/wp\/v2\/product_tag?post=62409"}],"curies":[{"name":"wp","href":"https:\/\/api.w.org\/{rel}","templated":true}]}}