{"id":62391,"date":"2025-02-17T13:22:06","date_gmt":"2025-02-17T13:22:06","guid":{"rendered":"https:\/\/mexpo.pl?post_type=product&#038;p=62391"},"modified":"2025-02-17T14:57:05","modified_gmt":"2025-02-17T14:57:05","slug":"original-schaumstoffwindschutzscheibe-fur-mikrofone-der-serie-lm-und-hm-gm-02-5-st","status":"publish","type":"product","link":"https:\/\/mexpo.eu\/de\/produkt\/original-schaumstoffwindschutzscheibe-fur-mikrofone-der-serie-lm-und-hm-gm-02-5-st\/","title":{"rendered":"Original schaumstoffwindschutzscheibe f\u00fcr mikrofone der serie LM und HM GM-02 (5 st.)"},"content":{"rendered":"<p>Es reduziert unerw\u00fcnschte Ger\u00e4usche und vom Mikrofon aufgenommene Ger\u00e4usche, wie zum Beispiel Windb\u00f6en. es sch\u00fctzt vor Verunreinigungen wie Speichel und Staub. Unterdr\u00fcckt unerw\u00fcnschte Atemger\u00e4usche und explosive Ger\u00e4usche (in der Luft wie \u201eP\u201c und \u201eB\u201c). <\/p>\n","protected":false},"excerpt":{"rendered":"<p>Es reduziert unerw\u00fcnschte Ger\u00e4usche und vom Mikrofon aufgenommene Ger\u00e4usche, wie zum Beispiel Windb\u00f6en. es sch\u00fctzt vor Verunreinigungen wie Speichel und Staub. Unterdr\u00fcckt unerw\u00fcnschte Atemger\u00e4usche und explosive Ger\u00e4usche (in der Luft wie \u201eP\u201c und \u201eB\u201c). <\/p>\n","protected":false},"featured_media":49812,"template":"","meta":{"_acf_changed":false},"product_brand":[],"product_cat":[5262],"product_tag":[],"class_list":{"0":"post-62391","1":"product","2":"type-product","3":"status-publish","4":"has-post-thumbnail","6":"product_cat-sonstiges-zubehor","8":"first","9":"instock","10":"taxable","11":"shipping-taxable","12":"purchasable","13":"product-type-variable"},"acf":[],"_links":{"self":[{"href":"https:\/\/mexpo.eu\/de\/wp-json\/wp\/v2\/product\/62391","targetHints":{"allow":["GET"]}}],"collection":[{"href":"https:\/\/mexpo.eu\/de\/wp-json\/wp\/v2\/product"}],"about":[{"href":"https:\/\/mexpo.eu\/de\/wp-json\/wp\/v2\/types\/product"}],"wp:featuredmedia":[{"embeddable":true,"href":"https:\/\/mexpo.eu\/de\/wp-json\/wp\/v2\/media\/49812"}],"wp:attachment":[{"href":"https:\/\/mexpo.eu\/de\/wp-json\/wp\/v2\/media?parent=62391"}],"wp:term":[{"taxonomy":"product_brand","embeddable":true,"href":"https:\/\/mexpo.eu\/de\/wp-json\/wp\/v2\/product_brand?post=62391"},{"taxonomy":"product_cat","embeddable":true,"href":"https:\/\/mexpo.eu\/de\/wp-json\/wp\/v2\/product_cat?post=62391"},{"taxonomy":"product_tag","embeddable":true,"href":"https:\/\/mexpo.eu\/de\/wp-json\/wp\/v2\/product_tag?post=62391"}],"curies":[{"name":"wp","href":"https:\/\/api.w.org\/{rel}","templated":true}]}}