{"id":62374,"date":"2025-02-17T13:21:48","date_gmt":"2025-02-17T13:21:48","guid":{"rendered":"https:\/\/mexpo.pl?post_type=product&#038;p=62374"},"modified":"2025-02-17T14:57:01","modified_gmt":"2025-02-17T14:57:01","slug":"universal-schaummikrofon-windschutzscheibe-gm-01-5-st","status":"publish","type":"product","link":"https:\/\/mexpo.eu\/de\/produkt\/universal-schaummikrofon-windschutzscheibe-gm-01-5-st\/","title":{"rendered":"Universal schaummikrofon windschutzscheibe GM-01 (5 st.)"},"content":{"rendered":"<p>Sch\u00fctzt das Mikrofon vor L\u00e4rm durch Windb\u00f6en, Speichel und andere Schadstoffe. Unterdr\u00fcckt unerw\u00fcnschte Atemger\u00e4usche und explosive Ger\u00e4usche (wie \u201eP\u201c und \u201eB\u201c). Erh\u00e4ltlich in den Gr\u00f6\u00dfen 5 mm und 10 mm.<\/p>\n<p>5 mm:<br \/>\nLM-X<br \/>\nLM-11<br \/>\nHM-55A<br \/>\nHM-55C<br \/>\nHM-65A<br \/>\nHM-65C<\/p>\n<p>10 mm:<br \/>\nLM-90<br \/>\nLM-95C<br \/>\nHM-35<br \/>\nEHR-01<br \/>\nPM-20<\/p>\n","protected":false},"excerpt":{"rendered":"<p>Sch\u00fctzt das Mikrofon vor L\u00e4rm durch Windb\u00f6en, Speichel und andere Schadstoffe. Unterdr\u00fcckt unerw\u00fcnschte Atemger\u00e4usche und explosive Ger\u00e4usche (wie \u201eP\u201c und \u201eB\u201c).  Erh\u00e4ltlich in den Gr\u00f6\u00dfen 5 mm und 10 mm.<\/p>\n","protected":false},"featured_media":49803,"template":"","meta":{"_acf_changed":false},"product_brand":[],"product_cat":[5262],"product_tag":[],"class_list":{"0":"post-62374","1":"product","2":"type-product","3":"status-publish","4":"has-post-thumbnail","6":"product_cat-sonstiges-zubehor","8":"first","9":"instock","10":"taxable","11":"shipping-taxable","12":"purchasable","13":"product-type-variable"},"acf":[],"_links":{"self":[{"href":"https:\/\/mexpo.eu\/de\/wp-json\/wp\/v2\/product\/62374","targetHints":{"allow":["GET"]}}],"collection":[{"href":"https:\/\/mexpo.eu\/de\/wp-json\/wp\/v2\/product"}],"about":[{"href":"https:\/\/mexpo.eu\/de\/wp-json\/wp\/v2\/types\/product"}],"wp:featuredmedia":[{"embeddable":true,"href":"https:\/\/mexpo.eu\/de\/wp-json\/wp\/v2\/media\/49803"}],"wp:attachment":[{"href":"https:\/\/mexpo.eu\/de\/wp-json\/wp\/v2\/media?parent=62374"}],"wp:term":[{"taxonomy":"product_brand","embeddable":true,"href":"https:\/\/mexpo.eu\/de\/wp-json\/wp\/v2\/product_brand?post=62374"},{"taxonomy":"product_cat","embeddable":true,"href":"https:\/\/mexpo.eu\/de\/wp-json\/wp\/v2\/product_cat?post=62374"},{"taxonomy":"product_tag","embeddable":true,"href":"https:\/\/mexpo.eu\/de\/wp-json\/wp\/v2\/product_tag?post=62374"}],"curies":[{"name":"wp","href":"https:\/\/api.w.org\/{rel}","templated":true}]}}