{"id":62353,"date":"2025-02-17T13:21:46","date_gmt":"2025-02-17T13:21:46","guid":{"rendered":"https:\/\/mexpo.pl?post_type=product&#038;p=62353"},"modified":"2025-02-17T14:56:57","modified_gmt":"2025-02-17T14:56:57","slug":"furry-mikrofon-windschutzscheibe-opm-5-st","status":"publish","type":"product","link":"https:\/\/mexpo.eu\/de\/produkt\/furry-mikrofon-windschutzscheibe-opm-5-st\/","title":{"rendered":"Furry mikrofon windschutzscheibe OPM (5 st.)"},"content":{"rendered":"<p>Eine Windschutzscheibe aus Kunstpelz. Bietet zus\u00e4tzlichen Schutz vor Windst\u00f6rungen. Erh\u00e4ltlich in den Gr\u00f6\u00dfen 5 mm und 10 mm.<\/p>\n","protected":false},"excerpt":{"rendered":"<p>Eine Windschutzscheibe aus Kunstpelz. Bietet zus\u00e4tzlichen Schutz vor Windst\u00f6rungen. Erh\u00e4ltlich in den Gr\u00f6\u00dfen 5 mm und 10 mm.<\/p>\n","protected":false},"featured_media":49797,"template":"","meta":{"_acf_changed":false},"product_brand":[],"product_cat":[5262],"product_tag":[],"class_list":{"0":"post-62353","1":"product","2":"type-product","3":"status-publish","4":"has-post-thumbnail","6":"product_cat-sonstiges-zubehor","8":"first","9":"instock","10":"taxable","11":"shipping-taxable","12":"purchasable","13":"product-type-variable"},"acf":[],"_links":{"self":[{"href":"https:\/\/mexpo.eu\/de\/wp-json\/wp\/v2\/product\/62353","targetHints":{"allow":["GET"]}}],"collection":[{"href":"https:\/\/mexpo.eu\/de\/wp-json\/wp\/v2\/product"}],"about":[{"href":"https:\/\/mexpo.eu\/de\/wp-json\/wp\/v2\/types\/product"}],"wp:featuredmedia":[{"embeddable":true,"href":"https:\/\/mexpo.eu\/de\/wp-json\/wp\/v2\/media\/49797"}],"wp:attachment":[{"href":"https:\/\/mexpo.eu\/de\/wp-json\/wp\/v2\/media?parent=62353"}],"wp:term":[{"taxonomy":"product_brand","embeddable":true,"href":"https:\/\/mexpo.eu\/de\/wp-json\/wp\/v2\/product_brand?post=62353"},{"taxonomy":"product_cat","embeddable":true,"href":"https:\/\/mexpo.eu\/de\/wp-json\/wp\/v2\/product_cat?post=62353"},{"taxonomy":"product_tag","embeddable":true,"href":"https:\/\/mexpo.eu\/de\/wp-json\/wp\/v2\/product_tag?post=62353"}],"curies":[{"name":"wp","href":"https:\/\/api.w.org\/{rel}","templated":true}]}}