{"id":62335,"date":"2025-02-17T13:21:27","date_gmt":"2025-02-17T13:21:27","guid":{"rendered":"https:\/\/mexpo.pl?post_type=product&#038;p=62335"},"modified":"2025-02-17T14:56:49","modified_gmt":"2025-02-17T14:56:49","slug":"funkmikrofon-wavetalk-tk-501h","status":"publish","type":"product","link":"https:\/\/mexpo.eu\/de\/produkt\/funkmikrofon-wavetalk-tk-501h\/","title":{"rendered":"Funkmikrofon WaveTalk TK-501H"},"content":{"rendered":"<p>Der TK-501H ist ein drahtloser Handsender. Das drahtlose Mikrofon kann frei von Hand zu Hand weitergegeben werden, um eine Stimme zu geben &#8211; Konferenzen \/ Meetings oder F\u00fchrungen werden interaktiver. Es zeichnet sich durch ein professionelles Erscheinungsbild aus, trotz seiner geringen Gr\u00f6\u00dfe und seines Gewichts, das mit einem kompletten Akku 140 g nicht \u00fcberschreitet!<\/p>\n<p>Anwendung:<br \/>\n&#8211; Reisef\u00fchrer<br \/>\n&#8211; Konferenzen \/ Schulungen und Vortr\u00e4ge<br \/>\n&#8211; Simultan\u00fcbersetzungen<br \/>\n&#8211; Live-Audiodeskription<br \/>\n&#8211; Veranstaltungen \/ Messen<\/p>\n<p>Merkmale des Funkmikrofons TK-501H:<br \/>\n&#8211; 42 Funkkan\u00e4le im kombinierten Band 823 MHz ~ 832 MHz + 863 MHz ~ 865 MHz<br \/>\n&#8211; eingebaute kapazitive Kapsel, die mit einem Maschendraht gesichert ist<br \/>\n&#8211; hintergrundbeleuchtetes LCD-Display<br \/>\n&#8211; automatische Synchronisierung von drahtlosen Empf\u00e4ngern mit dem Mikrofon<br \/>\n&#8211; Betrieb mit AA-Alkalibatterien oder wiederaufladbaren AA-Ni-MH-Akkus (dediziertes Tischladeger\u00e4t HDC-502 erh\u00e4ltlich)<br \/>\n&#8211; 2 Mikrofonmodi verf\u00fcgbar (Push-To-Bolt und Push-To-Talk)<br \/>\n&#8211; extrem leicht und bequem<br \/>\n&#8211; professionelle Gestaltung<\/p>\n","protected":false},"excerpt":{"rendered":"<p>Kompaktes und leichtes Funkmikrofon f\u00fcr Reiseleiter\/ Konferenzen. Es verf\u00fcgt \u00fcber einen hintergrundbeleuchteten LCD-Bildschirm, automatische Synchronisierung mit den drahtlosen Empf\u00e4ngern und eine lange Akkulaufzeit. Kompatibel mit dem Okayo WaveTalk.<\/p>\n","protected":false},"featured_media":59339,"template":"","meta":{"_acf_changed":false},"product_brand":[],"product_cat":[5990],"product_tag":[],"class_list":{"0":"post-62335","1":"product","2":"type-product","3":"status-publish","4":"has-post-thumbnail","6":"product_cat-sender-und-empfaenger","8":"first","9":"instock","10":"taxable","11":"shipping-taxable","12":"purchasable","13":"product-type-simple"},"acf":[],"_links":{"self":[{"href":"https:\/\/mexpo.eu\/de\/wp-json\/wp\/v2\/product\/62335","targetHints":{"allow":["GET"]}}],"collection":[{"href":"https:\/\/mexpo.eu\/de\/wp-json\/wp\/v2\/product"}],"about":[{"href":"https:\/\/mexpo.eu\/de\/wp-json\/wp\/v2\/types\/product"}],"wp:featuredmedia":[{"embeddable":true,"href":"https:\/\/mexpo.eu\/de\/wp-json\/wp\/v2\/media\/59339"}],"wp:attachment":[{"href":"https:\/\/mexpo.eu\/de\/wp-json\/wp\/v2\/media?parent=62335"}],"wp:term":[{"taxonomy":"product_brand","embeddable":true,"href":"https:\/\/mexpo.eu\/de\/wp-json\/wp\/v2\/product_brand?post=62335"},{"taxonomy":"product_cat","embeddable":true,"href":"https:\/\/mexpo.eu\/de\/wp-json\/wp\/v2\/product_cat?post=62335"},{"taxonomy":"product_tag","embeddable":true,"href":"https:\/\/mexpo.eu\/de\/wp-json\/wp\/v2\/product_tag?post=62335"}],"curies":[{"name":"wp","href":"https:\/\/api.w.org\/{rel}","templated":true}]}}