{"id":62321,"date":"2025-02-17T13:21:26","date_gmt":"2025-02-17T13:21:26","guid":{"rendered":"https:\/\/mexpo.pl?post_type=product&#038;p=62321"},"modified":"2025-05-20T12:55:48","modified_gmt":"2025-05-20T12:55:48","slug":"tourguide-set-fur-fremdenfuhrer-und-ubersetzer-okayo-wavetalk-s-1111c","status":"publish","type":"product","link":"https:\/\/mexpo.eu\/de\/produkt\/tourguide-set-fur-fremdenfuhrer-und-ubersetzer-okayo-wavetalk-s-1111c\/","title":{"rendered":"Tourguide-Set f\u00fcr Fremdenf\u00fchrer und \u00dcbersetzer Okayo WaveTalk | S+ (11+1+1)+C"},"content":{"rendered":"<p>Ultraleichtes kleines Tourguide-Set f\u00fcr Fremdenf\u00fchrer oder \u00dcbersetzer. Das Okayo Wavetalk Tourguide-System kann sowohl f\u00fcr touristische F\u00fchrungen als auch f\u00fcr Simultandolmetschen oder Audiobeschreibungen eingesetzt werden.<\/p>\n<p><strong>Das Set enth\u00e4lt:<\/strong><br \/>\n&#8211; 11 Okayo WaveTalk-Empf\u00e4nger<br \/>\n&#8211; 1 Okayo WaveTalk-Sender<br \/>\n&#8211; 1 Okayo TK-501H Sender im Handmikrofon<br \/>\n&#8211; 1 C-12 Ladeger\u00e4t<br \/>\n&#8211; 1 Transporttasche TB-TK-12<br \/>\n&#8211; 1 LM-Mikrofon<br \/>\n&#8211; 11 SH-2-Kopfh\u00f6rer<br \/>\n&#8211; 50 Hygiene-Lanyards<br \/>\n&#8211; 15 Lanyard-Clips<\/p>\n<p><em>Aufmerksamkeit! Die pr\u00e4sentierten Fotos dienen nur zur Veranschaulichung und spiegeln nicht den vollst\u00e4ndigen Inhalt (Menge) des verkauften Sets wider.<\/em><\/p>\n","protected":false},"excerpt":{"rendered":"<p>Ultraleichtes kleines Tourguide-Set f\u00fcr Fremdenf\u00fchrer oder \u00dcbersetzer. Das Okayo Wavetalk Tourguide-System kann sowohl f\u00fcr touristische F\u00fchrungen als auch f\u00fcr Simultandolmetschen oder Audiobeschreibungen eingesetzt werden.<\/p>\n","protected":false},"featured_media":65429,"template":"","meta":{"_acf_changed":false},"product_brand":[],"product_cat":[5201],"product_tag":[],"class_list":{"0":"post-62321","1":"product","2":"type-product","3":"status-publish","4":"has-post-thumbnail","6":"product_cat-tour-guide-sets-tour-guide-systeme","8":"first","9":"instock","10":"taxable","11":"shipping-taxable","12":"purchasable","13":"product-type-simple"},"acf":[],"_links":{"self":[{"href":"https:\/\/mexpo.eu\/de\/wp-json\/wp\/v2\/product\/62321","targetHints":{"allow":["GET"]}}],"collection":[{"href":"https:\/\/mexpo.eu\/de\/wp-json\/wp\/v2\/product"}],"about":[{"href":"https:\/\/mexpo.eu\/de\/wp-json\/wp\/v2\/types\/product"}],"wp:featuredmedia":[{"embeddable":true,"href":"https:\/\/mexpo.eu\/de\/wp-json\/wp\/v2\/media\/65429"}],"wp:attachment":[{"href":"https:\/\/mexpo.eu\/de\/wp-json\/wp\/v2\/media?parent=62321"}],"wp:term":[{"taxonomy":"product_brand","embeddable":true,"href":"https:\/\/mexpo.eu\/de\/wp-json\/wp\/v2\/product_brand?post=62321"},{"taxonomy":"product_cat","embeddable":true,"href":"https:\/\/mexpo.eu\/de\/wp-json\/wp\/v2\/product_cat?post=62321"},{"taxonomy":"product_tag","embeddable":true,"href":"https:\/\/mexpo.eu\/de\/wp-json\/wp\/v2\/product_tag?post=62321"}],"curies":[{"name":"wp","href":"https:\/\/api.w.org\/{rel}","templated":true}]}}