{"id":62314,"date":"2025-02-17T13:21:09","date_gmt":"2025-02-17T13:21:09","guid":{"rendered":"https:\/\/mexpo.pl?post_type=product&#038;p=62314"},"modified":"2025-05-20T13:04:37","modified_gmt":"2025-05-20T13:04:37","slug":"tourguide-set-fur-fremdenfuhrer-und-ubersetzer-okayo-wavetalk-s-102c","status":"publish","type":"product","link":"https:\/\/mexpo.eu\/de\/produkt\/tourguide-set-fur-fremdenfuhrer-und-ubersetzer-okayo-wavetalk-s-102c\/","title":{"rendered":"Tourguide-Set f\u00fcr Fremdenf\u00fchrer und \u00dcbersetzer Okayo WaveTalk | S (10+2)+C"},"content":{"rendered":"<p>Ultraleichtes kleines Tourguide-Set f\u00fcr einen Fremdenf\u00fchrer und eine Reisegruppe von 10 Personen. Das Okayo Wavetalk Tourguide-System kann als drahtloses System f\u00fcr F\u00fchrungen, Audiobeschreibungen oder f\u00fcr Simultandolmetscher eingesetzt werden.<\/p>\n<p>Das Set enth\u00e4lt:<br \/>\n&#8211; 10 Okayo WaveTalk-Empf\u00e4nger<br \/>\n&#8211; 2 Okayo WaveTalk-Sender<br \/>\n&#8211; 1 C12-Ladeger\u00e4t<br \/>\n&#8211; 1 TB-TK-12 Transporttasche<br \/>\n&#8211; 1 LM-Mikrofon<br \/>\n&#8211; 1 HM-55A-Mikrofon<br \/>\n&#8211; 10 SH-2-Kopfh\u00f6rer<br \/>\n&#8211; 50 Hygiene-Lanyards<br \/>\n&#8211; 15 Lanyard-Clips<\/p>\n","protected":false},"excerpt":{"rendered":"<p>Ultraleichtes kleines Tourguide-Set f\u00fcr einen Fremdenf\u00fchrer und eine Reisegruppe von 10 Personen. Das Okayo Wavetalk Tourguide-System kann als drahtloses System f\u00fcr F\u00fchrungen, Audiobeschreibungen oder f\u00fcr Simultandolmetscher eingesetzt werden.<\/p>\n","protected":false},"featured_media":65436,"template":"","meta":{"_acf_changed":false},"product_brand":[],"product_cat":[5201],"product_tag":[],"class_list":{"0":"post-62314","1":"product","2":"type-product","3":"status-publish","4":"has-post-thumbnail","6":"product_cat-tour-guide-sets-tour-guide-systeme","8":"first","9":"instock","10":"taxable","11":"shipping-taxable","12":"purchasable","13":"product-type-simple"},"acf":[],"_links":{"self":[{"href":"https:\/\/mexpo.eu\/de\/wp-json\/wp\/v2\/product\/62314","targetHints":{"allow":["GET"]}}],"collection":[{"href":"https:\/\/mexpo.eu\/de\/wp-json\/wp\/v2\/product"}],"about":[{"href":"https:\/\/mexpo.eu\/de\/wp-json\/wp\/v2\/types\/product"}],"wp:featuredmedia":[{"embeddable":true,"href":"https:\/\/mexpo.eu\/de\/wp-json\/wp\/v2\/media\/65436"}],"wp:attachment":[{"href":"https:\/\/mexpo.eu\/de\/wp-json\/wp\/v2\/media?parent=62314"}],"wp:term":[{"taxonomy":"product_brand","embeddable":true,"href":"https:\/\/mexpo.eu\/de\/wp-json\/wp\/v2\/product_brand?post=62314"},{"taxonomy":"product_cat","embeddable":true,"href":"https:\/\/mexpo.eu\/de\/wp-json\/wp\/v2\/product_cat?post=62314"},{"taxonomy":"product_tag","embeddable":true,"href":"https:\/\/mexpo.eu\/de\/wp-json\/wp\/v2\/product_tag?post=62314"}],"curies":[{"name":"wp","href":"https:\/\/api.w.org\/{rel}","templated":true}]}}