{"id":62307,"date":"2025-02-17T13:21:08","date_gmt":"2025-02-17T13:21:08","guid":{"rendered":"https:\/\/mexpo.pl?post_type=product&#038;p=62307"},"modified":"2025-05-26T08:37:06","modified_gmt":"2025-05-26T08:37:06","slug":"okayo-otg-102-mguide-us-ready-tourguide-set-fur-fremdenfuhrer-s-102c","status":"publish","type":"product","link":"https:\/\/mexpo.eu\/de\/produkt\/okayo-otg-102-mguide-us-ready-tourguide-set-fur-fremdenfuhrer-s-102c\/","title":{"rendered":"Okayo OTG-102 mGuide US Ready Tourguide-Set f\u00fcr Fremdenf\u00fchrer| S+ (10+2)+C"},"content":{"rendered":"<p>Okayo OTG-102 mGuide US Ready Tourguide-Set f\u00fcr kleine Gruppen mit Fremdenf\u00fchrer. Das OTG-102 Tourguide-Set ist ein hochmodernes digitales System f\u00fcr Fremdenf\u00fchrer, das zus\u00e4tzliche Funktionen f\u00fcr das Management einer Reisegruppe bietet.<\/p>\n<p>Das Set enth\u00e4lt:<br \/>\n&#8211; 10 Okayo OTG-102R-Empf\u00e4nger<br \/>\n&#8211; 2 Okayo OTG-102T-Sender<br \/>\n&#8211; 3 Ladeger\u00e4te: 2xC5, 1xC2<br \/>\n&#8211; 2 LM-Mikrofone<br \/>\n&#8211; 10 SH-2-Kopfh\u00f6rer<br \/>\n&#8211; 50 Hygiene-Lanyards<br \/>\n&#8211; 15 Lanyard-Clips TBX-2-Tasche mit Schaumstoffeinsatz<br \/>\n&#8211; 24 wiederaufladbare Batterien AA\/R6<\/p>\n","protected":false},"excerpt":{"rendered":"<p>Okayo OTG-102 mGuide US Ready Tourguide-Set f\u00fcr kleine Gruppen mit Fremdenf\u00fchrer. Das OTG-102 Tourguide-Set ist ein hochmodernes digitales System f\u00fcr Fremdenf\u00fchrer, das zus\u00e4tzliche Funktionen f\u00fcr das Management einer Reisegruppe bietet.<\/p>\n<p><span style=\"color: #ff0000;\">Gr\u00fcne S\u00e4cke sind derzeit nicht verf\u00fcgbar. Wir nehmen vor\u00fcbergehend eine weitere zuf\u00e4llig ausgew\u00e4hlte Taschenfarbe in unser Sortiment auf, die derzeit verf\u00fcgbar ist.<\/span><\/p>\n<p><a href=\"https:\/\/mguide.eu\/wp-content\/uploads\/2024\/08\/DE-Baner.png\"><img loading=\"lazy\" decoding=\"async\" class=\"alignnone size-full wp-image-45225\" src=\"https:\/\/mguide.eu\/wp-content\/uploads\/2024\/08\/DE-Baner.png\" alt=\"\" width=\"630\" height=\"120\" \/><\/a><\/p>\n","protected":false},"featured_media":65443,"template":"","meta":{"_acf_changed":false},"product_brand":[],"product_cat":[5201],"product_tag":[],"class_list":{"0":"post-62307","1":"product","2":"type-product","3":"status-publish","4":"has-post-thumbnail","6":"product_cat-tour-guide-sets-tour-guide-systeme","8":"first","9":"instock","10":"taxable","11":"shipping-taxable","12":"purchasable","13":"product-type-simple"},"acf":[],"_links":{"self":[{"href":"https:\/\/mexpo.eu\/de\/wp-json\/wp\/v2\/product\/62307","targetHints":{"allow":["GET"]}}],"collection":[{"href":"https:\/\/mexpo.eu\/de\/wp-json\/wp\/v2\/product"}],"about":[{"href":"https:\/\/mexpo.eu\/de\/wp-json\/wp\/v2\/types\/product"}],"wp:featuredmedia":[{"embeddable":true,"href":"https:\/\/mexpo.eu\/de\/wp-json\/wp\/v2\/media\/65443"}],"wp:attachment":[{"href":"https:\/\/mexpo.eu\/de\/wp-json\/wp\/v2\/media?parent=62307"}],"wp:term":[{"taxonomy":"product_brand","embeddable":true,"href":"https:\/\/mexpo.eu\/de\/wp-json\/wp\/v2\/product_brand?post=62307"},{"taxonomy":"product_cat","embeddable":true,"href":"https:\/\/mexpo.eu\/de\/wp-json\/wp\/v2\/product_cat?post=62307"},{"taxonomy":"product_tag","embeddable":true,"href":"https:\/\/mexpo.eu\/de\/wp-json\/wp\/v2\/product_tag?post=62307"}],"curies":[{"name":"wp","href":"https:\/\/api.w.org\/{rel}","templated":true}]}}