{"id":62287,"date":"2025-02-17T13:20:48","date_gmt":"2025-02-17T13:20:48","guid":{"rendered":"https:\/\/mexpo.pl?post_type=product&#038;p=62287"},"modified":"2025-02-17T14:56:20","modified_gmt":"2025-02-17T14:56:20","slug":"transportkoffer-ccw-30","status":"publish","type":"product","link":"https:\/\/mexpo.eu\/de\/produkt\/transportkoffer-ccw-30\/","title":{"rendered":"Transportkoffer CCW-30"},"content":{"rendered":"<p>Robuster Kunststoffbeh\u00e4lter mit Schaumstoff f\u00fcr 30 Ger\u00e4te und Zubeh\u00f6r.<\/p>\n","protected":false},"excerpt":{"rendered":"<p>Robuster Kunststoffbeh\u00e4lter mit Schaumstoff f\u00fcr 30 Ger\u00e4te und Zubeh\u00f6r.<\/p>\n","protected":false},"featured_media":49713,"template":"","meta":{"_acf_changed":false},"product_brand":[],"product_cat":[5975,5999],"product_tag":[],"class_list":{"0":"post-62287","1":"product","2":"type-product","3":"status-publish","4":"has-post-thumbnail","6":"product_cat-koffer-und-transportkisten-fuer-gegensprechanlagen","7":"product_cat-taschen-und-transportkoffer-de","9":"first","10":"instock","11":"taxable","12":"shipping-taxable","13":"purchasable","14":"product-type-simple"},"acf":[],"_links":{"self":[{"href":"https:\/\/mexpo.eu\/de\/wp-json\/wp\/v2\/product\/62287","targetHints":{"allow":["GET"]}}],"collection":[{"href":"https:\/\/mexpo.eu\/de\/wp-json\/wp\/v2\/product"}],"about":[{"href":"https:\/\/mexpo.eu\/de\/wp-json\/wp\/v2\/types\/product"}],"wp:featuredmedia":[{"embeddable":true,"href":"https:\/\/mexpo.eu\/de\/wp-json\/wp\/v2\/media\/49713"}],"wp:attachment":[{"href":"https:\/\/mexpo.eu\/de\/wp-json\/wp\/v2\/media?parent=62287"}],"wp:term":[{"taxonomy":"product_brand","embeddable":true,"href":"https:\/\/mexpo.eu\/de\/wp-json\/wp\/v2\/product_brand?post=62287"},{"taxonomy":"product_cat","embeddable":true,"href":"https:\/\/mexpo.eu\/de\/wp-json\/wp\/v2\/product_cat?post=62287"},{"taxonomy":"product_tag","embeddable":true,"href":"https:\/\/mexpo.eu\/de\/wp-json\/wp\/v2\/product_tag?post=62287"}],"curies":[{"name":"wp","href":"https:\/\/api.w.org\/{rel}","templated":true}]}}