{"id":62266,"date":"2025-02-17T13:20:46","date_gmt":"2025-02-17T13:20:46","guid":{"rendered":"https:\/\/mexpo.pl?post_type=product&#038;p=62266"},"modified":"2025-02-17T14:56:16","modified_gmt":"2025-02-17T14:56:16","slug":"axiwi-cr-011-ladegerat","status":"publish","type":"product","link":"https:\/\/mexpo.eu\/de\/produkt\/axiwi-cr-011-ladegerat\/","title":{"rendered":"Axiwi CR-011 Ladeger\u00e4t"},"content":{"rendered":"<p>Die Ladestation f\u00fcr 10 AT-350 wird mit passendem Netzteil und Netzkabel geliefert. Bis zu 10 AXIWI AT-350 Ger\u00e4te passen sicher in das Ladeger\u00e4t, und wenn das Netzkabel angeschlossen ist, k\u00f6nnen Sie den Ladevorgang durch Dr\u00fccken der \u201ePower\u201c-Taste starten.<\/p>\n","protected":false},"excerpt":{"rendered":"<p>Die Ladestation f\u00fcr 10 AT-350 wird mit passendem Netzteil und Netzkabel geliefert. Bis zu 10 AXIWI AT-350 Ger\u00e4te passen sicher in das Ladeger\u00e4t, und wenn das Netzkabel angeschlossen ist, k\u00f6nnen Sie den Ladevorgang durch Dr\u00fccken der \u201ePower\u201c-Taste starten.<\/p>\n","protected":false},"featured_media":49707,"template":"","meta":{"_acf_changed":false},"product_brand":[],"product_cat":[5977],"product_tag":[],"class_list":{"0":"post-62266","1":"product","2":"type-product","3":"status-publish","4":"has-post-thumbnail","6":"product_cat-ladegeraete-fuer-gegensprechanlagen","8":"first","9":"instock","10":"taxable","11":"shipping-taxable","12":"purchasable","13":"product-type-simple"},"acf":[],"_links":{"self":[{"href":"https:\/\/mexpo.eu\/de\/wp-json\/wp\/v2\/product\/62266","targetHints":{"allow":["GET"]}}],"collection":[{"href":"https:\/\/mexpo.eu\/de\/wp-json\/wp\/v2\/product"}],"about":[{"href":"https:\/\/mexpo.eu\/de\/wp-json\/wp\/v2\/types\/product"}],"wp:featuredmedia":[{"embeddable":true,"href":"https:\/\/mexpo.eu\/de\/wp-json\/wp\/v2\/media\/49707"}],"wp:attachment":[{"href":"https:\/\/mexpo.eu\/de\/wp-json\/wp\/v2\/media?parent=62266"}],"wp:term":[{"taxonomy":"product_brand","embeddable":true,"href":"https:\/\/mexpo.eu\/de\/wp-json\/wp\/v2\/product_brand?post=62266"},{"taxonomy":"product_cat","embeddable":true,"href":"https:\/\/mexpo.eu\/de\/wp-json\/wp\/v2\/product_cat?post=62266"},{"taxonomy":"product_tag","embeddable":true,"href":"https:\/\/mexpo.eu\/de\/wp-json\/wp\/v2\/product_tag?post=62266"}],"curies":[{"name":"wp","href":"https:\/\/api.w.org\/{rel}","templated":true}]}}