{"id":62259,"date":"2025-02-17T13:20:29","date_gmt":"2025-02-17T13:20:29","guid":{"rendered":"https:\/\/mexpo.pl?post_type=product&#038;p=62259"},"modified":"2025-02-17T14:56:12","modified_gmt":"2025-02-17T14:56:12","slug":"axiwi-cr-001-ladegerat","status":"publish","type":"product","link":"https:\/\/mexpo.eu\/de\/produkt\/axiwi-cr-001-ladegerat\/","title":{"rendered":"Axiwi CR-001 Ladeger\u00e4t"},"content":{"rendered":"<p>Die Ladestation f\u00fcr 10 AT-320 wird mit einem eigenen Netzteil und Netzkabel geliefert. Sie legen die AXIWI-Ger\u00e4te schnell und einfach in die Station, und wenn das Netzwerkkabel eingesteckt ist, beginnt der Ladevorgang.<\/p>\n","protected":false},"excerpt":{"rendered":"<p>Die Ladestation f\u00fcr 10 AT-320 wird mit einem eigenen Netzteil und Netzkabel geliefert. Sie legen die AXIWI-Ger\u00e4te schnell und einfach in die Station, und wenn das Netzwerkkabel eingesteckt ist, beginnt der Ladevorgang.<\/p>\n","protected":false},"featured_media":49676,"template":"","meta":{"_acf_changed":false},"product_brand":[],"product_cat":[5977],"product_tag":[],"class_list":{"0":"post-62259","1":"product","2":"type-product","3":"status-publish","4":"has-post-thumbnail","6":"product_cat-ladegeraete-fuer-gegensprechanlagen","8":"first","9":"instock","10":"taxable","11":"shipping-taxable","12":"purchasable","13":"product-type-simple"},"acf":[],"_links":{"self":[{"href":"https:\/\/mexpo.eu\/de\/wp-json\/wp\/v2\/product\/62259","targetHints":{"allow":["GET"]}}],"collection":[{"href":"https:\/\/mexpo.eu\/de\/wp-json\/wp\/v2\/product"}],"about":[{"href":"https:\/\/mexpo.eu\/de\/wp-json\/wp\/v2\/types\/product"}],"wp:featuredmedia":[{"embeddable":true,"href":"https:\/\/mexpo.eu\/de\/wp-json\/wp\/v2\/media\/49676"}],"wp:attachment":[{"href":"https:\/\/mexpo.eu\/de\/wp-json\/wp\/v2\/media?parent=62259"}],"wp:term":[{"taxonomy":"product_brand","embeddable":true,"href":"https:\/\/mexpo.eu\/de\/wp-json\/wp\/v2\/product_brand?post=62259"},{"taxonomy":"product_cat","embeddable":true,"href":"https:\/\/mexpo.eu\/de\/wp-json\/wp\/v2\/product_cat?post=62259"},{"taxonomy":"product_tag","embeddable":true,"href":"https:\/\/mexpo.eu\/de\/wp-json\/wp\/v2\/product_tag?post=62259"}],"curies":[{"name":"wp","href":"https:\/\/api.w.org\/{rel}","templated":true}]}}