{"id":62232,"date":"2025-02-17T13:20:06","date_gmt":"2025-02-17T13:20:06","guid":{"rendered":"https:\/\/mexpo.pl?post_type=product&#038;p=62232"},"modified":"2025-02-17T14:56:04","modified_gmt":"2025-02-17T14:56:04","slug":"okayo-c50-ladegerat","status":"publish","type":"product","link":"https:\/\/mexpo.eu\/de\/produkt\/okayo-c50-ladegerat\/","title":{"rendered":"Okayo C50 Ladeger\u00e4t"},"content":{"rendered":"<p>Dediziertes, station\u00e4res Sammelladeger\u00e4t f\u00fcr 50 Ger\u00e4te mit der M\u00f6glichkeit der Montage im RACK-System. Auf dem LCD-Bildschirm k\u00f6nnen Sie die Ger\u00e4tekan\u00e4le im Ladeger\u00e4t ausw\u00e4hlen und synchronisieren. <\/p>\n","protected":false},"excerpt":{"rendered":"<p>Dediziertes, station\u00e4res Sammelladeger\u00e4t f\u00fcr 50 Ger\u00e4te mit der M\u00f6glichkeit der Montage im RACK-System. Auf dem LCD-Bildschirm k\u00f6nnen Sie die Ger\u00e4tekan\u00e4le im Ladeger\u00e4t ausw\u00e4hlen und synchronisieren. <\/p>\n","protected":false},"featured_media":49664,"template":"","meta":{"_acf_changed":false},"product_brand":[],"product_cat":[6000],"product_tag":[],"class_list":{"0":"post-62232","1":"product","2":"type-product","3":"status-publish","4":"has-post-thumbnail","6":"product_cat-ladegeraete","8":"first","9":"onbackorder","10":"taxable","11":"shipping-taxable","12":"purchasable","13":"product-type-simple"},"acf":[],"_links":{"self":[{"href":"https:\/\/mexpo.eu\/de\/wp-json\/wp\/v2\/product\/62232","targetHints":{"allow":["GET"]}}],"collection":[{"href":"https:\/\/mexpo.eu\/de\/wp-json\/wp\/v2\/product"}],"about":[{"href":"https:\/\/mexpo.eu\/de\/wp-json\/wp\/v2\/types\/product"}],"wp:featuredmedia":[{"embeddable":true,"href":"https:\/\/mexpo.eu\/de\/wp-json\/wp\/v2\/media\/49664"}],"wp:attachment":[{"href":"https:\/\/mexpo.eu\/de\/wp-json\/wp\/v2\/media?parent=62232"}],"wp:term":[{"taxonomy":"product_brand","embeddable":true,"href":"https:\/\/mexpo.eu\/de\/wp-json\/wp\/v2\/product_brand?post=62232"},{"taxonomy":"product_cat","embeddable":true,"href":"https:\/\/mexpo.eu\/de\/wp-json\/wp\/v2\/product_cat?post=62232"},{"taxonomy":"product_tag","embeddable":true,"href":"https:\/\/mexpo.eu\/de\/wp-json\/wp\/v2\/product_tag?post=62232"}],"curies":[{"name":"wp","href":"https:\/\/api.w.org\/{rel}","templated":true}]}}